{"id":115329,"date":"2025-08-27T09:10:35","date_gmt":"2025-08-27T09:10:35","guid":{"rendered":"https:\/\/munster-records.com\/?post_type=product&#038;p=115329"},"modified":"2026-01-16T14:49:19","modified_gmt":"2026-01-16T14:49:19","slug":"black-monk-time","status":"publish","type":"product","link":"https:\/\/munster-records.com\/en\/producto\/black-monk-time\/","title":{"rendered":"black monk time"},"content":{"rendered":"<p>\u201cBlack Monk Time\u201d, publicado exclusivamente en Alemania en marzo de 1966, se ha convertido con el tiempo en un fen\u00f3meno de culto, considerado como un precursor crudo y visionario del punk y el krautrock. Aunque fue pr\u00e1cticamente ignorado en su momento, su energ\u00eda abrasiva, sus letras directas y el enfoque experimental le han valido un reconocimiento duradero y un gran respeto por parte de la cr\u00edtica musical.<\/p>\n<p>The Monks eran cinco soldados estadounidenses destinados cerca de Heidelberg, en Alemania Occidental. Empezaron como una banda de beat convencional llamada The 5 Torquays, pero pronto sintieron la necesidad de romper con lo establecido. Un descubrimiento accidental del feedback de guitarra empuj\u00f3 su sonido hacia una direcci\u00f3n m\u00e1s radical, y su encuentro con dos ejecutivos de publicidad alemanes \u2014Walther Niemann y Karl Remy\u2014 les anim\u00f3 a abrazar por completo su esp\u00edritu inconformista.<\/p>\n<p>Vestidos con h\u00e1bitos de monje, coronillas rapadas y corbatas en forma de soga, The Monks desarrollaron un sonido desafiante, dominado por el ritmo. Nada lo ilustra mejor que el tema de apertura del \u00e1lbum, \u2018Monk Time\u2019, que condensa toda su est\u00e9tica en menos de tres minutos. Un groove machac\u00f3n y repetitivo de bajo y bater\u00eda sostiene la canci\u00f3n, adornada con r\u00e1fagas de guitarra distorsionada, banjo el\u00e9ctrico percutivo, estallidos ca\u00f3ticos de \u00f3rgano y una voz desatada y a gritos. Es toda una declaraci\u00f3n de intenciones: urgente, inc\u00f3moda e inolvidable.<\/p>\n<p>Su \u00fanico \u00e1lbum de estudio, producido por Jimmy Bowien y grabado en Colonia a finales de 1965, romp\u00eda con las normas musicales del momento. Desde el arranque explosivo con \u2018Monk Time\u2019 hasta la agresiva \u2018Complication\u2019, \u201cBlack Monk Time\u201d rechazaba el <em><i>flower power<\/i><\/em>\u00a0a favor de la rabia, el humor y la innovaci\u00f3n.<\/p>\n<p>En su d\u00eda, Polydor Records consider\u00f3 que la m\u00fasica era demasiado radical para el p\u00fablico estadounidense, lo que evit\u00f3 su publicaci\u00f3n en Estados Unidos. A pesar de su fracaso comercial inicial, hoy el \u00e1lbum se considera un momento clave en la historia del rock: ruidoso, extra\u00f1o y adelantado a su tiempo.<\/p>\n<p>La banda no logr\u00f3 encender la revoluci\u00f3n que suger\u00eda, pero d\u00e9cadas despu\u00e9s, \u201cBlack Monk Time\u201d sigue resonando con fuerza. Esta es tu oportunidad de descubrir un \u00e1lbum que se atrevi\u00f3 a ser distinto.<\/p>\n<p>Sonido remasterizado a partir de las cintas originales, prensado en vinilo de 180 gramos.<\/p>\n","protected":false},"excerpt":{"rendered":"<p><strong><b>Publicado exclusivamente en Alemania en marzo de 1966, \u201cBlack Monk Time\u201d se ha convertido con el tiempo en un fen\u00f3meno de culto, considerado como un precursor crudo y visionario del punk y el krautrock.<\/b><\/strong><\/p>\n<p><strong><b>Desde el explosivo tema de apertura \u2018Monk Time\u2019 hasta la contundente \u2018Complication\u2019, \u201cBlack Monk Time\u201d rechazaba el esp\u00edritu del <\/b><\/strong><strong><em><b><i>flower power<\/i><\/b><\/em><\/strong><strong><b>\u00a0a favor de la rabia, el humor y la innovaci\u00f3n, desarrollando un sonido desafiante y cargado de ritmo.<\/b><\/strong><\/p>\n<p><strong><b>Sonido remasterizado a partir de las cintas originales, prensado en vinilo de 180 gramos.<\/b><\/strong><\/p>\n<p>AUDIO:\u00a0 https:\/\/www.youtube.com\/watch?v=-l2D0QfJSt8<\/p>\n","protected":false},"featured_media":115330,"template":"","meta":{"_acf_changed":false},"product_brand":[],"product_cat":[62,842,167],"product_tag":[],"class_list":{"0":"post-115329","1":"product","2":"type-product","3":"status-publish","4":"has-post-thumbnail","6":"product_cat-60s-en","7":"product_cat-argentina-en","8":"product_cat-garage-en","9":"product_shipping_class-lp-en-3","10":"pa_formato-lp-en","12":"first","13":"instock","14":"taxable","15":"shipping-taxable","16":"purchasable","17":"product-type-simple"},"acf":[],"_links":{"self":[{"href":"https:\/\/munster-records.com\/en\/wp-json\/wp\/v2\/product\/115329","targetHints":{"allow":["GET"]}}],"collection":[{"href":"https:\/\/munster-records.com\/en\/wp-json\/wp\/v2\/product"}],"about":[{"href":"https:\/\/munster-records.com\/en\/wp-json\/wp\/v2\/types\/product"}],"wp:featuredmedia":[{"embeddable":true,"href":"https:\/\/munster-records.com\/en\/wp-json\/wp\/v2\/media\/115330"}],"wp:attachment":[{"href":"https:\/\/munster-records.com\/en\/wp-json\/wp\/v2\/media?parent=115329"}],"wp:term":[{"taxonomy":"product_brand","embeddable":true,"href":"https:\/\/munster-records.com\/en\/wp-json\/wp\/v2\/product_brand?post=115329"},{"taxonomy":"product_cat","embeddable":true,"href":"https:\/\/munster-records.com\/en\/wp-json\/wp\/v2\/product_cat?post=115329"},{"taxonomy":"product_tag","embeddable":true,"href":"https:\/\/munster-records.com\/en\/wp-json\/wp\/v2\/product_tag?post=115329"}],"curies":[{"name":"wp","href":"https:\/\/api.w.org\/{rel}","templated":true}]}}