{"id":115364,"date":"2025-09-09T10:24:16","date_gmt":"2025-09-09T10:24:16","guid":{"rendered":"https:\/\/munster-records.com\/?post_type=product&#038;p=115364"},"modified":"2025-10-14T10:56:28","modified_gmt":"2025-10-14T10:56:28","slug":"copa-raya-paliza-es-un-buen-dia","status":"publish","type":"product","link":"https:\/\/munster-records.com\/en\/producto\/copa-raya-paliza-es-un-buen-dia\/","title":{"rendered":"COPA, RAYA, PALIZA \/ ES UN BUEN D\u00cdA"},"content":{"rendered":"<p>La banda Wau y Los Arrrghs!!! est\u00e1 formada por cinco hooligans del punk rock, muy aut\u00e9nticos y aficionados al desbarre, como autodeclarados hijos del tecno (valenciano) que son \u2014liderados por uno de los <em><i>frontmen<\/i><\/em>\u00a0m\u00e1s salvajes de la escena, Juanito Wau.<\/p>\n<p>S\u00ed, aqu\u00ed hay garage, por supuesto \u2014pero tambi\u00e9n hay punk, rock &#8216;n&#8217; roll, pop e incluso un toque de surf.<\/p>\n<p>Esta edici\u00f3n conjunta con Slovenly Records recupera dos himnos imprescindibles de los indiscutibles reyes del garage punk espa\u00f1ol. Producidos por Jorge Explosion hace m\u00e1s de una d\u00e9cada, \u201cCopa, raya, paliza\u201d y \u201cEs un buen d\u00eda\u201d son garant\u00eda de fiesta y no pueden faltar en la maleta de ning\u00fan DJ garagero que se precie.<\/p>\n<p>Edici\u00f3n en vinilo rosa ne\u00f3n.<\/p>\n","protected":false},"excerpt":{"rendered":"<p><strong><b>La banda Wau y Los Arrrghs!!! est\u00e1 formada por cinco hooligans del punk rock, muy aut\u00e9nticos y aficionados al desbarre, como autodeclarados hijos del tecno (valenciano) que son \u2014liderados por uno de los frontmen m\u00e1s salvajes de la escena, Juanito Wau.<\/b><\/strong><\/p>\n<p><strong><b>Este single<\/b><\/strong>\u00a0<strong><b>recupera dos himnos imprescindibles de los indiscutibles reyes del garage punk espa\u00f1ol. Producidos por Jorge Explosion hace m\u00e1s de una d\u00e9cada, \u201cCopa, raya, paliza\u201d y \u201cEs un buen d\u00eda\u201d son garant\u00eda de fiesta y no pueden faltar en la maleta de ning\u00fan DJ garagero que se precie.<\/b><\/strong><\/p>\n<p><strong><b>Edici\u00f3n en vinilo rosa ne\u00f3n.<\/b><\/strong><\/p>\n","protected":false},"featured_media":115365,"template":"","meta":{"_acf_changed":false},"product_brand":[],"product_cat":[93],"product_tag":[],"class_list":{"0":"post-115364","1":"product","2":"type-product","3":"status-publish","4":"has-post-thumbnail","6":"product_cat-garage","7":"product_shipping_class-cd","8":"pa_formato-7-color","10":"first","11":"outofstock","12":"taxable","13":"shipping-taxable","14":"purchasable","15":"product-type-simple"},"acf":[],"_links":{"self":[{"href":"https:\/\/munster-records.com\/en\/wp-json\/wp\/v2\/product\/115364","targetHints":{"allow":["GET"]}}],"collection":[{"href":"https:\/\/munster-records.com\/en\/wp-json\/wp\/v2\/product"}],"about":[{"href":"https:\/\/munster-records.com\/en\/wp-json\/wp\/v2\/types\/product"}],"wp:featuredmedia":[{"embeddable":true,"href":"https:\/\/munster-records.com\/en\/wp-json\/wp\/v2\/media\/115365"}],"wp:attachment":[{"href":"https:\/\/munster-records.com\/en\/wp-json\/wp\/v2\/media?parent=115364"}],"wp:term":[{"taxonomy":"product_brand","embeddable":true,"href":"https:\/\/munster-records.com\/en\/wp-json\/wp\/v2\/product_brand?post=115364"},{"taxonomy":"product_cat","embeddable":true,"href":"https:\/\/munster-records.com\/en\/wp-json\/wp\/v2\/product_cat?post=115364"},{"taxonomy":"product_tag","embeddable":true,"href":"https:\/\/munster-records.com\/en\/wp-json\/wp\/v2\/product_tag?post=115364"}],"curies":[{"name":"wp","href":"https:\/\/api.w.org\/{rel}","templated":true}]}}