{"id":115401,"date":"2025-09-16T08:53:02","date_gmt":"2025-09-16T08:53:02","guid":{"rendered":"https:\/\/munster-records.com\/?post_type=product&#038;p=115401"},"modified":"2025-10-20T12:02:58","modified_gmt":"2025-10-20T12:02:58","slug":"punk-salvador-costas-april-77-photographs","status":"publish","type":"product","link":"https:\/\/munster-records.com\/en\/producto\/punk-salvador-costas-april-77-photographs\/","title":{"rendered":"PUNK \u2014 SALVADOR COSTA\u2019S APRIL 77 PHOTOGRAPHS"},"content":{"rendered":"<p>Las fotos en blanco y negro de Salvador Costa muestran su convencimiento de que el monocromo era la mejor manera de retratar el esp\u00edritu punk, as\u00ed como la atm\u00f3sfera de cerveza, m\u00fasica y sexo en los clubes de Londres de abril de 1977. Justo en su momento clave.<\/p>\n<p>Este libro contiene una visi\u00f3n <em><i>insider<\/i><\/em>\u00a0que retrata la ciudad de Londres y el ambiente inclusivo de estos locales; fotografiando de cerca y con una naturalidad que muestra que no hab\u00eda barreras entre los m\u00fasicos y el p\u00fablico.<\/p>\n<p>Entre el p\u00fablico, los j\u00f3venes, el humo y las sombras, se pueden identificar los rostros de los Sex Pistols, Chelsea, The Nips, The Slits, Eater y muchos m\u00e1s, encapsulados en el espacio-tiempo de una edad dorada de empoderamiento juvenil donde todo era posible y nada era imposible.<\/p>\n<p>El libro se public\u00f3 originalmente en Espa\u00f1a a finales de 1977 por Star Magazine. Fue uno de los primeros libros que se editaron sobre el movimiento punk en Europa. Sus im\u00e1genes se asemejaban a las de un corresponsal de guerra; era como un fotoperiodista en las trincheras improvisadas de los primeros d\u00edas del asalto punk en Londres. Apenas dos meses despu\u00e9s de que \u201cNever Mind The Bollocks\u201d encabezara instant\u00e1neamente las listas, Salvador Costa capt\u00f3 el surgimiento del fen\u00f3meno punk. En las im\u00e1genes que tom\u00f3 durante su oportuno viaje a Londres, vemos retratos rock que capturan tanto a artistas principales como secundarios \u2014\u00a1Johnny Rotten vestido como un teddy boy!\u2014, as\u00ed como al amplio elenco de individuos an\u00f3nimos. Rostros, actitudes y miradas que nos cuentan tanto sobre la \u00e9poca que vivieron como cualquier canci\u00f3n o libro.<\/p>\n<p>\u201cPunk\u201d alcanz\u00f3 una proyecci\u00f3n internacional significativa, agot\u00e1ndose continuamente en librer\u00edas del centro de Londres tan prestigiosas como la Photographers Gallery y la vanguardista Compendium Books. En Espa\u00f1a tambi\u00e9n se agot\u00f3, adquiriendo un estatus pseudo-m\u00edtico al descatalogarse. El libro form\u00f3 parte de la exposici\u00f3n \u201cfotos &amp; libros. Espa\u00f1a 1905-1977\u201d en el Museo Reina Sof\u00eda de Madrid en 2014, y algunas copias originales de fotos de la serie \u201cPunk\u201d fueron adquiridas por el museo, despertando un renovado inter\u00e9s por la obra de Salvador Costa.<\/p>\n<p>Casi medio siglo despu\u00e9s, el libro vuelve a estar disponible. Esta edici\u00f3n actualizada incluye fotos in\u00e9ditas de los propios archivos de Costa, preservadas por su esposa e hijo tras su fallecimiento el 30 de octubre de 2008, as\u00ed como textos breves y comentarios de miembros de Gen X, Eater, The Models\u2026<\/p>\n","protected":false},"excerpt":{"rendered":"<p><strong><b>Punk fue uno de los primeros fotolibros que se publicaron sobre el movimiento punk, no solo en Espa\u00f1a sino en Europa.<\/b><\/strong><\/p>\n<p><strong><b>Publicado originalmente a finales de 1977, el libro alcanz\u00f3 una proyecci\u00f3n internacional significativa, adquiriendo un estatus pseudo-m\u00edtico al descatalogarse.<\/b><\/strong><\/p>\n<p><strong><b>Casi medio siglo despu\u00e9s, el libro vuelve a estar disponible. Esta edici\u00f3n actualizada incluye fotos in\u00e9ditas de los archivos de Costa, preservadas por su esposa e hijo tras su fallecimiento el 30 de octubre de 2008, as\u00ed como textos breves y comentarios de miembros de Gen X, Eater, The Models\u2026<\/b><\/strong><\/p>\n<p><strong><b>Formato: <\/b><\/strong><\/p>\n<p><strong><b>Libro con encuadernaci\u00f3n r\u00fastica<\/b><\/strong><strong><b><br \/>\n<\/b><\/strong><strong><b>120 p\u00e1ginas + cubiertas<\/b><\/strong><strong><b><br \/>\n<\/b><\/strong><strong><b>Impreso en papel estucado mate de 150g (blanco y negro + rosa fl\u00faor)<\/b><\/strong><\/p>\n<p>&nbsp;<\/p>\n<p>&nbsp;<\/p>\n<p>&nbsp;<\/p>\n","protected":false},"featured_media":115404,"template":"","meta":{"_acf_changed":false},"product_brand":[],"product_cat":[118],"product_tag":[],"class_list":{"0":"post-115401","1":"product","2":"type-product","3":"status-publish","4":"has-post-thumbnail","6":"product_cat-punk-77","7":"product_shipping_class-lp-doble","8":"pa_formato-libro","10":"first","11":"instock","12":"taxable","13":"shipping-taxable","14":"purchasable","15":"product-type-simple"},"acf":[],"_links":{"self":[{"href":"https:\/\/munster-records.com\/en\/wp-json\/wp\/v2\/product\/115401","targetHints":{"allow":["GET"]}}],"collection":[{"href":"https:\/\/munster-records.com\/en\/wp-json\/wp\/v2\/product"}],"about":[{"href":"https:\/\/munster-records.com\/en\/wp-json\/wp\/v2\/types\/product"}],"wp:featuredmedia":[{"embeddable":true,"href":"https:\/\/munster-records.com\/en\/wp-json\/wp\/v2\/media\/115404"}],"wp:attachment":[{"href":"https:\/\/munster-records.com\/en\/wp-json\/wp\/v2\/media?parent=115401"}],"wp:term":[{"taxonomy":"product_brand","embeddable":true,"href":"https:\/\/munster-records.com\/en\/wp-json\/wp\/v2\/product_brand?post=115401"},{"taxonomy":"product_cat","embeddable":true,"href":"https:\/\/munster-records.com\/en\/wp-json\/wp\/v2\/product_cat?post=115401"},{"taxonomy":"product_tag","embeddable":true,"href":"https:\/\/munster-records.com\/en\/wp-json\/wp\/v2\/product_tag?post=115401"}],"curies":[{"name":"wp","href":"https:\/\/api.w.org\/{rel}","templated":true}]}}