{"id":115419,"date":"2025-09-16T13:18:40","date_gmt":"2025-09-16T13:18:40","guid":{"rendered":"https:\/\/munster-records.com\/?post_type=product&#038;p=115419"},"modified":"2026-03-23T08:30:46","modified_gmt":"2026-03-23T08:30:46","slug":"a-gira","status":"publish","type":"product","link":"https:\/\/munster-records.com\/en\/producto\/a-gira\/","title":{"rendered":"A GIRA"},"content":{"rendered":"<p>Durante mucho tiempo ha sido uno de los singles favoritos entre los coleccionistas de m\u00fasica brasile\u00f1a. \u2018A Gira\u2019, de Trio Ternura, combina ritmos de tempo medio con funk y soul percusivo de una forma que resulta atemporal. Publicado originalmente en 1973, el tema fue compuesto por el padre y el t\u00edo del grupo como un sentido homenaje a una deidad del Candombl\u00e9, celebrando la naturaleza y la espiritualidad.<\/p>\n<p>Trio Ternura fue un aut\u00e9ntico proyecto familiar, formado por tres hermanos con profundas ra\u00edces musicales. Seg\u00fan ellos, \u2018A Gira\u2019 re\u00fane \u201cel baile, la expresi\u00f3n, la letra y la relajaci\u00f3n musical: algo muy brasile\u00f1o\u201d.<\/p>\n<p>En la cara B encontramos la interpretaci\u00f3n cargada de soul que el tr\u00edo hace del cl\u00e1sico \u2018Last Tango in Paris\u2019 de Gato Barbieri, aportando un toque cinematogr\u00e1fico suave a este disco.<\/p>\n<p>Tras d\u00e9cadas escapando del alcance de la mayor\u00eda de coleccionistas a un precio razonable \u2014incluso la reedici\u00f3n de hace unos a\u00f1os se ha estado vendiendo a precios elevados\u2014, nos alegra poder ofrecer de nuevo este incre\u00edble single, cortado a 45 RPM y remasterizado a partir de las cintas originales.<\/p>\n","protected":false},"excerpt":{"rendered":"<p><strong><b>\u00a1Uno de los singles favoritos entre los coleccionistas de m\u00fasica brasile\u00f1a!<\/b><\/strong><strong><b><br \/>\n<\/b><\/strong><b><\/b><\/p>\n<p><strong><b>\u2018A Gira\u2019, del Trio Ternura, publicado originalmente en 1973, combina ritmos de tempo medio con funk y soul percusivo de una forma que resulta atemporal.<\/b><\/strong><\/p>\n<p><strong><b>Nos alegra poder ofrecer de nuevo este incre\u00edble single, cortado a 45 RPM y remasterizado a partir de las cintas originales.<\/b><\/strong><\/p>\n","protected":false},"featured_media":115420,"template":"","meta":{"_acf_changed":false},"product_brand":[],"product_cat":[50],"product_tag":[],"class_list":{"0":"post-115419","1":"product","2":"type-product","3":"status-publish","4":"has-post-thumbnail","6":"product_cat-brasil","7":"pa_formato-7-2","9":"first","10":"outofstock","11":"taxable","12":"shipping-taxable","13":"purchasable","14":"product-type-simple"},"acf":[],"_links":{"self":[{"href":"https:\/\/munster-records.com\/en\/wp-json\/wp\/v2\/product\/115419","targetHints":{"allow":["GET"]}}],"collection":[{"href":"https:\/\/munster-records.com\/en\/wp-json\/wp\/v2\/product"}],"about":[{"href":"https:\/\/munster-records.com\/en\/wp-json\/wp\/v2\/types\/product"}],"wp:featuredmedia":[{"embeddable":true,"href":"https:\/\/munster-records.com\/en\/wp-json\/wp\/v2\/media\/115420"}],"wp:attachment":[{"href":"https:\/\/munster-records.com\/en\/wp-json\/wp\/v2\/media?parent=115419"}],"wp:term":[{"taxonomy":"product_brand","embeddable":true,"href":"https:\/\/munster-records.com\/en\/wp-json\/wp\/v2\/product_brand?post=115419"},{"taxonomy":"product_cat","embeddable":true,"href":"https:\/\/munster-records.com\/en\/wp-json\/wp\/v2\/product_cat?post=115419"},{"taxonomy":"product_tag","embeddable":true,"href":"https:\/\/munster-records.com\/en\/wp-json\/wp\/v2\/product_tag?post=115419"}],"curies":[{"name":"wp","href":"https:\/\/api.w.org\/{rel}","templated":true}]}}