{"id":115516,"date":"2025-09-24T11:44:44","date_gmt":"2025-09-24T11:44:44","guid":{"rendered":"https:\/\/munster-records.com\/?post_type=product&#038;p=115516"},"modified":"2025-09-24T11:50:47","modified_gmt":"2025-09-24T11:50:47","slug":"tiahuanaco","status":"publish","type":"product","link":"https:\/\/munster-records.com\/en\/producto\/tiahuanaco\/","title":{"rendered":"Tiahuanaco"},"content":{"rendered":"<p>Alfredo \u201cEl Inca\u201d Linares es uno de los m\u00fasicos m\u00e1s talentosos y queridos de la historia de la salsa. Su forma de tocar el piano cautiva a los fans por ese sabor cubano aut\u00e9ntico y su swing, combinados con arreglos modernos y un fraseo contundente e inconfundible que recuerda al gran Eddie Palmieri. Como compositor, arreglista y director de orquesta, Linares goza de un enorme respeto en el mundo de la salsa.<\/p>\n<p>Desde los a\u00f1os 60 en Lima, Per\u00fa \u2014cuando comenz\u00f3 su carrera\u2014, sus discos siempre han estado a la altura: potentes, precisos y duros como pocos. Lo que los salseros llaman <em>salsa brava con afinque<\/em>. Su himno de 1973, \u2018Tiahuanaco\u2019, est\u00e1 considerado como uno de sus temas m\u00e1s potentes y celebrados, y lleg\u00f3 a editarse en varios pa\u00edses en su momento.<\/p>\n<p>Fruko (Julio Ernesto Estrada Rinc\u00f3n), el <em>hombre renacentista<\/em> de la m\u00fasica tropical colombiana, incluy\u00f3 una versi\u00f3n del tema en la edici\u00f3n original estadounidense de su aclamado LP \u201cA la Memoria del Muerto\u201d (rebautizado como \u201cLa Fruta Bomba\u201d para el mercado estadounidense\u2026). A pesar de su claro potencial para la pista de baile, esta grabaci\u00f3n nunca hab\u00eda estado disponible en un 45 para DJs\u2026 \u00a1hasta ahora!<\/p>\n<p>Aqu\u00ed tienes dos temazos listos para romper la pista, en un 45 pensado para incendiar el suelo bajo los pies de los salseros m\u00e1s exigentes.<\/p>\n","protected":false},"excerpt":{"rendered":"<p><strong>El pianista peruano Alfredo Linares es uno de los m\u00fasicos m\u00e1s talentosos y queridos de la historia de la salsa. Su himno de 1973, \u2018Tiahuanaco\u2019, est\u00e1 considerado como uno de los temas m\u00e1s potentes de su repertorio.<\/strong><\/p>\n<p><strong>La leyenda de la salsa colombiana Fruko tambi\u00e9n grab\u00f3 una versi\u00f3n de la canci\u00f3n<\/strong> <strong>pero a pesar de su claro potencial para la pista de baile, esta grabaci\u00f3n nunca hab\u00eda estado disponible en un 45 para DJs\u2026 \u00a1hasta ahora!<\/strong><\/p>\n<p><strong>Aqu\u00ed tienes dos temazos listos para romper la pista, en un 45 pensado para incendiar el suelo bajo los pies de los salseros m\u00e1s exigentes.<\/strong><\/p>\n","protected":false},"featured_media":115517,"template":"","meta":{"_acf_changed":false},"product_brand":[],"product_cat":[206],"product_tag":[],"class_list":{"0":"post-115516","1":"product","2":"type-product","3":"status-publish","4":"has-post-thumbnail","6":"product_cat-salsa-en","7":"product_shipping_class-cd-en","8":"pa_formato-7-en-2","10":"first","11":"instock","12":"taxable","13":"shipping-taxable","14":"purchasable","15":"product-type-simple"},"acf":[],"_links":{"self":[{"href":"https:\/\/munster-records.com\/en\/wp-json\/wp\/v2\/product\/115516","targetHints":{"allow":["GET"]}}],"collection":[{"href":"https:\/\/munster-records.com\/en\/wp-json\/wp\/v2\/product"}],"about":[{"href":"https:\/\/munster-records.com\/en\/wp-json\/wp\/v2\/types\/product"}],"wp:featuredmedia":[{"embeddable":true,"href":"https:\/\/munster-records.com\/en\/wp-json\/wp\/v2\/media\/115517"}],"wp:attachment":[{"href":"https:\/\/munster-records.com\/en\/wp-json\/wp\/v2\/media?parent=115516"}],"wp:term":[{"taxonomy":"product_brand","embeddable":true,"href":"https:\/\/munster-records.com\/en\/wp-json\/wp\/v2\/product_brand?post=115516"},{"taxonomy":"product_cat","embeddable":true,"href":"https:\/\/munster-records.com\/en\/wp-json\/wp\/v2\/product_cat?post=115516"},{"taxonomy":"product_tag","embeddable":true,"href":"https:\/\/munster-records.com\/en\/wp-json\/wp\/v2\/product_tag?post=115516"}],"curies":[{"name":"wp","href":"https:\/\/api.w.org\/{rel}","templated":true}]}}