{"id":115533,"date":"2025-09-24T13:29:28","date_gmt":"2025-09-24T13:29:28","guid":{"rendered":"https:\/\/munster-records.com\/?post_type=product&#038;p=115533"},"modified":"2025-09-26T10:46:37","modified_gmt":"2025-09-26T10:46:37","slug":"hasabe-my-worries","status":"publish","type":"product","link":"https:\/\/munster-records.com\/en\/producto\/hasabe-my-worries\/","title":{"rendered":"HASABE \u2013 MY WORRIES"},"content":{"rendered":"<p>Para muchos, la m\u00fasica creada en la Etiop\u00eda de los a\u00f1os 70 puede sonar a la vez familiar y extra\u00f1a: aunque muchos de sus elementos resulten f\u00e1cilmente reconocibles para o\u00eddos occidentales \u2014bater\u00edas tipo trap, secciones de metales al estilo de las big bands de jazz, guitarras pasadas por pedales wah wah y fuzz\u2014, el estilo et\u00edope de cantar y las escalas en las que se mueven los m\u00fasicos pueden descolocar. Tal vez quienes ya se hayan adentrado en el Ethio-jazz instrumental de Mulatu Astatke \u2014uno de los grandes embajadores musicales de Etiop\u00eda, aunque relativamente desconocido en su propio pa\u00eds\u2014 encuentren aqu\u00ed un punto de referencia para disfrutar esta excelente recopilaci\u00f3n de m\u00fasica et\u00edope de los a\u00f1os 70 de Ayalew Mesfin.<\/p>\n<p>La m\u00fasica que Mesfin cre\u00f3 junto a su Black Lion Band est\u00e1 entre lo m\u00e1s funky que surgi\u00f3 en Addis Abeba. Su carrera discogr\u00e1fica, documentada en casi una veintena de singles de 7\u201d y numerosas bobinas, refleja la riqueza de la d\u00e9cada m\u00e1s f\u00e9rtil de la industria musical et\u00edope del siglo XX. Una \u00e9poca en la que se prensaban discos sin parar, tanto desde sellos independientes como desde grandes compa\u00f1\u00edas, aunque la distribuci\u00f3n sol\u00eda limitarse a las fronteras de esta naci\u00f3n del \u00c1frica Oriental, orgullosamente indomable. En 1974, con la llegada al poder del r\u00e9gimen del Derg, Ayalew fue silenciado y obligado a operar en la clandestinidad.<\/p>\n<p>Hasta hace poco, solo cuatro temas de Ayalew Mesfin hab\u00edan sido reeditados, dentro de la conocida serie \u201c\u00c9thiopiques\u201d. \u201cHasabe\u201d, una cuidada selecci\u00f3n de sus singles, supone la primera publicaci\u00f3n integral de este poderoso y largamente ignorado repertorio, obra de un artista cuya originalidad y esp\u00edritu de resistencia ayudaron a definir un g\u00e9nero: el Ethio-groove.<\/p>\n<p>M\u00e1s de cuarenta a\u00f1os despu\u00e9s, este \u00e1lbum nos brinda la rara oportunidad de redescubrir un cap\u00edtulo esencial y bell\u00edsimo de la historia de la m\u00fasica a nivel mundial. Ahora reeditamos \u201cHasabe\u201d una vez m\u00e1s gracias a nuestra colaboraci\u00f3n con Now Again. Prensado en vinilo de 180 gramos.<\/p>\n","protected":false},"excerpt":{"rendered":"<p>****AUDIO****:\u00a0<a href=\"https:\/\/www.youtube.com\/watch?v=ONW2ydjwjQo\" rel=\"nofollow ugc\">www.youtube.com\/watch?v=ONW2ydjwjQo<\/a><\/p>\n<p><strong>\u201cHasabe\u201d es una cuidada recopilaci\u00f3n de grabaciones de Ethio-groove de uno de los grandes pioneros olvidados de la vibrante escena musical del Addis Abeba de los a\u00f1os 70: Ayalew Mesfin y su Black Lion Band.<\/strong><\/p>\n<p><strong>Esperad bater\u00edas tipo trap, secciones de viento al estilo big band de jazz, guitarras funk pasadas por wah wah y fuzz\u2026 todo ello aderezado con ese inconfundible toque et\u00edope.<\/strong><\/p>\n<p><strong>Reeditado una vez m\u00e1s gracias a nuestra colaboraci\u00f3n con Now Again. <\/strong><strong>Prensado en vinilo de 180 gramos.<\/strong><\/p>\n","protected":false},"featured_media":115534,"template":"","meta":{"_acf_changed":false},"product_brand":[],"product_cat":[130],"product_tag":[],"class_list":{"0":"post-115533","1":"product","2":"type-product","3":"status-publish","4":"has-post-thumbnail","6":"product_cat-funk","7":"product_shipping_class-lp-2","8":"pa_formato-lp","10":"first","11":"instock","12":"taxable","13":"shipping-taxable","14":"purchasable","15":"product-type-simple"},"acf":[],"_links":{"self":[{"href":"https:\/\/munster-records.com\/en\/wp-json\/wp\/v2\/product\/115533","targetHints":{"allow":["GET"]}}],"collection":[{"href":"https:\/\/munster-records.com\/en\/wp-json\/wp\/v2\/product"}],"about":[{"href":"https:\/\/munster-records.com\/en\/wp-json\/wp\/v2\/types\/product"}],"wp:featuredmedia":[{"embeddable":true,"href":"https:\/\/munster-records.com\/en\/wp-json\/wp\/v2\/media\/115534"}],"wp:attachment":[{"href":"https:\/\/munster-records.com\/en\/wp-json\/wp\/v2\/media?parent=115533"}],"wp:term":[{"taxonomy":"product_brand","embeddable":true,"href":"https:\/\/munster-records.com\/en\/wp-json\/wp\/v2\/product_brand?post=115533"},{"taxonomy":"product_cat","embeddable":true,"href":"https:\/\/munster-records.com\/en\/wp-json\/wp\/v2\/product_cat?post=115533"},{"taxonomy":"product_tag","embeddable":true,"href":"https:\/\/munster-records.com\/en\/wp-json\/wp\/v2\/product_tag?post=115533"}],"curies":[{"name":"wp","href":"https:\/\/api.w.org\/{rel}","templated":true}]}}