{"id":115539,"date":"2025-09-25T08:33:49","date_gmt":"2025-09-25T08:33:49","guid":{"rendered":"https:\/\/munster-records.com\/?post_type=product&#038;p=115539"},"modified":"2025-09-25T08:56:20","modified_gmt":"2025-09-25T08:56:20","slug":"viven-2","status":"publish","type":"product","link":"https:\/\/munster-records.com\/en\/producto\/viven-2\/","title":{"rendered":"\u00a1\u00a1\u00a1VIVEN!!!"},"content":{"rendered":"<p>La banda Wau y Los Arrrghs!!! est\u00e1 formada por cinco hooligans del punk rock, muy aut\u00e9nticos y aficionados al desbarre, como autodeclarados hijos del tecno (valenciano) que son \u2014liderados por uno de los frontmen m\u00e1s salvajes de la escena, Juanito Wau. S\u00ed, aqu\u00ed hay garage, por supuesto \u2014pero tambi\u00e9n hay punk, rock &#8216;n&#8217; roll, pop e incluso un toque de surf.<\/p>\n<p>Despu\u00e9s de muchos a\u00f1os descatalogado, estamos felices de reeditar su Segundo \u00e1lbum \u201c\u00a1\u00a1\u00a1Viven!!!\u201d (2009) con nueva gr\u00e1fica a cargo del artista Mik Baro. Incluye sus cl\u00e1sicos propios \u2019Copa, raya, paliza\u2019 y \u2018Viva Link Wray!!!\u2019 as\u00ed como un pu\u00f1ado de versiones de artistas como Los Mockers, The Lyrics, The Troyes, The Hatfields, Jonah &amp; The Whales\u2026<\/p>\n<p>El disco est\u00e1 producido por Jorge Explosion (Dr. Explosion) y Mike Mariconda (Raunch Hands, Devil Dogs), y fue grabado en los conocidos Circo Perrotti Studios de Gij\u00f3n.<\/p>\n<p>\u00a1Demos la bienvenida nuevamente a los indiscutibles reyes del garage punk!<\/p>\n","protected":false},"excerpt":{"rendered":"<p><strong>La banda Wau y Los Arrrghs!!! est\u00e1 formada por cinco hooligans del punk rock, muy aut\u00e9nticos y aficionados al desbarre, como autodeclarados hijos del tecno (valenciano) que son \u2014liderados por uno de los frontmen m\u00e1s salvajes de la escena, Juanito Wau.<\/strong><\/p>\n<p><strong>Despu\u00e9s de muchos a\u00f1os descatalogado, estamos felices de reeditar su Segundo \u00e1lbum \u201c\u00a1\u00a1\u00a1Viven!!!\u201d (2009) con nueva gr\u00e1fica a cargo del artista Mik Baro.<\/strong> <strong>Incluye sus cl\u00e1sicos propios \u2019Copa, raya, paliza\u2019 y \u2018Viva Link Wray!!!\u2019 as\u00ed como un pu\u00f1ado de versiones salvajes.<\/strong><\/p>\n<p><strong>\u00a1Demos la bienvenida nuevamente a los indiscutibles reyes del garage punk!<\/strong><\/p>\n","protected":false},"featured_media":115540,"template":"","meta":{"_acf_changed":false},"product_brand":[],"product_cat":[93],"product_tag":[],"class_list":{"0":"post-115539","1":"product","2":"type-product","3":"status-publish","4":"has-post-thumbnail","6":"product_cat-garage","7":"product_shipping_class-lp-2","8":"pa_formato-lp","10":"first","11":"instock","12":"taxable","13":"shipping-taxable","14":"purchasable","15":"product-type-simple"},"acf":[],"_links":{"self":[{"href":"https:\/\/munster-records.com\/en\/wp-json\/wp\/v2\/product\/115539","targetHints":{"allow":["GET"]}}],"collection":[{"href":"https:\/\/munster-records.com\/en\/wp-json\/wp\/v2\/product"}],"about":[{"href":"https:\/\/munster-records.com\/en\/wp-json\/wp\/v2\/types\/product"}],"wp:featuredmedia":[{"embeddable":true,"href":"https:\/\/munster-records.com\/en\/wp-json\/wp\/v2\/media\/115540"}],"wp:attachment":[{"href":"https:\/\/munster-records.com\/en\/wp-json\/wp\/v2\/media?parent=115539"}],"wp:term":[{"taxonomy":"product_brand","embeddable":true,"href":"https:\/\/munster-records.com\/en\/wp-json\/wp\/v2\/product_brand?post=115539"},{"taxonomy":"product_cat","embeddable":true,"href":"https:\/\/munster-records.com\/en\/wp-json\/wp\/v2\/product_cat?post=115539"},{"taxonomy":"product_tag","embeddable":true,"href":"https:\/\/munster-records.com\/en\/wp-json\/wp\/v2\/product_tag?post=115539"}],"curies":[{"name":"wp","href":"https:\/\/api.w.org\/{rel}","templated":true}]}}