{"id":115632,"date":"2025-09-25T09:26:15","date_gmt":"2025-09-25T09:26:15","guid":{"rendered":"https:\/\/munster-records.com\/?post_type=product&#038;p=115632"},"modified":"2025-09-25T09:33:57","modified_gmt":"2025-09-25T09:33:57","slug":"el-bailador-de-la-esquina","status":"publish","type":"product","link":"https:\/\/munster-records.com\/en\/producto\/el-bailador-de-la-esquina\/","title":{"rendered":"EL BAILADOR DE LA ESQUINA"},"content":{"rendered":"<p>Durante la edad de oro del vinilo \u2014desde los a\u00f1os 60 hasta los 80\u2014, Colombia produjo una asombrosa cantidad de discos de 45 rpm, muchos de ellos no asociados a \u00e1lbumes completos, que a\u00fan hoy siguen sorprendiendo a coleccionistas y amantes de la m\u00fasica.<\/p>\n<p>Esta abundancia puede explicarse por diversos factores: su bajo coste, la demanda de las gramolas, la promoci\u00f3n radiof\u00f3nica o, sencillamente, el placer de regalar una peque\u00f1a joya musical a un ser querido. Fuera cual fuera el motivo, estos peque\u00f1os discos viajaron lejos, llegando en ocasiones a pa\u00edses lejanos \u2014especialmente M\u00e9xico\u2014, llevados por DJs, coleccionistas o a trav\u00e9s de las ondas de radios pirata. Se convirtieron en pasaportes culturales, difundiendo salsa, cumbia, son montuno y mucho m\u00e1s.<\/p>\n<p>Esta cuidada selecci\u00f3n pone el foco en 45s de salsa dif\u00edciles de encontrar del cat\u00e1logo de Discos Fuentes: rarezas que durante a\u00f1os pasaron desapercibidas, pero que siguen encendiendo las pistas de baile. Son grabaciones editadas en tiradas limitadas, con interpretaciones magistrales, metales ardientes, ritmos inolvidables y letras que reflejan la riqueza y diversidad del panorama musical colombiano.<\/p>\n<p>Entre los artistas destacados est\u00e1n: Super Combo \u201cLos Famosos\u201d, con su irresistible himno callejero \u2018El Bailador de la esquina\u2019, que captura la esencia de la vida de barrio en Cali; Sexteto Manaure, con un son conmovedor que combina orgullo regional y nostalgia po\u00e9tica; y La Protesta de Colombia, una banda revolucionaria de Barranquilla que dio sus primeros pasos al joven Joe Arroyo y canaliz\u00f3 el pulso rebelde de su \u00e9poca.<\/p>\n<p>La compilaci\u00f3n incluye tambi\u00e9n experimentos de estudio y versiones, en los que artistas como Piper Pimienta, Galileo y Su Banda o La Integraci\u00f3n reinterpretaron grandes \u00e9xitos \u2014desde boleros hasta vallenatos\u2014 con una mirada salsera marcadamente colombiana.<\/p>\n<p>Cada pista cuenta una historia: de ambici\u00f3n art\u00edstica, de cambio social, de identidad regional o simplemente de alegr\u00eda. Algunas fueron intentos de \u00e9xito, otras expresiones personales o curiosidades de estudio. Todas comparten una autenticidad que sigue vibrando con fuerza.<\/p>\n<p>Estas joyas olvidadas, dispersas durante d\u00e9cadas entre cajas polvorientas y gramolas en desuso, ahora cobran nueva vida. No hablan solo del pasado, sino de un ritmo eterno que sigue inspirando a bailarines y so\u00f1adores por igual.<\/p>\n","protected":false},"excerpt":{"rendered":"<p><strong>Esta cuidada selecci\u00f3n pone el foco en 45s de salsa dif\u00edciles de encontrar del cat\u00e1logo de Discos Fuentes: rarezas que durante a\u00f1os pasaron desapercibidas, pero que siguen encendiendo las pistas de baile.<\/strong><\/p>\n<p><strong>Entre los artistas destacados est\u00e1n: Super Combo \u201cLos Famosos\u201d, Sexteto Manaure, La Protesta de Colombia\u2026<br \/>\nEsta compilaci\u00f3n incluye tambi\u00e9n experimentos de estudio y versiones, en los que artistas como Piper Pimienta, Galileo y Su Banda o La Integraci\u00f3n reinterpretaron grandes \u00e9xitos \u2014desde boleros hasta vallenatos\u2014 con una mirada salsera marcadamente colombiana.<\/strong><\/p>\n","protected":false},"featured_media":115633,"template":"","meta":{"_acf_changed":false},"product_brand":[],"product_cat":[193,206],"product_tag":[],"class_list":{"0":"post-115632","1":"product","2":"type-product","3":"status-publish","4":"has-post-thumbnail","6":"product_cat-latin-en","7":"product_cat-salsa-en","8":"product_shipping_class-lp-en-3","9":"pa_formato-lp-en","11":"first","12":"instock","13":"taxable","14":"shipping-taxable","15":"purchasable","16":"product-type-simple"},"acf":[],"_links":{"self":[{"href":"https:\/\/munster-records.com\/en\/wp-json\/wp\/v2\/product\/115632","targetHints":{"allow":["GET"]}}],"collection":[{"href":"https:\/\/munster-records.com\/en\/wp-json\/wp\/v2\/product"}],"about":[{"href":"https:\/\/munster-records.com\/en\/wp-json\/wp\/v2\/types\/product"}],"wp:featuredmedia":[{"embeddable":true,"href":"https:\/\/munster-records.com\/en\/wp-json\/wp\/v2\/media\/115633"}],"wp:attachment":[{"href":"https:\/\/munster-records.com\/en\/wp-json\/wp\/v2\/media?parent=115632"}],"wp:term":[{"taxonomy":"product_brand","embeddable":true,"href":"https:\/\/munster-records.com\/en\/wp-json\/wp\/v2\/product_brand?post=115632"},{"taxonomy":"product_cat","embeddable":true,"href":"https:\/\/munster-records.com\/en\/wp-json\/wp\/v2\/product_cat?post=115632"},{"taxonomy":"product_tag","embeddable":true,"href":"https:\/\/munster-records.com\/en\/wp-json\/wp\/v2\/product_tag?post=115632"}],"curies":[{"name":"wp","href":"https:\/\/api.w.org\/{rel}","templated":true}]}}