{"id":115671,"date":"2025-09-25T10:48:33","date_gmt":"2025-09-25T10:48:33","guid":{"rendered":"https:\/\/munster-records.com\/?post_type=product&#038;p=115671"},"modified":"2025-09-25T10:56:09","modified_gmt":"2025-09-25T10:56:09","slug":"tiny-specks-in-a-huge-abyss","status":"publish","type":"product","link":"https:\/\/munster-records.com\/en\/producto\/tiny-specks-in-a-huge-abyss\/","title":{"rendered":"TINY SPECKS IN A HUGE ABYSS"},"content":{"rendered":"<p>El pionero del punk y l\u00edder de Eater, Andy Blade, lanza su s\u00e9ptimo \u00e1lbum en solitario, continuaci\u00f3n del aclamado por la cr\u00edtica \u201cBeing Alive Is Fun\u201d de 2024, avalado por los hermanos Sparks.<\/p>\n<p>Este nuevo trabajo est\u00e1 impregnado del habitual enfoque poco convencional de Blade y sus temas caracter\u00edsticos: mapas estelares, ovnis y un gui\u00f1o ligeramente retorcido a la tr\u00e1gica hero\u00edna de los a\u00f1os 70, Karen Carpenter. Con Blade, obtienes lo que mereces, y con \u201cTiny Specks\u2026\u201d te recompensa con un rico c\u00f3digo para descifrar a tu propio ritmo. Pero por encima de todo, destaca la calidad de sus composiciones.<\/p>\n<p>El tema de apertura,\u2019 Karen Is The Drummer\u2019 (con la participaci\u00f3n de la colaboradora habitual de Blade a las voces, Katerina Sharkova de PseudoPomp), parece inquietantemente autoexplicativo, aunque algo no va bien en el mundo A.O.R. de los Carpenter: &#8220;Solo est\u00e1n ella, su hermano y la indiferencia de sus padres hacia esa chica&#8221;.<\/p>\n<p>Tiffany Anders, vocalista ocasional de Dinosaur Jr, aporta un matiz pop pero inquietante a \u2018I\u2019m Not Myself\u2019. Myura Amara, de PollyPikPocketz, aparece en la breve pero deliciosa \u2018About That\u2019. Matilda Scotland, la carism\u00e1tica cantante punk de Quick Romance, a\u00f1ade su aura <em>generaci\u00f3n Z<\/em> al veraniego \u2018I Like It When You\u2019re Happy\u2019.<\/p>\n<p>Bob \u201cDerwood\u201d Andrews, exguitarrista de Generation X y colaborador habitual de Blade en los \u00faltimos tiempos, vuelve a tener un papel destacado en \u201cTiny Specks\u2026\u201d. Al igual que con la voz de Katerina Sharkova, las l\u00edneas de guitarra de Derwood se entrelazan con la mel\u00f3dica voz de Blade como si hubiesen nacido para ir juntas.<\/p>\n<p>\u2018This Place\u2019 es otro de los temas clave, y capta el ambiente claustrof\u00f3bico y genocida de lo que lleva ocurriendo en Gaza\/Palestina desde hace m\u00e1s de dos a\u00f1os. \u201cEsto no es tanto una canci\u00f3n de protesta como un ruido que hay en mi cabeza\u201d.<\/p>\n<p>Si John Lydon es la Widow Twanky del punk, y Billy Idol su Elvis, entonces Andy Blade debe ser, sin duda, el Sinatra del punk.<\/p>\n","protected":false},"excerpt":{"rendered":"<p><strong>El pionero del punk y l\u00edder de Eater, Andy Blade, lanza su s\u00e9ptimo \u00e1lbum en solitario, continuaci\u00f3n del aclamado por la cr\u00edtica \u201cBeing Alive Is Fun\u201d de 2024, avalado por los hermanos Sparks.<\/strong><\/p>\n<p><strong>Cuenta con intervenci\u00f3n de colaboradores como Matilda Scotland de Quick Romance, Tiffany Anders, vocalista ocasional en Dinosaur Jr, Bob Derwood Andrews, guitarrista de Generation X, as\u00ed como la secci\u00f3n de vientos de Madness, Smith &amp; Elms, entre muchos otros.<\/strong><\/p>\n<p><strong>Este nuevo trabajo est\u00e1 impregnado del habitual enfoque poco convencional de Blade y sus temas caracter\u00edsticos: mapas estelares, ovnis y un gui\u00f1o ligeramente retorcido a la tr\u00e1gica hero\u00edna de los a\u00f1os 70, Karen Carpenter. Si John Lydon es la Widow Twanky del punk, y Billy Idol su Elvis, entonces Andy Blade debe ser, sin duda, el Sinatra del punk.<\/strong><\/p>\n","protected":false},"featured_media":115672,"template":"","meta":{"_acf_changed":false},"product_brand":[],"product_cat":[54,61],"product_tag":[],"class_list":{"0":"post-115671","1":"product","2":"type-product","3":"status-publish","4":"has-post-thumbnail","6":"product_cat-punk","7":"product_cat-rock","8":"product_shipping_class-lp-en","9":"pa_formato-lp","11":"first","12":"instock","13":"taxable","14":"shipping-taxable","15":"purchasable","16":"product-type-simple"},"acf":[],"_links":{"self":[{"href":"https:\/\/munster-records.com\/en\/wp-json\/wp\/v2\/product\/115671","targetHints":{"allow":["GET"]}}],"collection":[{"href":"https:\/\/munster-records.com\/en\/wp-json\/wp\/v2\/product"}],"about":[{"href":"https:\/\/munster-records.com\/en\/wp-json\/wp\/v2\/types\/product"}],"wp:featuredmedia":[{"embeddable":true,"href":"https:\/\/munster-records.com\/en\/wp-json\/wp\/v2\/media\/115672"}],"wp:attachment":[{"href":"https:\/\/munster-records.com\/en\/wp-json\/wp\/v2\/media?parent=115671"}],"wp:term":[{"taxonomy":"product_brand","embeddable":true,"href":"https:\/\/munster-records.com\/en\/wp-json\/wp\/v2\/product_brand?post=115671"},{"taxonomy":"product_cat","embeddable":true,"href":"https:\/\/munster-records.com\/en\/wp-json\/wp\/v2\/product_cat?post=115671"},{"taxonomy":"product_tag","embeddable":true,"href":"https:\/\/munster-records.com\/en\/wp-json\/wp\/v2\/product_tag?post=115671"}],"curies":[{"name":"wp","href":"https:\/\/api.w.org\/{rel}","templated":true}]}}