{"id":115785,"date":"2025-10-13T11:35:38","date_gmt":"2025-10-13T11:35:38","guid":{"rendered":"https:\/\/munster-records.com\/?post_type=product&#038;p=115785"},"modified":"2025-10-13T11:44:23","modified_gmt":"2025-10-13T11:44:23","slug":"muita-zorra","status":"publish","type":"product","link":"https:\/\/munster-records.com\/en\/producto\/muita-zorra\/","title":{"rendered":"MUITA ZORRA!"},"content":{"rendered":"<p>Trio Mocot\u00f3 es conocido principalmente por haber sido la banda de acompa\u00f1amiento del legendario Jorge Ben en el apogeo de su carrera, a principios de los a\u00f1os 70. Pero su aportaci\u00f3n a la m\u00fasica va mucho m\u00e1s all\u00e1 del papel de teloneros: fueron piezas clave en la creaci\u00f3n de lo que m\u00e1s tarde se llamar\u00eda samba rock, una fusi\u00f3n vibrante entre los ritmos tradicionales brasile\u00f1os y la energ\u00eda del soul y funk estadounidense.<\/p>\n<p>El grupo se form\u00f3 en el m\u00edtico club nocturno Jogral de S\u00e3o Paulo, donde Fritz Escov\u00e3o, Jo\u00e3ozinho Parahyba y Nereu Gargalo trabajaban como m\u00fasicos residentes, acompa\u00f1ando en directo a los artistas invitados. Fue en este ambiente que Jorge Ben descubri\u00f3 su talento y qu\u00edmica \u00fanicos, y decidi\u00f3 sumarlos a su banda. Aquella colaboraci\u00f3n acabar\u00eda definiendo toda una \u00e9poca.<\/p>\n<p>En 1971, Trio Mocot\u00f3 dio el salto como protagonista publicando su primer \u00e1lbum en solitario: \u201cMuita Zorra! (&#8230;S\u00e3o Coisas Que Glorificam a Sensibilidade Atual)\u201d. El disco tuvo un impacto inmediato, entrando en las listas gracias al pegadizo sencillo \u2018Coqueiro Verde\u2019 y dando inicio a una etapa muy activa en su carrera.<\/p>\n<p>\u201cMuita Zorra!\u201d es una mezcla brillante de estilos: combina el funk barroco y sofisticado de artistas como Marcos Valle con el alma brasile\u00f1a de Jorge Ben, todo ello salpicado de influencias del funk americano. Las armon\u00edas vocales del tr\u00edo ocupan un lugar central, envolviendo cada tema con una calidez y riqueza que dan forma a un tapiz sonoro tan cautivador como en\u00e9rgico.<\/p>\n<p>Este \u00e1lbum no es solo el reflejo de un momento musical, sino una piedra angular del soul brasile\u00f1o. Una escucha imprescindible para amantes del groove global, del funk cl\u00e1sico y de la m\u00fasica brasile\u00f1a atemporal. \u201cMuita Zorra!\u201d vuelve a estar disponible en esta primera reedici\u00f3n oficial y merece, sin duda, un lugar destacado en tu colecci\u00f3n.<\/p>\n","protected":false},"excerpt":{"rendered":"<p>AUDIO:\u00a0<a href=\"https:\/\/www.youtube.com\/watch?v=_hqWfFecEWA&amp;list=RD_hqWfFecEWA&amp;start_radio=1\" rel=\"nofollow ugc\">www.youtube.com\/watch?v=_hqWfFecEWA&amp;list=RD_hqWfFecEWA&amp;start_radio=1<\/a><\/p>\n<p><strong>Un cl\u00e1sico del samba funk que marc\u00f3 \u00e9poca. Este debut re\u00fane la energ\u00eda del funk americano con la riqueza r\u00edtmica de Brasil y las armon\u00edas vocales caracter\u00edsticas del tr\u00edo que acompa\u00f1\u00f3 a Jorge Ben.<\/strong><\/p>\n<p><strong>Con el \u00e9xito \u2018Coqueiro Verde\u2019 y temas destacados como \u2018Meu Pa\u00eds\u2019, \u2018Aleluia, Aleluia\u2019 y \u2018O Canto da Ema\u2019, este \u00e1lbum es una joya imprescindible para cualquier colecci\u00f3n de soul brasile\u00f1o.<\/strong><\/p>\n<p><strong>Primera reedici\u00f3n oficial en vinilo.<\/strong><\/p>\n","protected":false},"featured_media":115792,"template":"","meta":{"_acf_changed":false},"product_brand":[],"product_cat":[130,60],"product_tag":[],"class_list":{"0":"post-115785","1":"product","2":"type-product","3":"status-publish","4":"has-post-thumbnail","6":"product_cat-funk","7":"product_cat-soul","8":"product_shipping_class-lp-2","9":"pa_formato-lp","11":"first","12":"instock","13":"taxable","14":"shipping-taxable","15":"purchasable","16":"product-type-simple"},"acf":[],"_links":{"self":[{"href":"https:\/\/munster-records.com\/en\/wp-json\/wp\/v2\/product\/115785","targetHints":{"allow":["GET"]}}],"collection":[{"href":"https:\/\/munster-records.com\/en\/wp-json\/wp\/v2\/product"}],"about":[{"href":"https:\/\/munster-records.com\/en\/wp-json\/wp\/v2\/types\/product"}],"wp:featuredmedia":[{"embeddable":true,"href":"https:\/\/munster-records.com\/en\/wp-json\/wp\/v2\/media\/115792"}],"wp:attachment":[{"href":"https:\/\/munster-records.com\/en\/wp-json\/wp\/v2\/media?parent=115785"}],"wp:term":[{"taxonomy":"product_brand","embeddable":true,"href":"https:\/\/munster-records.com\/en\/wp-json\/wp\/v2\/product_brand?post=115785"},{"taxonomy":"product_cat","embeddable":true,"href":"https:\/\/munster-records.com\/en\/wp-json\/wp\/v2\/product_cat?post=115785"},{"taxonomy":"product_tag","embeddable":true,"href":"https:\/\/munster-records.com\/en\/wp-json\/wp\/v2\/product_tag?post=115785"}],"curies":[{"name":"wp","href":"https:\/\/api.w.org\/{rel}","templated":true}]}}