{"id":115794,"date":"2025-10-13T11:50:00","date_gmt":"2025-10-13T11:50:00","guid":{"rendered":"https:\/\/munster-records.com\/?post_type=product&#038;p=115794"},"modified":"2025-11-07T08:04:11","modified_gmt":"2025-11-07T08:04:11","slug":"change-up-the-groove","status":"publish","type":"product","link":"https:\/\/munster-records.com\/en\/producto\/change-up-the-groove\/","title":{"rendered":"CHANGE UP THE GROOVE"},"content":{"rendered":"<p>Ad\u00e9ntrate en el vibrante paisaje sonoro de los a\u00f1os 70 con \u201cChange Up the Groove\u201d, una joya escondida de los primeros a\u00f1os de Roy Ayers Ubiquity en Polygram. A menudo pasada por alto frente a sus discos m\u00e1s conocidos, esta obra rebosa alma y es una aut\u00e9ntica lecci\u00f3n de fusi\u00f3n entre jazz y funk, capturando a la perfecci\u00f3n la evoluci\u00f3n de Ayers mientras conectaba sus ra\u00edces jazz\u00edsticas con los ritmos marcados y afilados del funk setentero.<\/p>\n<p>Desde el primer tema, el vibr\u00e1fono caracter\u00edstico de Ayers brilla con fuerza, aportando emoci\u00f3n y ritmo. El \u00e1lbum destaca por su riqueza instrumental, con contribuciones estelares de figuras del jazz como el legendario Bernard Purdie a la bater\u00eda. Las cuerdas aparecen con sutileza, aportando una profundidad extra a los ya elaborados arreglos de Ayers.<\/p>\n<p>Entre los temas m\u00e1s destacados se encuentra el potente \u2018The Boogie Back\u2019, un cl\u00e1sico del breakbeat muy buscado por coleccionistas y DJs (sampleado por multitud de artistas como NWA, 2 Pac, De La Soul\u2026), y una versi\u00f3n rica en matices de \u2018Feel Like Makin\u2019 Love\u2019, con ese toque el\u00e9ctrico y relajado que eleva su vibra soul. Otros cortes imprescindibles como \u2018Fishika\u2019, \u2018Sensitize\u2019, y el propio \u2018Change Up the Groove\u2019 ofrecen ese funk meticulosamente arreglado y lleno de emoci\u00f3n que marc\u00f3 toda una \u00e9poca.<\/p>\n<p>\u201cChange Up the Groove\u201d no es solo un disco: es una instant\u00e1nea del momento en que Roy Ayers dio un paso adelante en su evoluci\u00f3n art\u00edstica. Ritmo, alma y groove atemporal. Ya seas fan veterano o est\u00e9s descubriendo su legado, este \u00e1lbum es una escucha obligada.<\/p>\n","protected":false},"excerpt":{"rendered":"<p>AUDIO:\u00a0<a href=\"https:\/\/www.youtube.com\/watch?v=HCE1TYS7a4w&amp;list=PLeQdEEo-NQ4RiCGrVw6DbTmM4m0CGsMpF\" rel=\"nofollow ugc\">www.youtube.com\/watch?v=HCE1TYS7a4w&amp;list=PLeQdEEo-NQ4RiCGrVw6DbTmM4m0CGsMpF<\/a><\/p>\n<p><strong>Un \u00e1lbum esencial del cat\u00e1logo de Roy Ayers, donde el jazz se funde con el funk setentero en su m\u00e1xima expresi\u00f3n. <\/strong><\/p>\n<p><strong>Con el vibr\u00e1fono como protagonista, ritmos pegadizos y arreglos sofisticados, incluye cl\u00e1sicos como \u2018The Boogie Back\u2019 (sampleado por multitud de artistas como NWA, 2 Pac, De La Soul\u2026) y \u2018Change Up the Groove\u2019. Ideal para amantes del soul, jazz-funk y grooves elegantes..<\/strong><\/p>\n","protected":false},"featured_media":115786,"template":"","meta":{"_acf_changed":false},"product_brand":[],"product_cat":[130,138,60],"product_tag":[],"class_list":{"0":"post-115794","1":"product","2":"type-product","3":"status-publish","4":"has-post-thumbnail","6":"product_cat-funk","7":"product_cat-jazz-5","8":"product_cat-soul","9":"product_shipping_class-lp-2","10":"pa_formato-lp","12":"first","13":"outofstock","14":"taxable","15":"shipping-taxable","16":"purchasable","17":"product-type-simple"},"acf":[],"_links":{"self":[{"href":"https:\/\/munster-records.com\/en\/wp-json\/wp\/v2\/product\/115794","targetHints":{"allow":["GET"]}}],"collection":[{"href":"https:\/\/munster-records.com\/en\/wp-json\/wp\/v2\/product"}],"about":[{"href":"https:\/\/munster-records.com\/en\/wp-json\/wp\/v2\/types\/product"}],"wp:featuredmedia":[{"embeddable":true,"href":"https:\/\/munster-records.com\/en\/wp-json\/wp\/v2\/media\/115786"}],"wp:attachment":[{"href":"https:\/\/munster-records.com\/en\/wp-json\/wp\/v2\/media?parent=115794"}],"wp:term":[{"taxonomy":"product_brand","embeddable":true,"href":"https:\/\/munster-records.com\/en\/wp-json\/wp\/v2\/product_brand?post=115794"},{"taxonomy":"product_cat","embeddable":true,"href":"https:\/\/munster-records.com\/en\/wp-json\/wp\/v2\/product_cat?post=115794"},{"taxonomy":"product_tag","embeddable":true,"href":"https:\/\/munster-records.com\/en\/wp-json\/wp\/v2\/product_tag?post=115794"}],"curies":[{"name":"wp","href":"https:\/\/api.w.org\/{rel}","templated":true}]}}