{"id":115799,"date":"2025-10-14T10:39:08","date_gmt":"2025-10-14T10:39:08","guid":{"rendered":"https:\/\/munster-records.com\/?post_type=product&#038;p=115799"},"modified":"2025-10-14T10:41:37","modified_gmt":"2025-10-14T10:41:37","slug":"its-my-thing","status":"publish","type":"product","link":"https:\/\/munster-records.com\/en\/producto\/its-my-thing\/","title":{"rendered":"IT\u2019S MY THING"},"content":{"rendered":"<p>Entre las voces m\u00e1s veneradas del funk, Marva Whitney ocupa un lugar especial gracias a su energ\u00eda feroz y su estilo inconfundible en temas como el cl\u00e1sico \u2018Unwind Yourself\u2019, uno de los favoritos desde hace mucho tiempo tanto de DJs como en las pistas de baile. Surgida del din\u00e1mico mundo de la James Brown Revue a finales de la d\u00e9cada de los 60, junto a nombres emblem\u00e1ticos como Lyn Collins y Vicki Anderson, Marva se labr\u00f3 r\u00e1pidamente un nombre por s\u00ed misma.<\/p>\n<p>En 1969, comenz\u00f3 a grabar como solista en el sello King de James Brown, logrando un \u00e9xito en el Top 20 de R&amp;B con \u2018It&#8217;s My Thing\u2019. Aunque sus \u00e9xitos comerciales fueron pocos, su m\u00fasica es sobradamente conocida y buscada entre los amantes del funk y los coleccionistas de discos de todo el mundo. Canciones como \u2018You Got to Have a Job\u2019 y la infinitamente sampleada \u2018Unwind Yourself\u2019 no han hecho m\u00e1s que crecer en importancia a lo largo de las d\u00e9cadas.<\/p>\n<p>Su \u00e1lbum, \u201cIt&#8217;s My Thing\u201d, sali\u00f3 a la venta ese mismo a\u00f1o y desde entonces se ha convertido en un referente del g\u00e9nero. Respaldado por los legendarios JB&#8217;s y producido por el propio James Brown, que tambi\u00e9n contribuy\u00f3 a la mayor\u00eda de las composiciones, el \u00e1lbum captura un sonido funk crudo y sin complejos, con una voz femenina protagonista en primer plano.<\/p>\n<p>Desde la explosiva apertura de \u2018It&#8217;s My Thing\u2019 \u2014una respuesta audaz al \u2018It&#8217;s Your Thing\u2019 de los Isley Brothers\u2014, Marva transmite una intensidad absoluta, respaldada por una banda que no da tregua. El ritmo se suaviza brevemente con \u2018If You Love Me\u2019, una balada impregnada de soul al estilo de Otis Redding, antes de volver a sumergirse en la energ\u00eda r\u00edtmica de temas cl\u00e1sicos como \u2018Unwind Yourself\u2019.<\/p>\n<p>D\u00e9cadas m\u00e1s tarde \u201cIt&#8217;s My Thing\u201d sigue inspirando. Sampleado por productores y atesorado por coleccionistas, el disco es una poderosa instant\u00e1nea del funk en su forma m\u00e1s pura y radical.<\/p>\n<p>Reedici\u00f3n en vinilo de 180gr.<\/p>\n","protected":false},"excerpt":{"rendered":"<p>AUDIO:\u00a0<a href=\"https:\/\/www.youtube.com\/watch?v=Fm37bd72_aQ&amp;list=OLAK5uy_kfK17EgkRtaQhbWjQtd7Vy8Y9iu8jquGE\" rel=\"nofollow ugc\">www.youtube.com\/watch?v=Fm37bd72_aQ&amp;list=OLAK5uy_kfK17EgkRtaQhbWjQtd7Vy8Y9iu8jquGE<\/a><\/p>\n<p><strong>\u201cIt\u2019s My Thing\u201d, de la diva de James Brown Marva Whitney, sali\u00f3 a la venta en 1969 y desde entonces se ha convertido en todo un referente del funk. <\/strong><\/p>\n<p><strong>Desde la explosiva \u2018It&#8217;s My Thing\u2019 \u2014respuesta al \u2018It&#8217;s Your Thing\u2019 de los Isley Brothers\u2014, Marva transmite una intensidad absoluta, respaldada por una banda que no da tregua. El ritmo se suaviza brevemente con \u2018If You Love Me\u2019, una balada impregnada de soul al estilo de Otis Redding, antes de volver a sumergirse en la energ\u00eda r\u00edtmica de temas cl\u00e1sicos como \u2018Unwind Yourself\u2019.<\/strong><\/p>\n","protected":false},"featured_media":115800,"template":"","meta":{"_acf_changed":false},"product_brand":[],"product_cat":[130,60],"product_tag":[],"class_list":{"0":"post-115799","1":"product","2":"type-product","3":"status-publish","4":"has-post-thumbnail","6":"product_cat-funk","7":"product_cat-soul","8":"product_shipping_class-lp-en","9":"pa_formato-lp","11":"first","12":"instock","13":"taxable","14":"shipping-taxable","15":"purchasable","16":"product-type-simple"},"acf":[],"_links":{"self":[{"href":"https:\/\/munster-records.com\/en\/wp-json\/wp\/v2\/product\/115799","targetHints":{"allow":["GET"]}}],"collection":[{"href":"https:\/\/munster-records.com\/en\/wp-json\/wp\/v2\/product"}],"about":[{"href":"https:\/\/munster-records.com\/en\/wp-json\/wp\/v2\/types\/product"}],"wp:featuredmedia":[{"embeddable":true,"href":"https:\/\/munster-records.com\/en\/wp-json\/wp\/v2\/media\/115800"}],"wp:attachment":[{"href":"https:\/\/munster-records.com\/en\/wp-json\/wp\/v2\/media?parent=115799"}],"wp:term":[{"taxonomy":"product_brand","embeddable":true,"href":"https:\/\/munster-records.com\/en\/wp-json\/wp\/v2\/product_brand?post=115799"},{"taxonomy":"product_cat","embeddable":true,"href":"https:\/\/munster-records.com\/en\/wp-json\/wp\/v2\/product_cat?post=115799"},{"taxonomy":"product_tag","embeddable":true,"href":"https:\/\/munster-records.com\/en\/wp-json\/wp\/v2\/product_tag?post=115799"}],"curies":[{"name":"wp","href":"https:\/\/api.w.org\/{rel}","templated":true}]}}