{"id":115828,"date":"2025-10-20T08:55:47","date_gmt":"2025-10-20T08:55:47","guid":{"rendered":"https:\/\/munster-records.com\/?post_type=product&#038;p=115828"},"modified":"2026-03-30T08:13:51","modified_gmt":"2026-03-30T08:13:51","slug":"the-spice-of-life","status":"publish","type":"product","link":"https:\/\/munster-records.com\/en\/producto\/the-spice-of-life\/","title":{"rendered":"THE SPICE OF LIFE"},"content":{"rendered":"<p>\u201cThe Spice of Life\u201d, publicado en noviembre de 1969, es el segundo y \u00faltimo \u00e1lbum de estudio de Marlena Shaw para Cadet Records, producido y arreglado por los renombrados Richard Evans y Charles Stepney.<\/p>\n<p>Desde el principio, la voz de Shaw, a la vez juguetona y potente, se abre paso entre arreglos exuberantes pero compactos, tejiendo un vibrante tapiz de soul, proto-funk, jazz, gospel y blues. El \u00e1lbum incluye dos cl\u00e1sicos definitivos: su original \u2018Woman of the Ghetto\u2019 y una versi\u00f3n muy personal del \u2018California Soul\u2019 de Ashford &amp; Simpson, ambos temas imprescindibles en la cultura del <em>sampling<\/em> (al escuchar el disco probablemente descubrir\u00e1s que est\u00e1s m\u00e1s familiarizado con el material de Shaw de lo que pensabas).<\/p>\n<p>Los arreglos de Evans y Stepney est\u00e1n lejos de ser un mero acompa\u00f1amiento: son panor\u00e1micos e inventivos. Escuchar\u00e1s florituras de kalimba, acentos de guitarra con toques psicod\u00e9licos y texturas de \u00f3rgano reforzadas con bongos que elevan cada tema, manteniendo una atm\u00f3sfera rica pero nunca abrumadora. Momentos como \u2018Looking Through the Eyes of Love\u2019, al estilo de Bacharach, o el dramatismo de \u2018Stormy Monday\u2019 muestran su sensibilidad cinematogr\u00e1fica y la versatilidad de Shaw.<\/p>\n<p>Adem\u00e1s de su elegancia musical, \u201cThe Spice of Life\u201d lleva consigo una importante carga de cr\u00edtica social. Temas como \u2018Woman of the Ghetto\u2019 y la concisa y feroz \u2018Liberation Conversation\u2019 introducen temas pol\u00edticos y feministas en un marco expresivo y lleno de sentimiento, a\u00f1adiendo una profundidad inesperada a la sofisticada paleta sonora.<\/p>\n<p>Este \u00e1lbum ofrece un viaje inmersivo y magistral a trav\u00e9s de la excelencia del soul-jazz, uno que adem\u00e1s recompensa a sus oyentes con material precioso para su potencial <em>sampleo<\/em>, como una mina de sonidos casi inacabable. Reedici\u00f3n en vinilo de 180gr.<\/p>\n","protected":false},"excerpt":{"rendered":"<p>AUDIO: <a href=\"https:\/\/www.youtube.com\/watch?v=B7j-TlPxplE\" rel=\"nofollow ugc\">www.youtube.com\/watch?v=B7j-TlPxplE<\/a><\/p>\n<p><strong>Esta refinada mezcla de arte, ritmo y contenido social hace que \u201cThe Spice of Life\u201d de Marlena Shaw no sea solo un \u00e1lbum, sino una declaraci\u00f3n pol\u00edtica rica en matices sonoros. La voz de Shaw, a la vez juguetona y potente, despliega un vibrante tapiz de soul, proto-funk, jazz, gospel y blues.<\/strong><\/p>\n<p><strong>Al profundizar en \u00e9l, uno puede detectar la familiaridad de muchas canciones, prueba de la influencia discreta pero s\u00f3lida de este disco. Temas como \u2018Woman of the Ghetto\u2019 o \u2018California Soul\u2019 han sonado en el mundo del hip-hop, los anuncios e incluso en bandas sonoras de videojuegos.<\/strong><\/p>\n<p><strong>Reedici\u00f3n en vinilo de 180gr.<\/strong><\/p>\n","protected":false},"featured_media":115829,"template":"","meta":{"_acf_changed":false},"product_brand":[],"product_cat":[130,60],"product_tag":[],"class_list":{"0":"post-115828","1":"product","2":"type-product","3":"status-publish","4":"has-post-thumbnail","6":"product_cat-funk","7":"product_cat-soul","8":"pa_formato-lp","10":"first","11":"instock","12":"taxable","13":"shipping-taxable","14":"purchasable","15":"product-type-simple"},"acf":[],"_links":{"self":[{"href":"https:\/\/munster-records.com\/en\/wp-json\/wp\/v2\/product\/115828","targetHints":{"allow":["GET"]}}],"collection":[{"href":"https:\/\/munster-records.com\/en\/wp-json\/wp\/v2\/product"}],"about":[{"href":"https:\/\/munster-records.com\/en\/wp-json\/wp\/v2\/types\/product"}],"wp:featuredmedia":[{"embeddable":true,"href":"https:\/\/munster-records.com\/en\/wp-json\/wp\/v2\/media\/115829"}],"wp:attachment":[{"href":"https:\/\/munster-records.com\/en\/wp-json\/wp\/v2\/media?parent=115828"}],"wp:term":[{"taxonomy":"product_brand","embeddable":true,"href":"https:\/\/munster-records.com\/en\/wp-json\/wp\/v2\/product_brand?post=115828"},{"taxonomy":"product_cat","embeddable":true,"href":"https:\/\/munster-records.com\/en\/wp-json\/wp\/v2\/product_cat?post=115828"},{"taxonomy":"product_tag","embeddable":true,"href":"https:\/\/munster-records.com\/en\/wp-json\/wp\/v2\/product_tag?post=115828"}],"curies":[{"name":"wp","href":"https:\/\/api.w.org\/{rel}","templated":true}]}}