{"id":115839,"date":"2025-10-27T11:32:02","date_gmt":"2025-10-27T11:32:02","guid":{"rendered":"https:\/\/munster-records.com\/?post_type=product&#038;p=115839"},"modified":"2025-10-27T11:41:21","modified_gmt":"2025-10-27T11:41:21","slug":"chicken-and-booze-aguardiente-y-pollo","status":"publish","type":"product","link":"https:\/\/munster-records.com\/en\/producto\/chicken-and-booze-aguardiente-y-pollo\/","title":{"rendered":"CHICKEN AND BOOZE \/ AGUARDIENTE Y POLLO"},"content":{"rendered":"<p>Manny Corchado deber\u00eda ser un nombre familiar para todos los aficionados al boogaloo. Su cl\u00e1sico \u2018Pow-Wow\u2019 es uno de los singles m\u00e1s buscados entre coleccionistas y DJs. Pero no solo por su tema principal, sino tambi\u00e9n por el tremendo bombazo bailable que esconde en su cara B: \u2018Chicken and Booze\u201d. Esta grabaci\u00f3n instrumental cuenta con una irresistible base r\u00edtmica que casi podr\u00eda servir como definici\u00f3n del propio g\u00e9nero boogaloo y que, en esta ocasi\u00f3n, suena m\u00e1s r\u00e1pida que otros hits similares, haci\u00e9ndola m\u00e1s efectiva para la pista de baile. Los arreglos de viento forman un pegadizo estribillo que se adereza con breaks de percusi\u00f3n mientras imponen su adictivo tempo acelerado.<\/p>\n<p>En el lado B de este single encontramos otra versi\u00f3n de esta misma canci\u00f3n, castellanizada como \u2018Aguardiente y pollo\u2019, a cargo de Nelson y sus Estrellas. La orquesta de m\u00fasica tropical y salsa creada en Venezuela por el pianista, compositor y director Nelson Gonz\u00e1lez Rojas, mantiene en su versi\u00f3n la misma contundencia y enfoque de baile que la de Corchado pero cuenta con unos arreglos m\u00e1s mel\u00f3dicos y sofisticados, al estilo de las otras grabaciones que el grupo incluye en su \u00e1lbum de 1977 en donde aparece este potente corte (disponible ahora por primera vez en formato 7\u201d).<\/p>\n<p>Una joya que combina el ritmo explosivo de Corchado con el toque mel\u00f3dico de Nelson y sus Estrellas. Pura dinamita bailable en formato single.<\/p>\n","protected":false},"excerpt":{"rendered":"<p><strong>\u00a1Pura dinamita bailable en formato single!<\/strong><\/p>\n<p><strong>Una joya de boogaloo que combina el ritmo explosivo de Manny Corchado con el toque mel\u00f3dico de Nelson y sus Estrellas. (disponible ahora por primera vez en formato 7\u201d).<\/strong><\/p>\n","protected":false},"featured_media":115840,"template":"","meta":{"_acf_changed":false},"product_brand":[],"product_cat":[194,193],"product_tag":[],"class_list":{"0":"post-115839","1":"product","2":"type-product","3":"status-publish","4":"has-post-thumbnail","6":"product_cat-boogaloo-en","7":"product_cat-latin-en","8":"product_shipping_class-cd-en","9":"pa_formato-lp-en","11":"first","12":"instock","13":"taxable","14":"shipping-taxable","15":"purchasable","16":"product-type-simple"},"acf":[],"_links":{"self":[{"href":"https:\/\/munster-records.com\/en\/wp-json\/wp\/v2\/product\/115839","targetHints":{"allow":["GET"]}}],"collection":[{"href":"https:\/\/munster-records.com\/en\/wp-json\/wp\/v2\/product"}],"about":[{"href":"https:\/\/munster-records.com\/en\/wp-json\/wp\/v2\/types\/product"}],"wp:featuredmedia":[{"embeddable":true,"href":"https:\/\/munster-records.com\/en\/wp-json\/wp\/v2\/media\/115840"}],"wp:attachment":[{"href":"https:\/\/munster-records.com\/en\/wp-json\/wp\/v2\/media?parent=115839"}],"wp:term":[{"taxonomy":"product_brand","embeddable":true,"href":"https:\/\/munster-records.com\/en\/wp-json\/wp\/v2\/product_brand?post=115839"},{"taxonomy":"product_cat","embeddable":true,"href":"https:\/\/munster-records.com\/en\/wp-json\/wp\/v2\/product_cat?post=115839"},{"taxonomy":"product_tag","embeddable":true,"href":"https:\/\/munster-records.com\/en\/wp-json\/wp\/v2\/product_tag?post=115839"}],"curies":[{"name":"wp","href":"https:\/\/api.w.org\/{rel}","templated":true}]}}