{"id":115854,"date":"2025-10-28T09:13:51","date_gmt":"2025-10-28T09:13:51","guid":{"rendered":"https:\/\/munster-records.com\/?post_type=product&#038;p=115854"},"modified":"2025-10-28T09:20:56","modified_gmt":"2025-10-28T09:20:56","slug":"selva","status":"publish","type":"product","link":"https:\/\/munster-records.com\/en\/producto\/selva\/","title":{"rendered":"SELVA"},"content":{"rendered":"<p>Esta antolog\u00eda de Los Wembler&#8217;s nos permite apreciar el legado del emblem\u00e1tico grupo de Iquitos, la ciudad m\u00e1s importante de la Amazon\u00eda peruana, a la que solo se puede acceder por aire o por r\u00edo, y su papel clave en la creaci\u00f3n y el renacimiento de la cumbia amaz\u00f3nica.<\/p>\n<p>Los Wembler&#8217;s surgieron como una banda familiar a finales de la d\u00e9cada de 1960 en el distrito de Bel\u00e9n, en Iquitos, y son considerados pioneros de la cumbia amaz\u00f3nica peruana con guitarra el\u00e9ctrica.<\/p>\n<p>La selecci\u00f3n de canciones que componen esta recopilaci\u00f3n data del per\u00edodo comprendido entre 1972 y 1980, en el apogeo de la carrera de la banda. Canciones como \u2018Sonido amaz\u00f3nico\u2019 o \u2018La danza del petr\u00f3leo\u2019 se han convertido en cl\u00e1sicos muy influyentes del g\u00e9nero. La mayor\u00eda de estos temas se reeditan aqu\u00ed por primera vez despu\u00e9s de d\u00e9cadas sin estar disponibles.<\/p>\n<p>\u201cSelva\u201d incluye un folleto con notas y fotos. Prensado en vinilo de 180 gr.<\/p>\n","protected":false},"excerpt":{"rendered":"<p><strong>Esta antolog\u00eda de Los Wembler&#8217;s nos permite apreciar el legado del emblem\u00e1tico grupo de Iquitos, la ciudad m\u00e1s importante de la Amazon\u00eda peruana, y su papel clave en la creaci\u00f3n y el renacimiento de la cumbia amaz\u00f3nica..<\/strong><\/p>\n<p><strong>La selecci\u00f3n de canciones que componen esta recopilaci\u00f3n data del per\u00edodo comprendido entre 1972 y 1980, en el apogeo de la carrera de la banda, e incluye cl\u00e1sicos tan influyentes como \u2018Sonido amaz\u00f3nico\u2019 o \u2018La danza del petrolero\u2019.<\/strong><\/p>\n<p><strong>vinilo de 180 gr.<\/strong><\/p>\n","protected":false},"featured_media":115855,"template":"","meta":{"_acf_changed":false},"product_brand":[],"product_cat":[197,193],"product_tag":[],"class_list":{"0":"post-115854","1":"product","2":"type-product","3":"status-publish","4":"has-post-thumbnail","6":"product_cat-cumbia-en","7":"product_cat-latin-en","8":"product_shipping_class-lp-en-3","9":"pa_formato-lp-en","11":"first","12":"instock","13":"taxable","14":"shipping-taxable","15":"purchasable","16":"product-type-simple"},"acf":[],"_links":{"self":[{"href":"https:\/\/munster-records.com\/en\/wp-json\/wp\/v2\/product\/115854","targetHints":{"allow":["GET"]}}],"collection":[{"href":"https:\/\/munster-records.com\/en\/wp-json\/wp\/v2\/product"}],"about":[{"href":"https:\/\/munster-records.com\/en\/wp-json\/wp\/v2\/types\/product"}],"wp:featuredmedia":[{"embeddable":true,"href":"https:\/\/munster-records.com\/en\/wp-json\/wp\/v2\/media\/115855"}],"wp:attachment":[{"href":"https:\/\/munster-records.com\/en\/wp-json\/wp\/v2\/media?parent=115854"}],"wp:term":[{"taxonomy":"product_brand","embeddable":true,"href":"https:\/\/munster-records.com\/en\/wp-json\/wp\/v2\/product_brand?post=115854"},{"taxonomy":"product_cat","embeddable":true,"href":"https:\/\/munster-records.com\/en\/wp-json\/wp\/v2\/product_cat?post=115854"},{"taxonomy":"product_tag","embeddable":true,"href":"https:\/\/munster-records.com\/en\/wp-json\/wp\/v2\/product_tag?post=115854"}],"curies":[{"name":"wp","href":"https:\/\/api.w.org\/{rel}","templated":true}]}}