{"id":115895,"date":"2025-10-28T10:21:02","date_gmt":"2025-10-28T10:21:02","guid":{"rendered":"https:\/\/munster-records.com\/?post_type=product&#038;p=115895"},"modified":"2025-10-28T10:37:08","modified_gmt":"2025-10-28T10:37:08","slug":"los-z-66","status":"publish","type":"product","link":"https:\/\/munster-records.com\/en\/producto\/los-z-66\/","title":{"rendered":"LOS Z-66"},"content":{"rendered":"<p>A diferencia de otras bandas espa\u00f1olas de la \u00e9poca, Los Z-66 gozaron de unas condiciones \u00fanicas que hicieron posible que su sonido destacara como uno de los m\u00e1s avanzados en la escena nacional de finales de los 60.<\/p>\n<p>Como tambi\u00e9n le ocurr\u00eda a muchos otros grupos, su repertorio para amenizar salas de fiesta deb\u00eda incluir los \u00e9xitos del momento y no siempre se abr\u00eda a las canciones de las bandas internacionales m\u00e1s audaces, que era el sonido que m\u00e1s estimulaba a los m\u00fasicos. En el caso de Los Z-66, su residencia en Mallorca supon\u00eda tener un acceso privilegiado a discos de dif\u00edcil acceso, importados por el turismo extranjero, y a un ambiente mucho m\u00e1s moderno que en otros lugares del pa\u00eds. Las canciones en italiano y franc\u00e9s pronto dieron paso a los hits en ingl\u00e9s de Animals, Stones o Beatles. Pero fue el encargo recibido de parte de Mike Jeffries, manager de Jimi Hendrix, The Animals y otros, de ejercer de \u201cbanda titular\u201d en el club Sgt. Pepper\u2019s lo que permiti\u00f3 al grupo elevar sus directos a un nivel rara vez visto por estos lares\u2026 \u00a1Hasta incorporaron pronto el sonido distorsionado del fuzz en su guitarra al recibir como obsequio del propio Jimi Hendrix \u2014que fue invitado a tocar en la inauguraci\u00f3n del club\u2014 un pedal <em>fuzz face<\/em>!<\/p>\n<p>Su excelente amalgama de soul contundente, psicodelia y pop se convirti\u00f3 en su se\u00f1a de identidad, no solo en los conciertos del grupo sino tambi\u00e9n en el pu\u00f1ado de singles y EPs que publicaron en el sello Regal. En sus canciones se plasmaba la influencia de bandas como The Move, Vanilla Fudge o Blood, Sweat &amp; Tears, mostrando un sonido s\u00f3lido, moderno e impactante.<\/p>\n<p>Rescatamos ahora por primera vez su \u00fanico larga duraci\u00f3n, publicado en 1969, que es en realidad un compilado de canciones aparecidas previamente en formato 45 rpm, completado con dos cortes extras no incluidos en el LP original.<\/p>\n<p>Esta reedici\u00f3n, que incluye un libreto con notas y fotos de la \u00e9poca, es un proyecto conjunto entre Munster y Runaway Records.<\/p>\n","protected":false},"excerpt":{"rendered":"<p><strong>Rescatamos ahora por primera vez el \u00fanico larga duraci\u00f3n de la banda espa\u00f1ola de garage y soul Los Z-66, publicado en 1969, que es en realidad un compilado de canciones aparecidas previamente en formato 45 rpm, completado con dos cortes extras no incluidos en el LP original.<\/strong><\/p>\n<p><strong>En sus canciones se plasmaba la influencia de bandas como The Move, Vanilla Fudge o Blood, Sweat &amp; Tears, mostrando un sonido s\u00f3lido, moderno e impactante.<\/strong><\/p>\n<p><strong>Esta reedici\u00f3n, que incluye un libreto con notas y fotos de la \u00e9poca, es un proyecto conjunto entre Munster y Runaway Records.<\/strong><\/p>\n","protected":false},"featured_media":115896,"template":"","meta":{"_acf_changed":false},"product_brand":[],"product_cat":[62,842,164,165,174],"product_tag":[],"class_list":{"0":"post-115895","1":"product","2":"type-product","3":"status-publish","4":"has-post-thumbnail","6":"product_cat-60s-en","7":"product_cat-argentina-en","8":"product_cat-beat-en","9":"product_cat-spanish-en","10":"product_cat-soul-en-2","11":"product_shipping_class-lp-en-3","12":"pa_formato-lp-en","14":"first","15":"instock","16":"taxable","17":"shipping-taxable","18":"purchasable","19":"product-type-simple"},"acf":[],"_links":{"self":[{"href":"https:\/\/munster-records.com\/en\/wp-json\/wp\/v2\/product\/115895","targetHints":{"allow":["GET"]}}],"collection":[{"href":"https:\/\/munster-records.com\/en\/wp-json\/wp\/v2\/product"}],"about":[{"href":"https:\/\/munster-records.com\/en\/wp-json\/wp\/v2\/types\/product"}],"wp:featuredmedia":[{"embeddable":true,"href":"https:\/\/munster-records.com\/en\/wp-json\/wp\/v2\/media\/115896"}],"wp:attachment":[{"href":"https:\/\/munster-records.com\/en\/wp-json\/wp\/v2\/media?parent=115895"}],"wp:term":[{"taxonomy":"product_brand","embeddable":true,"href":"https:\/\/munster-records.com\/en\/wp-json\/wp\/v2\/product_brand?post=115895"},{"taxonomy":"product_cat","embeddable":true,"href":"https:\/\/munster-records.com\/en\/wp-json\/wp\/v2\/product_cat?post=115895"},{"taxonomy":"product_tag","embeddable":true,"href":"https:\/\/munster-records.com\/en\/wp-json\/wp\/v2\/product_tag?post=115895"}],"curies":[{"name":"wp","href":"https:\/\/api.w.org\/{rel}","templated":true}]}}