{"id":115944,"date":"2025-10-29T10:10:35","date_gmt":"2025-10-29T10:10:35","guid":{"rendered":"https:\/\/munster-records.com\/?post_type=product&#038;p=115944"},"modified":"2025-10-29T10:35:12","modified_gmt":"2025-10-29T10:35:12","slug":"fin","status":"publish","type":"product","link":"https:\/\/munster-records.com\/en\/producto\/fin\/","title":{"rendered":"FIN"},"content":{"rendered":"<p>El lanzamiento anterior a este \u201cFin\u201d (el sencillo \u2018Desfile nocturno de los 100 demonios\u2019, 2023) parec\u00eda anticipar a unos Exnovios m\u00e1s ac\u00fasticos e interesados en el estudio como instrumento, m\u00e1s electr\u00f3nicos y sutiles.<\/p>\n<p>La nueva docena de canciones que forman este su cuarto LP confirma felizmente aquella sensaci\u00f3n: a la habitual f\u00f3rmula imbatible de este cuarteto pamplon\u00e9s (<em>garage reverbcore<\/em> como si lo cantaran Juan y Junior) se a\u00f1aden aqu\u00ed nuevas y fascinantes capas: a la vez novedosas pero l\u00f3gicas en la evoluci\u00f3n de este grupo tan singular en la escena nacional.<\/p>\n<p>El nuevo cancionero de Exnovios no se gest\u00f3 en el local de ensayo ni se grab\u00f3 en una semana en el estudio. M\u00e1s bien se compuso y ensay\u00f3 con calma en dormitorios y salas de estar, canciones que posteriormente se llevaron al estudio con la idea de acabar de construirlas all\u00ed. Durante pr\u00e1cticamente un a\u00f1o, la banda fue abordando cada canci\u00f3n, una a una, de manera artesanal, junto a su fiel aliado, el productor Guillermo Mutiloa.<\/p>\n<p>El resultado es un tesoro de canciones quiz\u00e1 m\u00e1s psych-folk que nunca, porque abundan las piezas ac\u00fasticas, de melodismo exquisito, pero sin abandonar los viajes de la consciencia que han hecho de Exnovios un placer de culto: desde el cl\u00e1sico instant\u00e1neo de \u2018Nubes\u2019 (con sus armon\u00edas muy Byrds y hermos\u00edsima ac\u00fastica de doce cuerdas) o la deliciosa ficci\u00f3n a lo Big Star de \u2018El cine se queda en silencio\u2019, o incluso la fabulosa versi\u00f3n de Stephin Merritt que es \u2018T\u00fa t\u00fa t\u00fa t\u00fa\u2019. Son piezas a menudo sin bater\u00eda, quiz\u00e1 con algo de percusi\u00f3n, siempre con detallados y exquisitos arreglos de guitarra, electr\u00f3nica, percusi\u00f3n y hasta detalles de cuerda.<\/p>\n<p>Y pese a esa presencia menor de la bater\u00eda (que junto al enfoque relajado en la grabaci\u00f3n convertir\u00eda esto casi en el \u201cdisco blanco\u201d de Exnovios) lxs fans del <em>reverbcore<\/em> fuzz-guitarrero legendario del grupo no quedar\u00e1n defraudadxs: ah\u00ed est\u00e1n la psicod\u00e9lica \u2018Viaje Alucinante\u2019, llena de sus cl\u00e1sicos riffs, su brutal versi\u00f3n del \u2018Godstar\u2019 de Psychic TV (con paladas de eco y exc\u00e9ntricos efectos vocales) o la redond\u00edsima \u2018Naves Misteriosas\u2019, que consigue el reto imposible de sonar a los Pekenikes de \u2018Cerca de las Estrellas\u2019 en las estrofas, a Phil Spector en el estribillo, y en el post-estribillo a los Ramones.<\/p>\n<p>Hay mucho m\u00e1s: percusiones como los Primal Scream m\u00e1s <em>baggy<\/em> en la brillante \u2018A\u00fan no es tarde\u2019, letras de amor envueltas de una exquisita caja de ritmos inundada de reverb y Farfisa a lo Suicide en \u2018Ha venido a quedarse\u2019, el bell\u00edsimo villancico electr\u00f3nico de dos acordes de \u2018Ya es Navidad\u2019 o ese vals lis\u00e9rgico que canta a la paz de la venganza k\u00e1rmica al son de <em>delays<\/em> de fuzz titulado \u2018El d\u00eda del juicio final\u2019.<\/p>\n<p>\u201cFin\u201d nos muestra m\u00e1s caras y matices de Exnovios que nunca, en un festival de estilos dispares pero afines a ese modo de entender la m\u00fasica que les ha caracterizado durante toda la pasada d\u00e9cada, y con sus facultades mel\u00f3dicas en la cumbre de su talento.<\/p>\n","protected":false},"excerpt":{"rendered":"<p><strong>Cuarto \u00e1lbum de la banda Espa\u00f1ola Exnovios, un grupo que ha sido descrito como un encuentro entre Spacemen 3 y Los Brincos.<\/strong><\/p>\n<p><strong>\u201cFin\u201d nos muestra varias caras y matices de Exnovios, quiz\u00e1 m\u00e1s psych-folk que nunca, en un festival de estilos dispares pero afines a ese modo de entender la m\u00fasica que les ha caracterizado durante toda la pasada d\u00e9cada, y con sus facultades mel\u00f3dicas en la cumbre de su talento.<\/strong><\/p>\n","protected":false},"featured_media":115945,"template":"","meta":{"_acf_changed":false},"product_brand":[],"product_cat":[57,162],"product_tag":[],"class_list":{"0":"post-115944","1":"product","2":"type-product","3":"status-publish","4":"has-post-thumbnail","6":"product_cat-pop","7":"product_cat-pysch-pop","8":"product_shipping_class-lp-en","9":"pa_formato-lp","11":"first","12":"instock","13":"taxable","14":"shipping-taxable","15":"purchasable","16":"product-type-simple"},"acf":[],"_links":{"self":[{"href":"https:\/\/munster-records.com\/en\/wp-json\/wp\/v2\/product\/115944","targetHints":{"allow":["GET"]}}],"collection":[{"href":"https:\/\/munster-records.com\/en\/wp-json\/wp\/v2\/product"}],"about":[{"href":"https:\/\/munster-records.com\/en\/wp-json\/wp\/v2\/types\/product"}],"wp:featuredmedia":[{"embeddable":true,"href":"https:\/\/munster-records.com\/en\/wp-json\/wp\/v2\/media\/115945"}],"wp:attachment":[{"href":"https:\/\/munster-records.com\/en\/wp-json\/wp\/v2\/media?parent=115944"}],"wp:term":[{"taxonomy":"product_brand","embeddable":true,"href":"https:\/\/munster-records.com\/en\/wp-json\/wp\/v2\/product_brand?post=115944"},{"taxonomy":"product_cat","embeddable":true,"href":"https:\/\/munster-records.com\/en\/wp-json\/wp\/v2\/product_cat?post=115944"},{"taxonomy":"product_tag","embeddable":true,"href":"https:\/\/munster-records.com\/en\/wp-json\/wp\/v2\/product_tag?post=115944"}],"curies":[{"name":"wp","href":"https:\/\/api.w.org\/{rel}","templated":true}]}}