{"id":116019,"date":"2025-11-12T08:55:09","date_gmt":"2025-11-12T08:55:09","guid":{"rendered":"https:\/\/munster-records.com\/?post_type=product&#038;p=116019"},"modified":"2026-01-28T09:14:20","modified_gmt":"2026-01-28T09:14:20","slug":"jazz-raga","status":"publish","type":"product","link":"https:\/\/munster-records.com\/en\/producto\/jazz-raga\/","title":{"rendered":"JAZZ RAGA"},"content":{"rendered":"<p>Publicado originalmente en 1967 en el emblem\u00e1tico sello Impulse, \u201cJazz Raga\u201d es mucho m\u00e1s que un disco: es un salto valiente hacia territorios musicales inexplorados. G\u00e1bor Szab\u00f3, el guitarrista de jazz h\u00fangaro conocido por su estilo rompedor, entrega en esta obra una de las grabaciones m\u00e1s fascinantes de su carrera.<\/p>\n<p>Fusionando jazz, rock, folk psicod\u00e9lico y sonidos orientales \u2014con melod\u00edas adornadas con sitar y ritmos de influencia latina gracias al legendario bater\u00eda Bernard Purdie\u2014 \u201cJazz Raga\u201d escapa a cualquier etiqueta. Es una mezcla hipn\u00f3tica en la que la tradici\u00f3n europea se cruza con el esp\u00edritu contracultural de los a\u00f1os 60, todo ello hilado con el inconfundible sonido de la guitarra de Szab\u00f3.<\/p>\n<p>Desde la atm\u00f3sfera enso\u00f1adora de \u2018Walking On Nails\u2019 hasta la m\u00edstica envolvente de \u2018Mizrab\u2019, pasando por su versi\u00f3n profundamente original de \u2018Paint It Black\u2019 de los Rolling Stones, Szab\u00f3 crea un paisaje sonoro tan atrevido como lleno de alma. Su forma de tocar en este disco es electrizante, repleta de acordes inesperados, improvisaciones fluidas y una voz \u00fanica.<\/p>\n<p>D\u00e9cadas despu\u00e9s, \u201cJazz Raga\u201d sigue siendo un referente de libertad creativa e influencia global: una obra imprescindible para quienes buscan m\u00fasica que trascienda fronteras y expectativas. Si a\u00fan no has descubierto este cl\u00e1sico de culto, ha llegado el momento de dejar que G\u00e1bor Szab\u00f3 ampl\u00ede tus horizontes musicales.<\/p>\n<p>Reedici\u00f3n en vinilo de 180gr.<\/p>\n","protected":false},"excerpt":{"rendered":"<p>***AUDIO***:\u00a0<a href=\"https:\/\/youtu.be\/aX6CIIJXIeQ?si=1vlVWlVH4QSNpzmQ\" rel=\"nofollow ugc\">youtu.be\/aX6CIIJXIeQ?si=1vlVWlVH4QSNpzmQ<\/a><\/p>\n<p><strong>Publicado originalmente en 1967 en el emblem\u00e1tico sello Impulse, \u201cJazz Raga\u201d<\/strong> <strong>es una mezcla hipn\u00f3tica de jazz, rock, folk psicod\u00e9lico y sonidos orientales.<\/strong> <strong>G\u00e1bor Szab\u00f3, el guitarrista de jazz h\u00fangaro conocido por su estilo rompedor, entrega en esta obra una de las grabaciones m\u00e1s fascinantes de su carrera<\/strong> <strong>con melod\u00edas adornadas con sitar.<\/strong><\/p>\n<p><strong>Desde la atm\u00f3sfera enso\u00f1adora de \u2018Walking On Nails\u2019 hasta la m\u00edstica envolvente de \u2018Mizrab\u2019, pasando por su versi\u00f3n profundamente original de \u2018Paint It Black\u2019 de los Rolling Stones, \u201cJazz Raga\u201d es una mezcla hipn\u00f3tica en la que la tradici\u00f3n europea se cruza con el esp\u00edritu contracultural de los a\u00f1os 60.<\/strong><\/p>\n<p><strong>Reedici\u00f3n en vinilo de 180gr.<\/strong><\/p>\n","protected":false},"featured_media":116020,"template":"","meta":{"_acf_changed":false},"product_brand":[],"product_cat":[117],"product_tag":[],"class_list":{"0":"post-116019","1":"product","2":"type-product","3":"status-publish","4":"has-post-thumbnail","6":"product_cat-jazz-4","7":"product_shipping_class-lp-2","8":"pa_formato-lp","10":"first","11":"outofstock","12":"taxable","13":"shipping-taxable","14":"purchasable","15":"product-type-simple"},"acf":[],"_links":{"self":[{"href":"https:\/\/munster-records.com\/en\/wp-json\/wp\/v2\/product\/116019","targetHints":{"allow":["GET"]}}],"collection":[{"href":"https:\/\/munster-records.com\/en\/wp-json\/wp\/v2\/product"}],"about":[{"href":"https:\/\/munster-records.com\/en\/wp-json\/wp\/v2\/types\/product"}],"wp:featuredmedia":[{"embeddable":true,"href":"https:\/\/munster-records.com\/en\/wp-json\/wp\/v2\/media\/116020"}],"wp:attachment":[{"href":"https:\/\/munster-records.com\/en\/wp-json\/wp\/v2\/media?parent=116019"}],"wp:term":[{"taxonomy":"product_brand","embeddable":true,"href":"https:\/\/munster-records.com\/en\/wp-json\/wp\/v2\/product_brand?post=116019"},{"taxonomy":"product_cat","embeddable":true,"href":"https:\/\/munster-records.com\/en\/wp-json\/wp\/v2\/product_cat?post=116019"},{"taxonomy":"product_tag","embeddable":true,"href":"https:\/\/munster-records.com\/en\/wp-json\/wp\/v2\/product_tag?post=116019"}],"curies":[{"name":"wp","href":"https:\/\/api.w.org\/{rel}","templated":true}]}}