{"id":116024,"date":"2025-11-12T09:10:24","date_gmt":"2025-11-12T09:10:24","guid":{"rendered":"https:\/\/munster-records.com\/?post_type=product&#038;p=116024"},"modified":"2026-01-26T12:09:02","modified_gmt":"2026-01-26T12:09:02","slug":"quarteto-em-cy","status":"publish","type":"product","link":"https:\/\/munster-records.com\/en\/producto\/quarteto-em-cy\/","title":{"rendered":"QUARTETO EM CY"},"content":{"rendered":"<p>Publicado originalmente en 1972 por el sello Odeon, \u201cQuarteto Em Cy\u201d representa uno de los trabajos m\u00e1s elevados en la extensa discograf\u00eda del grupo, y una aut\u00e9ntica joya muy buscada por los coleccionistas de vinilos brasile\u00f1os. Conocido por sus armon\u00edas vocales impecables y su fuerte conexi\u00f3n con la bossa nova de los a\u00f1os 60, el cuarteto explora aqu\u00ed nuevos caminos sonoros, movi\u00e9ndose hacia un post-bossa sofisticado, elegante y lleno de ritmo.<\/p>\n<p>Los arreglos, a cargo de Edu Lobo y Luiz E\u00e7a (del Tamba Trio), aportan una riqueza instrumental que abraza el jazz y la m\u00fasica popular brasile\u00f1a sin perder nunca la calidez emocional. Las voces del grupo fluyen con una naturalidad asombrosa, siempre en equilibrio con unas instrumentaciones tan refinadas como accesibles.<\/p>\n<p>Entre los momentos destacados se encuentra su brillante versi\u00f3n del cl\u00e1sico de Milton Nascimento \u2018Tudo Que Voc\u00ea Podia Ser\u2019, junto a otras joyas como \u2018Quando o Carnaval Chegar\u2019, \u2018Canto de Ob\u00e1\u2019 y \u2018Cantoria\u2019. Estas grabaciones reflejan una etapa de plena madurez art\u00edstica, en la que el grupo, ya consolidado como colaborador habitual de figuras como Vin\u00edcius de Moraes, Jobim o Chico Buarque, alcanza nuevas cotas de creatividad.<\/p>\n<p>Descatalogado desde hace tiempo y considerado por muchos como su mejor trabajo, este LP hom\u00f3nimo se ha convertido en una pieza muy codiciada por los coleccionistas de MPB, bossa nova y pop vocal de los a\u00f1os 70. Tambi\u00e9n recomendado para quienes disfrutan de grupos como The Free Design o The Mamas &amp; The Papas, pero con ese inconfundible refinamiento brasile\u00f1o, este \u00e1lbum es una aut\u00e9ntica joya por redescubrir.<\/p>\n<p>Reedici\u00f3n en vinilo de 180gr.<\/p>\n","protected":false},"excerpt":{"rendered":"<p>Publicado originalmente en 1972 por el sello Odeon, \u201cQuarteto Em Cy\u201d representa uno de los trabajos m\u00e1s elevados en la extensa discograf\u00eda del grupo, y una aut\u00e9ntica joya muy buscada por los coleccionistas de vinilos brasile\u00f1os. Conocido por sus armon\u00edas vocales impecables y su fuerte conexi\u00f3n con la bossa nova de los a\u00f1os 60, el [&hellip;]<\/p>\n","protected":false},"featured_media":116025,"template":"","meta":{"_acf_changed":false},"product_brand":[],"product_cat":[50,102],"product_tag":[],"class_list":{"0":"post-116024","1":"product","2":"type-product","3":"status-publish","4":"has-post-thumbnail","6":"product_cat-brasil","7":"product_cat-samba","8":"product_shipping_class-lp-2","9":"pa_formato-lp","11":"first","12":"outofstock","13":"taxable","14":"shipping-taxable","15":"purchasable","16":"product-type-simple"},"acf":[],"_links":{"self":[{"href":"https:\/\/munster-records.com\/en\/wp-json\/wp\/v2\/product\/116024","targetHints":{"allow":["GET"]}}],"collection":[{"href":"https:\/\/munster-records.com\/en\/wp-json\/wp\/v2\/product"}],"about":[{"href":"https:\/\/munster-records.com\/en\/wp-json\/wp\/v2\/types\/product"}],"wp:featuredmedia":[{"embeddable":true,"href":"https:\/\/munster-records.com\/en\/wp-json\/wp\/v2\/media\/116025"}],"wp:attachment":[{"href":"https:\/\/munster-records.com\/en\/wp-json\/wp\/v2\/media?parent=116024"}],"wp:term":[{"taxonomy":"product_brand","embeddable":true,"href":"https:\/\/munster-records.com\/en\/wp-json\/wp\/v2\/product_brand?post=116024"},{"taxonomy":"product_cat","embeddable":true,"href":"https:\/\/munster-records.com\/en\/wp-json\/wp\/v2\/product_cat?post=116024"},{"taxonomy":"product_tag","embeddable":true,"href":"https:\/\/munster-records.com\/en\/wp-json\/wp\/v2\/product_tag?post=116024"}],"curies":[{"name":"wp","href":"https:\/\/api.w.org\/{rel}","templated":true}]}}