{"id":116031,"date":"2025-11-13T09:28:29","date_gmt":"2025-11-13T09:28:29","guid":{"rendered":"https:\/\/munster-records.com\/?post_type=product&#038;p=116031"},"modified":"2025-11-13T09:42:13","modified_gmt":"2025-11-13T09:42:13","slug":"tougher-than-the-rest","status":"publish","type":"product","link":"https:\/\/munster-records.com\/en\/producto\/tougher-than-the-rest\/","title":{"rendered":"TOUGHER THAN THE REST"},"content":{"rendered":"<p>Dharmacide es una banda espa\u00f1ola conocida por su mezcla ecl\u00e9ctica de estilos, uniendo elementos del shoegaze y de la m\u00fasica dreampop. Su sonido se caracteriza por los riffs de guitarra intrincados, una poderosa bater\u00eda y elementos vocales profundos y emotivos que crean una atm\u00f3sfera \u00fanica.<\/p>\n<p>El grupo, con alguno de sus integrantes formando tambi\u00e9n parte de proyectos paralelos como Alcal\u00e1 Norte, Depresi\u00f3n Sonora o San Marino, ha causado una gran impresi\u00f3n en escenarios muy diversos, habiendo tocado ya en salas y festivales de renombre tanto en Espa\u00f1a como en otros pa\u00edses, logrando elogios por sus directos tan en\u00e9rgicos y sus composiciones tan reflexivas.<\/p>\n<p>Sus singles m\u00e1s recientes han sido producidos, mezclados y masterizados por Mark Gardener de Ride.<\/p>\n<p>\u201cTougher Than the Rest\u201d es su esperado segundo \u00e1lbum. Dan un gran paso adelante con un sonido m\u00e1s oscuro con riffs t\u00e9tricos y voces et\u00e9reas en el que nos describen perfectamente como ser\u00eda el sonido de una noche repleta de acontecimientos aleatorios que seguramente todos hemos experimentado.<\/p>\n<p>Su sonido est\u00e1 influenciado por bandas actuales como Diiv, Warpaint o Beach House pero tambi\u00e9n por artistas cl\u00e1sicos como Cocteau Twins, Nick Cave and the Bad Seeds o Tom Waits.<\/p>\n<p>\u2018The Cigs, The Light, The Coffee and Crying\u2019 es el primer single en el que encontramos un poderoso riff cargado de reverb con una melod\u00eda de voz solitaria en medio del caos hasta romper en un poderoso estribillo.<\/p>\n<p>Su \u00e1lbum debut \u201cCult Band Member\u201d (2021) se agot\u00f3 y el creciente inter\u00e9s el grupo permite anticipar que las copias de este nuevo disco no van a durar demasiado\u2026<\/p>\n","protected":false},"excerpt":{"rendered":"<p><strong>Dharmacide es una banda espa\u00f1ola conocida por su mezcla ecl\u00e9ctica de estilos, uniendo elementos del shoegaze y de la m\u00fasica dreampop.<\/strong><\/p>\n<p><strong>\u201cTougher Than the Rest\u201d es su esperado segundo \u00e1lbum. Dan un gran paso adelante con un sonido m\u00e1s oscuro con riffs t\u00e9tricos y voces et\u00e9reas en el que nos describen perfectamente como ser\u00eda el sonido de una noche repleta de acontecimientos aleatorios que seguramente todos hemos experimentado. <\/strong><\/p>\n<p><strong>\u2018The Cigs, The Light, The Coffee and Crying\u2019 es el primer single en el que encontramos un poderoso riff cargado de reverb con una melod\u00eda de voz solitaria en medio del caos hasta romper en un poderoso estribillo.<\/strong><\/p>\n","protected":false},"featured_media":116032,"template":"","meta":{"_acf_changed":false},"product_brand":[],"product_cat":[58],"product_tag":[],"class_list":{"0":"post-116031","1":"product","2":"type-product","3":"status-publish","4":"has-post-thumbnail","6":"product_cat-nacional","7":"product_shipping_class-lp-2","8":"pa_formato-lp-color","10":"first","11":"instock","12":"taxable","13":"shipping-taxable","14":"purchasable","15":"product-type-simple"},"acf":[],"_links":{"self":[{"href":"https:\/\/munster-records.com\/en\/wp-json\/wp\/v2\/product\/116031","targetHints":{"allow":["GET"]}}],"collection":[{"href":"https:\/\/munster-records.com\/en\/wp-json\/wp\/v2\/product"}],"about":[{"href":"https:\/\/munster-records.com\/en\/wp-json\/wp\/v2\/types\/product"}],"wp:featuredmedia":[{"embeddable":true,"href":"https:\/\/munster-records.com\/en\/wp-json\/wp\/v2\/media\/116032"}],"wp:attachment":[{"href":"https:\/\/munster-records.com\/en\/wp-json\/wp\/v2\/media?parent=116031"}],"wp:term":[{"taxonomy":"product_brand","embeddable":true,"href":"https:\/\/munster-records.com\/en\/wp-json\/wp\/v2\/product_brand?post=116031"},{"taxonomy":"product_cat","embeddable":true,"href":"https:\/\/munster-records.com\/en\/wp-json\/wp\/v2\/product_cat?post=116031"},{"taxonomy":"product_tag","embeddable":true,"href":"https:\/\/munster-records.com\/en\/wp-json\/wp\/v2\/product_tag?post=116031"}],"curies":[{"name":"wp","href":"https:\/\/api.w.org\/{rel}","templated":true}]}}