{"id":116049,"date":"2025-11-24T12:31:30","date_gmt":"2025-11-24T12:31:30","guid":{"rendered":"https:\/\/munster-records.com\/?post_type=product&#038;p=116049"},"modified":"2026-01-29T12:46:02","modified_gmt":"2026-01-29T12:46:02","slug":"116049","status":"publish","type":"product","link":"https:\/\/munster-records.com\/en\/producto\/116049\/","title":{"rendered":"Onda Esot\u00e9rica"},"content":{"rendered":"<p>Money Chicha, el colectivo con sede en Austin formado por miembros de las orquestas latinas ganadoras del Grammy Grupo Fantasma y Brownout, presenta su tercer \u00e1lbum de estudio: \u201cOnda Esot\u00e9rica\u201d.<\/p>\n<p>Grabado en los estudios Marigny de Nueva Orleans, el \u00e1lbum profundiza en su caracter\u00edstico sonido de cumbia amaz\u00f3nica psicod\u00e9lica, incorporando texturas ex\u00f3ticas, envolventes \u00f3rganos vintage y reinterpretaciones ingeniosas de cl\u00e1sicos como \u2018Cumbia \u00c1rabe\u2019.<\/p>\n<p>Como lo describe KUTX: \u201cEscuchar a Money Chicha es un poco como darte un viaje de \u00e1cido, tomarte un par de chupitos de tequila y subirte a un avi\u00f3n rumbo al Per\u00fa de los a\u00f1os 60&#8230; es el tipo de m\u00fasica que te reconfigura el cerebro, despierta a tu animal espiritual y te lleva a lugares donde nunca has estado\u201d.<\/p>\n<p>Si a eso le a\u00f1adimos un poco del estilo descarado del sur de Texas y un funk latino contundente, \u201cOnda Esot\u00e9rica\u201d se presenta como la obra m\u00e1s audaz y transportadora del grupo hasta la fecha: un viaje caleidosc\u00f3pico que es a partes iguales ritual y revelaci\u00f3n.<\/p>\n","protected":false},"excerpt":{"rendered":"<p><strong>Money Chicha, el colectivo con sede en Austin formado por miembros de las orquestas latinas ganadoras del Grammy Grupo Fantasma y Brownout, presenta su tercer \u00e1lbum de estudio: \u201cOnda Esot\u00e9rica\u201d. Cumbia amaz\u00f3nica psicod\u00e9lica con un toque del sur de Texas.<\/strong><\/p>\n<p><strong>\u201cEs como darte un viaje de \u00e1cido, tomarte un par de chupitos de tequila y subirte a un avi\u00f3n rumbo al Per\u00fa de los a\u00f1os 60\u201d \u2013 KUTX.<\/strong><\/p>\n","protected":false},"featured_media":116050,"template":"","meta":{"_acf_changed":false},"product_brand":[],"product_cat":[197,193],"product_tag":[],"class_list":{"0":"post-116049","1":"product","2":"type-product","3":"status-publish","4":"has-post-thumbnail","6":"product_cat-cumbia-en","7":"product_cat-latin-en","8":"product_shipping_class-lp-en-3","9":"pa_formato-lp-en","11":"first","12":"instock","13":"taxable","14":"shipping-taxable","15":"purchasable","16":"product-type-simple"},"acf":[],"_links":{"self":[{"href":"https:\/\/munster-records.com\/en\/wp-json\/wp\/v2\/product\/116049","targetHints":{"allow":["GET"]}}],"collection":[{"href":"https:\/\/munster-records.com\/en\/wp-json\/wp\/v2\/product"}],"about":[{"href":"https:\/\/munster-records.com\/en\/wp-json\/wp\/v2\/types\/product"}],"wp:featuredmedia":[{"embeddable":true,"href":"https:\/\/munster-records.com\/en\/wp-json\/wp\/v2\/media\/116050"}],"wp:attachment":[{"href":"https:\/\/munster-records.com\/en\/wp-json\/wp\/v2\/media?parent=116049"}],"wp:term":[{"taxonomy":"product_brand","embeddable":true,"href":"https:\/\/munster-records.com\/en\/wp-json\/wp\/v2\/product_brand?post=116049"},{"taxonomy":"product_cat","embeddable":true,"href":"https:\/\/munster-records.com\/en\/wp-json\/wp\/v2\/product_cat?post=116049"},{"taxonomy":"product_tag","embeddable":true,"href":"https:\/\/munster-records.com\/en\/wp-json\/wp\/v2\/product_tag?post=116049"}],"curies":[{"name":"wp","href":"https:\/\/api.w.org\/{rel}","templated":true}]}}