{"id":116078,"date":"2025-11-24T14:28:51","date_gmt":"2025-11-24T14:28:51","guid":{"rendered":"https:\/\/munster-records.com\/?post_type=product&#038;p=116078"},"modified":"2025-11-24T14:35:59","modified_gmt":"2025-11-24T14:35:59","slug":"watch-out","status":"publish","type":"product","link":"https:\/\/munster-records.com\/en\/producto\/watch-out\/","title":{"rendered":"WATCH OUT!"},"content":{"rendered":"<p>Justo cuando la era hippie llegaba a su fin en Estados Unidos, comenzaban los segundos a\u00f1os 60. En lo que hoy es Zimbabue, los j\u00f3venes crearon una contracultura de rock and roll inspirada en los ideales hippies y en los sonidos de Hendrix y Deep Purple. Los chavales de aquella escena llamaban a su m\u00fasica \u201cheavy\u201d, porque as\u00ed sent\u00edan su impacto, y sonaba desde Zambia hasta Nigeria.<\/p>\n<p>En su apogeo, a mediados de los a\u00f1os 70, la escena del heavy rock un\u00eda a decenas de miles de j\u00f3venes progresistas de todos los or\u00edgenes raciales y sociales. El pa\u00eds se llamaba entonces Rodesia, uno de los \u00faltimos bastiones del dominio blanco en \u00c1frica, y los rockeros desafiaban las leyes de segregaci\u00f3n y a la polic\u00eda secreta para luchar por un cambio democr\u00e1tico.<\/p>\n<p>Wells Fargo fue uno de los grupos m\u00e1s destacados de aquella escena, y el tema que da t\u00edtulo a este \u00e1lbum, \u2018Watch Out\u2019, se convirti\u00f3 en el himno de la contracultura local.<\/p>\n<p>Tras nuestras anteriores colaboraciones con Now-Again Records, estamos encantados de reeditar ahora \u201cWatch Out!\u201d de Wells Fargo, una cuidada colecci\u00f3n de canciones que entrelazan rock y funk con melod\u00edas folcl\u00f3ricas zimbabuenses, extra\u00eddas del repertorio de singles de la banda, no disponibles fuera de Zimbabue en el momento de su lanzamiento original.<\/p>\n<p>Vinilo de 180 gr<\/p>\n","protected":false},"excerpt":{"rendered":"<p><strong>Tras nuestras anteriores colaboraciones con Now-Again Records, estamos encantados de reeditar ahora \u201cWatch Out!\u201d de Wells Fargo, una cuidada colecci\u00f3n de canciones que entrelazan rock y funk con melod\u00edas folcl\u00f3ricas zimbabuenses, extra\u00eddas del repertorio de singles de la banda, no disponibles fuera de Zimbabue en el momento de su lanzamiento original.<\/strong><\/p>\n<p><strong>Wells Fargo fue uno de los grupos m\u00e1s destacados de la escena del heavy rock, y \u2018Watch Out\u2019 se convirti\u00f3 en el himno de la contracultura local.<\/strong><\/p>\n<p><strong>Reedici\u00f3n en vinilo de 180 gramos.<\/strong><\/p>\n<p>AUDIO:\u00a0<a href=\"https:\/\/www.youtube.com\/watch?v=qBD_z1jMB5k&amp;list=PLXsXv5-5AeZXMOTqSNcSV884ar37lqhqN\" rel=\"nofollow ugc\">www.youtube.com\/watch?v=qBD_z1jMB5k&amp;list=PLXsXv5-5AeZXMOTqSNcSV884ar37lqhqN<\/a><\/p>\n","protected":false},"featured_media":116079,"template":"","meta":{"_acf_changed":false},"product_brand":[],"product_cat":[56,156],"product_tag":[],"class_list":{"0":"post-116078","1":"product","2":"type-product","3":"status-publish","4":"has-post-thumbnail","6":"product_cat-africa","7":"product_cat-african-rock","8":"product_shipping_class-lp-2","9":"pa_formato-lp","11":"first","12":"instock","13":"taxable","14":"shipping-taxable","15":"purchasable","16":"product-type-simple"},"acf":[],"_links":{"self":[{"href":"https:\/\/munster-records.com\/en\/wp-json\/wp\/v2\/product\/116078","targetHints":{"allow":["GET"]}}],"collection":[{"href":"https:\/\/munster-records.com\/en\/wp-json\/wp\/v2\/product"}],"about":[{"href":"https:\/\/munster-records.com\/en\/wp-json\/wp\/v2\/types\/product"}],"wp:featuredmedia":[{"embeddable":true,"href":"https:\/\/munster-records.com\/en\/wp-json\/wp\/v2\/media\/116079"}],"wp:attachment":[{"href":"https:\/\/munster-records.com\/en\/wp-json\/wp\/v2\/media?parent=116078"}],"wp:term":[{"taxonomy":"product_brand","embeddable":true,"href":"https:\/\/munster-records.com\/en\/wp-json\/wp\/v2\/product_brand?post=116078"},{"taxonomy":"product_cat","embeddable":true,"href":"https:\/\/munster-records.com\/en\/wp-json\/wp\/v2\/product_cat?post=116078"},{"taxonomy":"product_tag","embeddable":true,"href":"https:\/\/munster-records.com\/en\/wp-json\/wp\/v2\/product_tag?post=116078"}],"curies":[{"name":"wp","href":"https:\/\/api.w.org\/{rel}","templated":true}]}}