{"id":116084,"date":"2025-11-25T09:51:31","date_gmt":"2025-11-25T09:51:31","guid":{"rendered":"https:\/\/munster-records.com\/?post_type=product&#038;p=116084"},"modified":"2025-11-25T10:05:35","modified_gmt":"2025-11-25T10:05:35","slug":"crees-que-soy-sexy-el-travoltoso","status":"publish","type":"product","link":"https:\/\/munster-records.com\/en\/producto\/crees-que-soy-sexy-el-travoltoso\/","title":{"rendered":"\u00bfCREES QUE SOY SEXY? \/ EL TRAVOLTOSO"},"content":{"rendered":"<p>Una vez m\u00e1s, Per\u00fa nos vuelve a sorprender. Desde las alturas de la cordillera andina nos llegan dos grabaciones que muestran c\u00f3mo el folklore local ha sido permeable a los \u00e9xitos internacionales, dando como resultado divertidas fusiones con lo local.<\/p>\n<p>\u2018\u00bfCrees que soy sexy?\u2019, el \u00e9xito de Rod Stewart de 1978 se ve aqu\u00ed transformado en un contundente tema de huayno, con sus percusiones y vientos, casi recordando al sonido de una <em>brass band<\/em> desfilando por las calles de Nueva Orleans! La crudeza y contundencia del sonido popular andino en todo su esplendor!<\/p>\n<p>En el otro lado encontramos un gui\u00f1o al \u2018Saturday Night Fever\u2019 bautizado como \u2018El travoltoso\u2019 y tambi\u00e9n impregnado de un innegable sabor andino a base de huayno y cumbia. De nuevo los instrumentos de viento son los protagonistas de esta grabaci\u00f3n que, como en el caso del tema de la otra cara, procede de uno de los discos m\u00e1s complicados de encontrar y m\u00e1s buscados por los coleccionistas de m\u00fasica peruana.<\/p>\n<p>Reeditados por primera vez.<\/p>\n","protected":false},"excerpt":{"rendered":"<p><strong>Dos rarezas peruanas, casi imposible de encontrar, que revisan los \u00e9xitos internacionales \u2018Do You Think I\u2019m Sexy?\u2019 y \u2018Saturday Night Fever\u2019 a base de ritmos andinos repletos de vientos y percusiones casi hipn\u00f3ticas. M\u00fasica disco pasada por el filtro de la cumbia andina y el huayno!<\/strong><\/p>\n<p><strong>Primera reedici\u00f3n.<\/strong><\/p>\n","protected":false},"featured_media":116085,"template":"","meta":{"_acf_changed":false},"product_brand":[],"product_cat":[203],"product_tag":[],"class_list":{"0":"post-116084","1":"product","2":"type-product","3":"status-publish","4":"has-post-thumbnail","6":"product_cat-peru-en","7":"product_shipping_class-cd-en","8":"pa_formato-7-en-2","10":"first","11":"instock","12":"taxable","13":"shipping-taxable","14":"purchasable","15":"product-type-simple"},"acf":[],"_links":{"self":[{"href":"https:\/\/munster-records.com\/en\/wp-json\/wp\/v2\/product\/116084","targetHints":{"allow":["GET"]}}],"collection":[{"href":"https:\/\/munster-records.com\/en\/wp-json\/wp\/v2\/product"}],"about":[{"href":"https:\/\/munster-records.com\/en\/wp-json\/wp\/v2\/types\/product"}],"wp:featuredmedia":[{"embeddable":true,"href":"https:\/\/munster-records.com\/en\/wp-json\/wp\/v2\/media\/116085"}],"wp:attachment":[{"href":"https:\/\/munster-records.com\/en\/wp-json\/wp\/v2\/media?parent=116084"}],"wp:term":[{"taxonomy":"product_brand","embeddable":true,"href":"https:\/\/munster-records.com\/en\/wp-json\/wp\/v2\/product_brand?post=116084"},{"taxonomy":"product_cat","embeddable":true,"href":"https:\/\/munster-records.com\/en\/wp-json\/wp\/v2\/product_cat?post=116084"},{"taxonomy":"product_tag","embeddable":true,"href":"https:\/\/munster-records.com\/en\/wp-json\/wp\/v2\/product_tag?post=116084"}],"curies":[{"name":"wp","href":"https:\/\/api.w.org\/{rel}","templated":true}]}}