{"id":116096,"date":"2025-11-25T10:30:22","date_gmt":"2025-11-25T10:30:22","guid":{"rendered":"https:\/\/munster-records.com\/?post_type=product&#038;p=116096"},"modified":"2025-11-25T10:35:50","modified_gmt":"2025-11-25T10:35:50","slug":"adolescents","status":"publish","type":"product","link":"https:\/\/munster-records.com\/en\/producto\/adolescents\/","title":{"rendered":"ADOLESCENTS"},"content":{"rendered":"<p>Pocos discos del punk underground estadounidense han tenido un eco tan amplio\u2014ni tan duradero\u2014como el debut hom\u00f3nimo de Adolescents, publicado originalmente por Frontier Records en 1981. Conocido entre los fans simplemente como \u201cThe Blue Album\u201d, este trabajo fundamental captur\u00f3 el pulso crudo de la rebeli\u00f3n adolescente en el sur de California, en un momento en que el hardcore empezaba a tomar forma, pero a\u00fan conservaba la urgencia contagiosa de la primera ola del punk.<\/p>\n<p>Formados en Fullerton, California, Adolescents reuni\u00f3 a miembros de bandas pioneras del punk del condado de Orange como Social Distortion y Agent Orange, fusionando influencias diversas hasta dar con una propuesta completamente propia. Con temas como \u2018Amoeba\u2019, \u2018Kids of the Black Hole\u2019 y \u2018No Way\u2019, el \u00e1lbum ofrec\u00eda mucho m\u00e1s que velocidad y potencia: hablaba directamente de la alienaci\u00f3n suburbana, la frustraci\u00f3n juvenil y la b\u00fasqueda de identidad en un mundo que se volv\u00eda cada vez m\u00e1s hostil y conformista.<\/p>\n<p>Esta nueva edici\u00f3n brinda tanto a oyentes veteranos como a nuevos seguidores la oportunidad de redescubrir\u2014o conocer por primera vez\u2014un disco que ayud\u00f3 a definir el sonido punk de la costa oeste. Desde su impactante portada azul hasta su mezcla de melod\u00eda, actitud desafiante y urgencia, \u201cAdolescents\u201d sigue siendo una escucha esencial, tan relevante hoy como lo fue hace m\u00e1s de cuarenta a\u00f1os. No solo reflej\u00f3 su tiempo: ayud\u00f3 a moldear lo que el punk pod\u00eda llegar a ser\u2014ruidoso, inteligente, emotivo y brutalmente honesto.<\/p>\n<p>Reeditado con cuidado y respeto por su esp\u00edritu original, \u201cAdolescents\u201d no es solo un hito en la historia del punk, sino tambi\u00e9n un testimonio del poder duradero de la juventud en rebeli\u00f3n. Esta reedici\u00f3n incluye una reproducci\u00f3n del encarte original y del p\u00f3ster que acompa\u00f1aba al disco.<\/p>\n","protected":false},"excerpt":{"rendered":"<p>AUDIO:\u00a0<a href=\"https:\/\/www.youtube.com\/watch?v=-R7gr3GhV50\" rel=\"nofollow ugc\">www.youtube.com\/watch?v=-R7gr3GhV50<\/a><\/p>\n<p><strong>El \u00e1lbum debut hom\u00f3nimo de Adolescents captur\u00f3 el pulso crudo de la rebeli\u00f3n adolescente del sur de California, en un momento en que el hardcore empezaba a tomar forma, manteniendo a\u00fan la urgencia del punk m\u00e1s primitivo.<\/strong><\/p>\n<p><strong>Esta reedici\u00f3n brinda la oportunidad de redescubrir\u2014o descubrir por primera vez\u2014un disco que ayud\u00f3 a definir el sonido punk de la costa oeste. Incluye una reproducci\u00f3n del encarte original y un p\u00f3ster.<\/strong><\/p>\n","protected":false},"featured_media":116097,"template":"","meta":{"_acf_changed":false},"product_brand":[],"product_cat":[54],"product_tag":[],"class_list":{"0":"post-116096","1":"product","2":"type-product","3":"status-publish","4":"has-post-thumbnail","6":"product_cat-punk","7":"product_shipping_class-lp-2","8":"pa_formato-lp","10":"first","11":"instock","12":"taxable","13":"shipping-taxable","14":"purchasable","15":"product-type-simple"},"acf":[],"_links":{"self":[{"href":"https:\/\/munster-records.com\/en\/wp-json\/wp\/v2\/product\/116096","targetHints":{"allow":["GET"]}}],"collection":[{"href":"https:\/\/munster-records.com\/en\/wp-json\/wp\/v2\/product"}],"about":[{"href":"https:\/\/munster-records.com\/en\/wp-json\/wp\/v2\/types\/product"}],"wp:featuredmedia":[{"embeddable":true,"href":"https:\/\/munster-records.com\/en\/wp-json\/wp\/v2\/media\/116097"}],"wp:attachment":[{"href":"https:\/\/munster-records.com\/en\/wp-json\/wp\/v2\/media?parent=116096"}],"wp:term":[{"taxonomy":"product_brand","embeddable":true,"href":"https:\/\/munster-records.com\/en\/wp-json\/wp\/v2\/product_brand?post=116096"},{"taxonomy":"product_cat","embeddable":true,"href":"https:\/\/munster-records.com\/en\/wp-json\/wp\/v2\/product_cat?post=116096"},{"taxonomy":"product_tag","embeddable":true,"href":"https:\/\/munster-records.com\/en\/wp-json\/wp\/v2\/product_tag?post=116096"}],"curies":[{"name":"wp","href":"https:\/\/api.w.org\/{rel}","templated":true}]}}