{"id":116131,"date":"2025-12-15T12:43:39","date_gmt":"2025-12-15T12:43:39","guid":{"rendered":"https:\/\/munster-records.com\/?post_type=product&#038;p=116131"},"modified":"2025-12-15T12:51:04","modified_gmt":"2025-12-15T12:51:04","slug":"play-boy-descarga-rogers","status":"publish","type":"product","link":"https:\/\/munster-records.com\/en\/producto\/play-boy-descarga-rogers\/","title":{"rendered":"Play Boy \/ Descarga Roger&#8217;s"},"content":{"rendered":"<p>Iquitos, una de las ciudades m\u00e1s aisladas del Per\u00fa y capital de su regi\u00f3n amaz\u00f3nica, fue el epicentro del movimiento de la cumbia psicod\u00e9lica. Numerosas bandas surgieron de este lugar, con diferente fortuna en sus carreras musicales. Algunas llegaron a convertirse en estrellas internacionales, en abanderadas de la cumbia, mientras que otros artistas no trascender\u00edan m\u00e1s all\u00e1 de su regi\u00f3n de origen en la selva amaz\u00f3nica.<\/p>\n<p>Grupos como Los Playboys son una de esas formaciones extremadamente oscuras de las que apenas conocemos nada\u2026 El sello de Ranil, Producciones Llerena, les public\u00f3 un soberbio single del que ahora rescatamos su \u2018Play Boy\u2019, un tema instrumental con todos los ingredientes esenciales de la cumbia psicod\u00e9lica: guitarras juguetonas de influencia surf y un <em>groove<\/em> hipn\u00f3tico y, a la vez, bailable que resulta irresistible.<\/p>\n<p>Completamos este single con otro gran grupo de Iquitos, Los Roger\u2019s. Su magn\u00edfico \u2018Descarga Rogers\u2019, nunca antes disponible en formato 7\u201d, es el tema que abre su \u00fanico \u00e1lbum y explora unas sonoridades de influencia cubana en donde la guitarra rivaliza en protagonismo con las percusiones y voz.<\/p>\n<p>Dos joyas musicales amaz\u00f3nicas reeditadas ahora por primera vez.<\/p>\n","protected":false},"excerpt":{"rendered":"<p><strong>Dos rarezas amaz\u00f3nicas, casi imposibles de encontrar, que se reeditan ahora por primera vez en este single. <\/strong><\/p>\n<p><strong>El instrumental de Los Playboys \u2018Play Boy\u2019, con todos los ingredientes esenciales de la cumbia psicod\u00e9lica: guitarras juguetonas de influencia surf y un groove hipn\u00f3tico y, a la vez, bailable que resulta irresistible. Y en el otro lado encontramos una potente descarga de influencia cubana cargo del oscuro grupo de Iquitos Los Roger\u2019s.<\/strong><\/p>\n","protected":false},"featured_media":116132,"template":"","meta":{"_acf_changed":false},"product_brand":[],"product_cat":[193,203],"product_tag":[],"class_list":{"0":"post-116131","1":"product","2":"type-product","3":"status-publish","4":"has-post-thumbnail","6":"product_cat-latin-en","7":"product_cat-peru-en","8":"product_shipping_class-cd-en","9":"pa_formato-7-en-2","11":"first","12":"instock","13":"taxable","14":"shipping-taxable","15":"purchasable","16":"product-type-simple"},"acf":[],"_links":{"self":[{"href":"https:\/\/munster-records.com\/en\/wp-json\/wp\/v2\/product\/116131","targetHints":{"allow":["GET"]}}],"collection":[{"href":"https:\/\/munster-records.com\/en\/wp-json\/wp\/v2\/product"}],"about":[{"href":"https:\/\/munster-records.com\/en\/wp-json\/wp\/v2\/types\/product"}],"wp:featuredmedia":[{"embeddable":true,"href":"https:\/\/munster-records.com\/en\/wp-json\/wp\/v2\/media\/116132"}],"wp:attachment":[{"href":"https:\/\/munster-records.com\/en\/wp-json\/wp\/v2\/media?parent=116131"}],"wp:term":[{"taxonomy":"product_brand","embeddable":true,"href":"https:\/\/munster-records.com\/en\/wp-json\/wp\/v2\/product_brand?post=116131"},{"taxonomy":"product_cat","embeddable":true,"href":"https:\/\/munster-records.com\/en\/wp-json\/wp\/v2\/product_cat?post=116131"},{"taxonomy":"product_tag","embeddable":true,"href":"https:\/\/munster-records.com\/en\/wp-json\/wp\/v2\/product_tag?post=116131"}],"curies":[{"name":"wp","href":"https:\/\/api.w.org\/{rel}","templated":true}]}}