{"id":116143,"date":"2025-12-15T13:30:52","date_gmt":"2025-12-15T13:30:52","guid":{"rendered":"https:\/\/munster-records.com\/?post_type=product&#038;p=116143"},"modified":"2025-12-15T13:35:35","modified_gmt":"2025-12-15T13:35:35","slug":"toni-tornado","status":"publish","type":"product","link":"https:\/\/munster-records.com\/en\/producto\/toni-tornado\/","title":{"rendered":"TONI TORNADO"},"content":{"rendered":"<p>AUDIO:\u00a0<a href=\"https:\/\/youtu.be\/Bl2rek5D4oc?si=SuZt15Dx1aufRIte\" rel=\"nofollow ugc\">youtu.be\/Bl2rek5D4oc?si=SuZt15Dx1aufRIte<\/a><\/p>\n<p>Publicado originalmente en 1972, el \u00e1lbum debut de oni Tornado es una obra clave del soul y el funk brasile\u00f1o \u2014un disco cargado de ritmo y actitud que ayud\u00f3 a definir el sonido del movimiento Black Ro. Una mezcla explosiva de soul profundo, funk psicod\u00e9lico y arreglos potentes que canaliza la energ\u00eda revolucionaria de James Brown con el sabor tropical de las calles de R\u00edo.<\/p>\n<p>Desde el ritmo implacable de \u2018Torniente\u2019 hasta el groove contundente de \u2018Man\u00e9 Beleza\u201d y \u2018Tornado\u2019, la m\u00fasica de Toni transmite orgullo, fuerza y liberaci\u00f3n. Es el sonido de una nueva identidad cultural que empieza a tomar forma, donde el soul afroamericano se encuentra con la realidad afrobrasile\u00f1a.<\/p>\n<p>Comparado a menudo con el m\u00edtico Tim Maia, Tornado aport\u00f3 su propio enfoque explosivo a la escena soul brasile\u00f1a. Su voz tiene garra, sus ritmos golpean fuerte, y su mensaje es claro: lo negro es bello, y el funk, aut\u00e9ntico.<\/p>\n<p>Disponible ahora en vinilo para una nueva generaci\u00f3n, esta reedici\u00f3n es mucho m\u00e1s que una pieza de colecci\u00f3n: es una c\u00e1psula del tiempo de una era en la que la m\u00fasica mov\u00eda cuerpos y despertaba conciencias. Escucha imprescindible para amantes del soul cl\u00e1sico, el funk global y los sonidos revolucionarios.<\/p>\n<p>Reedici\u00f3n en vinilo de 180gr.<\/p>\n","protected":false},"excerpt":{"rendered":"<p><strong>Publicado originalmente en 1972, el \u00e1lbum debut de Toni Tornado es una obra clave del soul y el funk brasile\u00f1o \u2014un disco cargado de ritmo y actitud que ayud\u00f3 a definir el sonido del movimiento Black Rio.<\/strong><\/p>\n<p><strong>Comparado a menudo con el m\u00edtico Tim Maia, Tornado aport\u00f3 su propio enfoque explosivo a la escena soul brasile\u00f1a. Disponible ahora en vinilo para una nueva generaci\u00f3n, esta reedici\u00f3n es mucho m\u00e1s que una pieza de colecci\u00f3n: es una c\u00e1psula del tiempo de una era en la que la m\u00fasica mov\u00eda cuerpos y despertaba conciencias. <\/strong><\/p>\n<p><strong>Reedici\u00f3n en vinilo de 180gr.<\/strong><\/p>\n","protected":false},"featured_media":116144,"template":"","meta":{"_acf_changed":false},"product_brand":[],"product_cat":[50,130,60],"product_tag":[],"class_list":{"0":"post-116143","1":"product","2":"type-product","3":"status-publish","4":"has-post-thumbnail","6":"product_cat-brasil","7":"product_cat-funk","8":"product_cat-soul","9":"product_shipping_class-lp-2","10":"pa_formato-lp","12":"first","13":"instock","14":"taxable","15":"shipping-taxable","16":"purchasable","17":"product-type-simple"},"acf":[],"_links":{"self":[{"href":"https:\/\/munster-records.com\/en\/wp-json\/wp\/v2\/product\/116143","targetHints":{"allow":["GET"]}}],"collection":[{"href":"https:\/\/munster-records.com\/en\/wp-json\/wp\/v2\/product"}],"about":[{"href":"https:\/\/munster-records.com\/en\/wp-json\/wp\/v2\/types\/product"}],"wp:featuredmedia":[{"embeddable":true,"href":"https:\/\/munster-records.com\/en\/wp-json\/wp\/v2\/media\/116144"}],"wp:attachment":[{"href":"https:\/\/munster-records.com\/en\/wp-json\/wp\/v2\/media?parent=116143"}],"wp:term":[{"taxonomy":"product_brand","embeddable":true,"href":"https:\/\/munster-records.com\/en\/wp-json\/wp\/v2\/product_brand?post=116143"},{"taxonomy":"product_cat","embeddable":true,"href":"https:\/\/munster-records.com\/en\/wp-json\/wp\/v2\/product_cat?post=116143"},{"taxonomy":"product_tag","embeddable":true,"href":"https:\/\/munster-records.com\/en\/wp-json\/wp\/v2\/product_tag?post=116143"}],"curies":[{"name":"wp","href":"https:\/\/api.w.org\/{rel}","templated":true}]}}