{"id":116161,"date":"2025-12-18T12:26:50","date_gmt":"2025-12-18T12:26:50","guid":{"rendered":"https:\/\/munster-records.com\/?post_type=product&#038;p=116161"},"modified":"2025-12-18T12:35:51","modified_gmt":"2025-12-18T12:35:51","slug":"la-cucaracha-brass","status":"publish","type":"product","link":"https:\/\/munster-records.com\/en\/producto\/la-cucaracha-brass\/","title":{"rendered":"LA CUCARACHA BRASS"},"content":{"rendered":"<p>Durante los a\u00f1os sesenta, especialmente en la segunda mitad, Bobby Mar\u00edn era un joven y prometedor talento neoyorquino que, junto con su hermano Richard, se encarg\u00f3 de producir, escribir o coordinar multitud de grabaciones de Louie Ram\u00edrez, Machito, The Nitty Gritty, Willie Rosario, Joe Cuba, Johnny Zamot, Kako y Azuquita, Charlie Palmieri y otros. Muchos de estos artistas estaban inmersos en el movimiento boogaloo que se desarrollaba en aquel momento. Por ello, no fue una sorpresa que Ismael Maisonave \u2014h\u00e9roe an\u00f3nimo de la escena latina y propietario de Mary Lou Records\u2014 se acercara a Bobby con la idea de reeditar un \u00e1lbum de Raphie Mart\u00ednez como LP econ\u00f3mico bajo otro nombre, lo que dio lugar a \u201cLa Cucaracha Brass\u201d.<\/p>\n<p>Las canciones seleccionadas para esta recopilaci\u00f3n representan un momento en el que el mundo se preparaba para un monstruo incipiente llamado salsa, g\u00e9nero que dominar\u00eda durante los a\u00f1os siguientes. El LP incluye descargas, guaguanc\u00f3s, guarachas y boogaloo.<\/p>\n<p>Se trata de una colecci\u00f3n de grabaciones de distintos artistas que se llam\u00f3 Cucaracha Brass simplemente porque en esa \u00e9poca el grupo Tijuana Brass gozaba de gran popularidad\u2026 La mayor\u00eda de los temas (seis de ocho, presumiblemente) se tomaron del LP Raphie Mart\u00ednez and the National Combo \u201cCool Man\u201d (Mary Lou 1002). Sin embargo, hay diferencias notables entre ambos discos. \u2018Latin Power\u2019 es una guaracha y descarga instrumental explosiva, en la que trompeta, congas y timbales ofrecen potentes solos. \u2018Takin\u2019 Over\u2019, un boogaloo instrumental, aparece como \u2018We Are Taking Over\u2019 en el \u00e1lbum de Raphie Mart\u00ednez (con un tempo m\u00e1s r\u00e1pido y una voz de fondo). \u2018Hey Mama\u2019, un boogaloo cantado por Bobby Mar\u00edn, se titula \u2018Do It All Over\u2019 en la grabaci\u00f3n de Mart\u00ednez, con un cantante distinto, otra letra y un tempo diferente.<\/p>\n<p>Adem\u00e1s de las versiones editadas de los temas tomados del \u00e1lbum de Mart\u00ednez, este disco incluye canciones procedentes de otros lanzamientos de Mary Lou Records, como Quique Rosa y La Sabrosa Orchestra (Mary Lou 1020).<\/p>\n","protected":false},"excerpt":{"rendered":"<p><strong>Las canciones seleccionadas para esta recopilaci\u00f3n representan un momento en el que el mundo se preparaba para un monstruo incipiente llamado salsa, que dominar\u00eda durante los a\u00f1os siguientes. El LP incluye descargas, guaguanc\u00f3s, guarachas y boogaloos de diferentes artistas, principalmente tomados del LP Raphie Mart\u00ednez and the National Combo \u201cCool Man\u201d.<\/strong><\/p>\n<p><strong>Otro gran trabajo del responsable \u2014casi desde la sombra\u2014 de algunas de las mejores grabaciones latinas de los a\u00f1os sesenta y setenta: Bobby Mar\u00edn.<\/strong><\/p>\n","protected":false},"featured_media":116162,"template":"","meta":{"_acf_changed":false},"product_brand":[],"product_cat":[194,193],"product_tag":[],"class_list":{"0":"post-116161","1":"product","2":"type-product","3":"status-publish","4":"has-post-thumbnail","6":"product_cat-boogaloo-en","7":"product_cat-latin-en","8":"product_shipping_class-lp-en-3","9":"pa_formato-lp-en","11":"first","12":"instock","13":"taxable","14":"shipping-taxable","15":"purchasable","16":"product-type-simple"},"acf":[],"_links":{"self":[{"href":"https:\/\/munster-records.com\/en\/wp-json\/wp\/v2\/product\/116161","targetHints":{"allow":["GET"]}}],"collection":[{"href":"https:\/\/munster-records.com\/en\/wp-json\/wp\/v2\/product"}],"about":[{"href":"https:\/\/munster-records.com\/en\/wp-json\/wp\/v2\/types\/product"}],"wp:featuredmedia":[{"embeddable":true,"href":"https:\/\/munster-records.com\/en\/wp-json\/wp\/v2\/media\/116162"}],"wp:attachment":[{"href":"https:\/\/munster-records.com\/en\/wp-json\/wp\/v2\/media?parent=116161"}],"wp:term":[{"taxonomy":"product_brand","embeddable":true,"href":"https:\/\/munster-records.com\/en\/wp-json\/wp\/v2\/product_brand?post=116161"},{"taxonomy":"product_cat","embeddable":true,"href":"https:\/\/munster-records.com\/en\/wp-json\/wp\/v2\/product_cat?post=116161"},{"taxonomy":"product_tag","embeddable":true,"href":"https:\/\/munster-records.com\/en\/wp-json\/wp\/v2\/product_tag?post=116161"}],"curies":[{"name":"wp","href":"https:\/\/api.w.org\/{rel}","templated":true}]}}