{"id":116192,"date":"2025-12-18T14:10:47","date_gmt":"2025-12-18T14:10:47","guid":{"rendered":"https:\/\/munster-records.com\/?post_type=product&#038;p=116192"},"modified":"2025-12-18T14:21:45","modified_gmt":"2025-12-18T14:21:45","slug":"cumbia-cumbia-cumbia-vol-4","status":"publish","type":"product","link":"https:\/\/munster-records.com\/en\/producto\/cumbia-cumbia-cumbia-vol-4\/","title":{"rendered":"CUMBIA CUMBIA CUMBIA!!! VOL.4"},"content":{"rendered":"<p>Los or\u00edgenes hist\u00f3ricos de la cumbia son difusos e imprecisos. La mitolog\u00eda que la rodea evoca un pasado remoto, cuando los sonidos musicales amerindios, africanos y europeos se mezclaron dando forma a algo completamente nuevo.<\/p>\n<p>&nbsp;<\/p>\n<p>Tras bucear a fondo en los inmensos archivos de Discos Fuentes, Codiscos y Discos MAG en los vol\u00famenes anteriores, este cuarto cap\u00edtulo de la serie \u201cCumbia Cumbia Cumbia!!!\u201d re\u00fane 28 joyas de la cumbia colombiana pensadas para la pista de baile, rescatadas de los rincones m\u00e1s ocultos de los archivos de Discos Tropical, todas ellas publicadas originalmente entre 1960 y 1984.<\/p>\n<p>&nbsp;<\/p>\n<p>Discos Tropical, con sede en Barranquilla, fue fundada a mediados de los a\u00f1os 40 por Luis Emilio Fortou Pereira, un visionario que ayud\u00f3 a definir los gustos y h\u00e1bitos de baile de toda una \u00e9poca en Colombia. Hasta finales de los 50, la mayor\u00eda de las cumbias eran de corte orquestal; sin embargo, aunque los formatos y estilos se diversificaron a partir de la d\u00e9cada siguiente, esas grandes bandas \u2014tan populares entonces\u2014 marcaron el sonido inconfundible de Discos Tropical y animaron los bailes m\u00e1s cosmopolitas de las grandes ciudades costeras. A partir de mediados de los 60, las <em>big bands<\/em> fueron perdiendo protagonismo, pero la pasi\u00f3n por la m\u00fasica tropical segu\u00eda viva. Ante esta situaci\u00f3n, las grandes discogr\u00e1ficas apostaron por formaciones m\u00e1s peque\u00f1as con una caracter\u00edstica especial: mezclaban la m\u00fasica de acorde\u00f3n con los metales.<\/p>\n<p>&nbsp;<\/p>\n<p>Este nuevo volumen de \u201cCumbia Cumbia Cumbia!!!\u201d combina cl\u00e1sicos inolvidables y rarezas pr\u00e1cticamente imposibles de encontrar en sus formatos originales. Una invitaci\u00f3n irresistible a disfrutar y dejarse sorprender, m\u00e1s all\u00e1 de cualquier mirada etnogr\u00e1fica o acad\u00e9mica.<\/p>\n","protected":false},"excerpt":{"rendered":"<p><strong>Tras explorar los extensos archivos de Discos Fuentes, Codiscos y Discos MAG en los vol\u00famenes previos, este cuarto lanzamiento de la serie \u201cCumbia Cumbia Cumbia!!!\u201d presenta 28 himnos de la cumbia colombiana para la pista de baile, rescatados de los archivos de Discos Tropical, grabados entre 1960 y 1984.<\/strong><\/p>\n<p><strong>\u00a0<\/strong><strong>\u201cCumbia Cumbia Cumbia!!! Vol.4\u201d re\u00fane cl\u00e1sicos consagrados y rarezas dif\u00edciles de hallar en su formato original. Una experiencia sonora \u00fanica que invita a bailar, disfrutar y redescubrir la magia de la cumbia.<\/strong><\/p>\n<p><strong>\u00a0<\/strong><strong>Doble LP.<\/strong><\/p>\n","protected":false},"featured_media":116193,"template":"","meta":{"_acf_changed":false},"product_brand":[],"product_cat":[197,193],"product_tag":[],"class_list":{"0":"post-116192","1":"product","2":"type-product","3":"status-publish","4":"has-post-thumbnail","6":"product_cat-cumbia-en","7":"product_cat-latin-en","8":"product_shipping_class-lp-doble-en","9":"pa_formato-2lp-en","11":"first","12":"instock","13":"taxable","14":"shipping-taxable","15":"purchasable","16":"product-type-simple"},"acf":[],"_links":{"self":[{"href":"https:\/\/munster-records.com\/en\/wp-json\/wp\/v2\/product\/116192","targetHints":{"allow":["GET"]}}],"collection":[{"href":"https:\/\/munster-records.com\/en\/wp-json\/wp\/v2\/product"}],"about":[{"href":"https:\/\/munster-records.com\/en\/wp-json\/wp\/v2\/types\/product"}],"wp:featuredmedia":[{"embeddable":true,"href":"https:\/\/munster-records.com\/en\/wp-json\/wp\/v2\/media\/116193"}],"wp:attachment":[{"href":"https:\/\/munster-records.com\/en\/wp-json\/wp\/v2\/media?parent=116192"}],"wp:term":[{"taxonomy":"product_brand","embeddable":true,"href":"https:\/\/munster-records.com\/en\/wp-json\/wp\/v2\/product_brand?post=116192"},{"taxonomy":"product_cat","embeddable":true,"href":"https:\/\/munster-records.com\/en\/wp-json\/wp\/v2\/product_cat?post=116192"},{"taxonomy":"product_tag","embeddable":true,"href":"https:\/\/munster-records.com\/en\/wp-json\/wp\/v2\/product_tag?post=116192"}],"curies":[{"name":"wp","href":"https:\/\/api.w.org\/{rel}","templated":true}]}}