{"id":116289,"date":"2025-12-23T09:14:02","date_gmt":"2025-12-23T09:14:02","guid":{"rendered":"https:\/\/munster-records.com\/?post_type=product&#038;p=116289"},"modified":"2026-02-18T10:29:05","modified_gmt":"2026-02-18T10:29:05","slug":"lo-borges","status":"publish","type":"product","link":"https:\/\/munster-records.com\/en\/producto\/lo-borges\/","title":{"rendered":"L\u00d4 BORGES"},"content":{"rendered":"<p>Antes de cumplir los 20 a\u00f1os, L\u00f4 Borges grab\u00f3 uno de los discos m\u00e1s fascinantes que ha dado la escena musical brasile\u00f1a \u2014 un \u00e1lbum que en su d\u00eda pas\u00f3 desapercibido, pero que con el tiempo se ha convertido en una obra de culto para mel\u00f3manos de todo el mundo.<\/p>\n<p>Grabado en el mismo a\u00f1o que el m\u00edtico \u201cClube da Esquina\u201d \u2014la colaboraci\u00f3n revolucionaria con Milton Nascimento y Beto Guedes\u2014, este debut en solitario muestra a un L\u00f4 Borges en plena efervescencia creativa. Presionado por el sello Odeon para sacar un disco propio, Borges respondi\u00f3 con una r\u00e1faga de inspiraci\u00f3n juvenil, escribiendo algunas canciones por la ma\u00f1ana y grab\u00e1ndolas esa misma noche. \u00bfEl resultado? Un disco espont\u00e1neo, sincero y con un sonido absolutamente deslumbrante.<\/p>\n<p>Desde las guitarras brillantes de \u2018Voc\u00ea Fica Melhor Assim\u2019 hasta las melod\u00edas on\u00edricas de \u2018Can\u00e7\u00e3o Postal\u2019 o el aire jazz\u00edstico de \u2018Calibre\u2019, el \u00e1lbum mezcla la m\u00fasica popular brasile\u00f1a con rock, soul y un ligero toque psicod\u00e9lico. Tiene la intimidad de una grabaci\u00f3n casera, pero con la sofisticaci\u00f3n musical de los grandes \u2014 con colaboradores como Toninho Horta, Tenorio Jr., Nelson Angelo y, por supuesto, Beto Guedes, que ayudaron a dar forma a la visi\u00f3n de Borges.<\/p>\n<p>Si te gustan Caetano Veloso, Gilberto Gil o el primer Milton Nascimento, aqu\u00ed te vas a sentir como en casa \u2014 pero L\u00f4 Borges aporta una voz propia, delicada y electrizante a la vez, en cada una de las canciones. Las guitarras suenan con ese punto de distorsi\u00f3n justo, los arreglos son ricos, y la composici\u00f3n, simplemente m\u00e1gica.<\/p>\n<p>Aunque no tuvo repercusi\u00f3n en su momento, \u201cL\u00f4 Borges\u201d no ha dejado de crecer con los a\u00f1os. Es uno de esos discos que se descubren una vez, y a los que siempre se vuelve \u2014 un tesoro atemporal de un artista que ayud\u00f3 a redefinir la m\u00fasica brasile\u00f1a desde dentro.<\/p>\n<p>Si te atrae la canci\u00f3n de autor c\u00e1lida, con alma y un punto experimental, este disco est\u00e1 esper\u00e1ndote. Esc\u00fachalo y descubre por qu\u00e9 \u201cL\u00f4 Borges\u201d es una de las grandes obras de Brasil.<\/p>\n<p>Reedici\u00f3n en vinilo de 180gr.<\/p>\n","protected":false},"excerpt":{"rendered":"<p><strong>Descubre una joya oculta de la m\u00fasica brasile\u00f1a.<\/strong> <strong>Grabado en el mismo a\u00f1o que el m\u00edtico \u201cClube da Esquina\u201d, este debut en solitario muestra a un L\u00f4 Borges en plena efervescencia creativa.<\/strong><\/p>\n<p><strong>Desde las guitarras brillantes de \u2018Voc\u00ea Fica Melhor Assim\u2019 hasta las melod\u00edas on\u00edricas de \u2018Can\u00e7\u00e3o Postal\u2019 o el aire jazz\u00edstico de \u2018Calibre\u2019, el \u00e1lbum mezcla la m\u00fasica popular brasile\u00f1a con rock, soul y un ligero toque psicod\u00e9lico.<\/strong><\/p>\n<p><strong>Reedici\u00f3n en vinilo de 180gr.<\/strong><\/p>\n<p>AUDIO:\u00a0<a href=\"https:\/\/youtu.be\/i8U_g_psO9w?si=dYhFtZHugbY2Fks1\" rel=\"nofollow ugc\">youtu.be\/i8U_g_psO9w?si=dYhFtZHugbY2Fks1<\/a><\/p>\n","protected":false},"featured_media":116290,"template":"","meta":{"_acf_changed":false},"product_brand":[],"product_cat":[50,101],"product_tag":[],"class_list":{"0":"post-116289","1":"product","2":"type-product","3":"status-publish","4":"has-post-thumbnail","6":"product_cat-brasil","7":"product_cat-tropicalisimo","8":"product_shipping_class-lp-2","9":"pa_formato-lp","11":"first","12":"outofstock","13":"taxable","14":"shipping-taxable","15":"purchasable","16":"product-type-simple"},"acf":[],"_links":{"self":[{"href":"https:\/\/munster-records.com\/en\/wp-json\/wp\/v2\/product\/116289","targetHints":{"allow":["GET"]}}],"collection":[{"href":"https:\/\/munster-records.com\/en\/wp-json\/wp\/v2\/product"}],"about":[{"href":"https:\/\/munster-records.com\/en\/wp-json\/wp\/v2\/types\/product"}],"wp:featuredmedia":[{"embeddable":true,"href":"https:\/\/munster-records.com\/en\/wp-json\/wp\/v2\/media\/116290"}],"wp:attachment":[{"href":"https:\/\/munster-records.com\/en\/wp-json\/wp\/v2\/media?parent=116289"}],"wp:term":[{"taxonomy":"product_brand","embeddable":true,"href":"https:\/\/munster-records.com\/en\/wp-json\/wp\/v2\/product_brand?post=116289"},{"taxonomy":"product_cat","embeddable":true,"href":"https:\/\/munster-records.com\/en\/wp-json\/wp\/v2\/product_cat?post=116289"},{"taxonomy":"product_tag","embeddable":true,"href":"https:\/\/munster-records.com\/en\/wp-json\/wp\/v2\/product_tag?post=116289"}],"curies":[{"name":"wp","href":"https:\/\/api.w.org\/{rel}","templated":true}]}}