{"id":116321,"date":"2026-01-12T08:09:21","date_gmt":"2026-01-12T08:09:21","guid":{"rendered":"https:\/\/munster-records.com\/?post_type=product&#038;p=116321"},"modified":"2026-01-12T08:12:42","modified_gmt":"2026-01-12T08:12:42","slug":"golpes","status":"publish","type":"product","link":"https:\/\/munster-records.com\/en\/producto\/golpes\/","title":{"rendered":"GOLPES"},"content":{"rendered":"<p>\u201cGolpes\u201d re\u00fane algunos de los santos griales en formato 7\u201d que definieron el post-punk en Espa\u00f1a a principios de los 80. Una colecci\u00f3n de incunables, pero sobre todo de canciones apote\u00f3sicas que hoy son himnos que trascienden el <em>siniestrismo<\/em>, la <em>movida<\/em> o la <em>new wave<\/em>\u2026 Ojo a la lista: \u2018Autosuficiencia\u2019, \u2018El Hospital\u2019, \u2018Nacidos para dominar\u2019, \u2018C\u00f3mo perdimos Berl\u00edn\u2019, \u2018Quiero ser santa\u2019, \u2018Los Celos se apoderan de mi\u2019 y, por supuesto, \u2018Golpes\u2019. Aparecen nombres, como Alaska y los Pegamoides o Gabinete Caligari, que lograr\u00edan una gran popularidad y \u00e9xitos de ventas, tambi\u00e9n artistas legendarios como Desechables o Par\u00e1lisis Permanente, probablemente la banda m\u00e1s ic\u00f3nica del post-punk patrio, y grupos fetiche de los fans mejor informados como Agrimensor K o El \u00faltimo sue\u00f1o.<\/p>\n<p>Esta caja contiene singles inencontrables, cl\u00e1sicos del g\u00e9nero y rarezas como los maxis de Seres Vac\u00edos o el m\u00edtico <em>flexi<\/em> de Alaska y los Pegamoides mutados por primera vez al formato vinilo de 7\u201d. En total, 14 discos de 7\u201d con su arte original, incluyendo sus respectivos encartes.<\/p>\n<p>Tambi\u00e9n se incluye un libreto de 24 p\u00e1ginas que recopila <em>flyers<\/em>, posters, anuncios, citas y recortes de fanzines de la \u00e9poca junto con un texto a cargo de Borja Prieto, y el rar\u00edsimo poster de Alaska y los Pegamoides que acompa\u00f1\u00f3 a la primera edici\u00f3n de su single \u201cHorror en el hipermercado\u201d.<\/p>\n<p>\u201cGolpes\u201d es una amplia mirada a la parte m\u00e1s oscura de la efervescente escena musical espa\u00f1ola de los ochenta. Imprescindible.<\/p>\n","protected":false},"excerpt":{"rendered":"<p><strong>\u201cGolpes\u201d re\u00fane algunos de los santos griales en formato 7\u201d que definieron el post-punk en Espa\u00f1a a principios de los 80. Una colecci\u00f3n de incunables, pero sobre todo de canciones apote\u00f3sicas que hoy son himnos que trascienden el <em>siniestrismo<\/em>, la <em>movida<\/em> o la new wave\u2026<\/strong><\/p>\n<p><strong>Contiene singles inencontrables, cl\u00e1sicos del g\u00e9nero y rarezas como los maxis de Seres Vac\u00edos o el m\u00edtico flexi de Alaska y los Pegamoides mutados por primera vez al formato vinilo de 7\u201d. En total, 14 discos de 7\u201d con su arte original, incluyendo sus respectivos encartes, adem\u00e1s de un libreto de 24 p\u00e1ginas y el rar\u00edsimo poster de Alaska y los Pegamoides que acompa\u00f1\u00f3 a la primera edici\u00f3n de su single \u201cHorror en el hipermercado\u201d.<\/strong><\/p>\n<p><strong>PAR\u00c1LISIS PERMANENTE (MR 7373)<br \/>\nLADO 1<\/strong><br \/>\n1. UNIDOS<br \/>\n2. YO NO<br \/>\n<strong>LADO 2<\/strong><br \/>\n1. QUIERO SER SANTA<br \/>\n2. UN D\u00cdA EN TEXAS\u00a0\u00a0\u00a0 <strong>\u00a0\u00a0\u00a0\u00a0\u00a0\u00a0\u00a0\u00a0\u00a0\u00a0\u00a0\u00a0\u00a0\u00a0\u00a0\u00a0\u00a0\u00a0\u00a0\u00a0\u00a0\u00a0\u00a0\u00a0\u00a0\u00a0\u00a0\u00a0\u00a0\u00a0\u00a0\u00a0\u00a0\u00a0\u00a0\u00a0\u00a0\u00a0\u00a0\u00a0\u00a0\u00a0\u00a0\u00a0\u00a0\u00a0\u00a0\u00a0\u00a0\u00a0\u00a0\u00a0\u00a0\u00a0\u00a0\u00a0\u00a0\u00a0 <\/strong><\/p>\n<p><strong>EL \u00daLTIMO SUE\u00d1O (MR 7374)<br \/>\nLADO 1<\/strong><br \/>\n1. PERDIDO EN EL T\u00daNEL DEL TIEMPO<br \/>\n<strong>LADO 2<\/strong><br \/>\n1. NO DEBISTE ASUSTARME<br \/>\n2. EL RELOJ SE HA PARADO (O LAS ESPADAS EST\u00c1N EN ALTO)<\/p>\n<p><strong>ALASKA Y LOS PEGAMOIDES (MR 7375)<br \/>\nLADO 1<\/strong><br \/>\n1. EL JARDIN<br \/>\n<strong>LADO 2<\/strong><br \/>\n1. VOLAR<strong>\u00a0\u00a0\u00a0\u00a0\u00a0\u00a0\u00a0\u00a0\u00a0\u00a0\u00a0\u00a0\u00a0\u00a0\u00a0\u00a0\u00a0\u00a0\u00a0\u00a0\u00a0\u00a0\u00a0\u00a0\u00a0\u00a0\u00a0\u00a0\u00a0\u00a0\u00a0\u00a0\u00a0\u00a0\u00a0\u00a0\u00a0\u00a0\u00a0\u00a0\u00a0 <\/strong><\/p>\n<p><strong>AGRIMENSOR K (MR 7376)<br \/>\nLADO 1<\/strong><br \/>\n1. \u00bfJUEGAS AL ESCONDITE?<br \/>\n<strong>LADO 2<\/strong><br \/>\n1. LA PIRA<strong>\u00a0\u00a0\u00a0\u00a0\u00a0\u00a0\u00a0\u00a0\u00a0\u00a0\u00a0\u00a0\u00a0\u00a0\u00a0\u00a0\u00a0\u00a0\u00a0\u00a0\u00a0\u00a0\u00a0\u00a0\u00a0\u00a0\u00a0\u00a0\u00a0\u00a0\u00a0\u00a0\u00a0\u00a0\u00a0\u00a0\u00a0\u00a0\u00a0\u00a0 <\/strong><\/p>\n<p><strong>LOS SERES VAC\u00cdOS (MR 7377)<br \/>\nLADO 1<\/strong><br \/>\n1. LOS CELOS SE APODERAN DE MI<br \/>\n<strong>LADO 2<\/strong><br \/>\n1. LA CASA DE LA IMPERFECCI\u00d3N\u00a0\u00a0\u00a0\u00a0\u00a0\u00a0\u00a0\u00a0\u00a0\u00a0\u00a0\u00a0\u00a0\u00a0\u00a0\u00a0\u00a0\u00a0\u00a0 <strong>\u00a0\u00a0\u00a0\u00a0\u00a0\u00a0\u00a0\u00a0\u00a0\u00a0\u00a0\u00a0\u00a0\u00a0\u00a0\u00a0\u00a0\u00a0\u00a0\u00a0\u00a0\u00a0\u00a0\u00a0\u00a0\u00a0\u00a0\u00a0\u00a0\u00a0\u00a0\u00a0\u00a0\u00a0\u00a0\u00a0\u00a0\u00a0\u00a0\u00a0\u00a0\u00a0\u00a0\u00a0\u00a0\u00a0\u00a0\u00a0\u00a0\u00a0\u00a0\u00a0\u00a0\u00a0\u00a0\u00a0\u00a0\u00a0 <\/strong><\/p>\n<p><strong>PAR\u00c1LISIS PERMANENTE (MR 7378)<br \/>\nLADO 1<\/strong><br \/>\n1. NACIDOS PARA DOMINAR<br \/>\n<strong>LADO 2<\/strong><br \/>\n1. SANGRE<strong>\u00a0\u00a0\u00a0\u00a0\u00a0\u00a0\u00a0\u00a0\u00a0\u00a0\u00a0\u00a0\u00a0\u00a0\u00a0\u00a0\u00a0\u00a0\u00a0\u00a0 <\/strong><\/p>\n<p><strong>ALASKA Y LOS PEGAMOIDES (MR 7379)<br \/>\nLADO 1<\/strong><br \/>\n1. HORROR EN EL HIPERMERCADO<br \/>\n<strong>LADO 2<\/strong><br \/>\n1. EL HOSPITAL<br \/>\n2. ODIO\u00a0\u00a0\u00a0\u00a0\u00a0 <strong>\u00a0\u00a0\u00a0\u00a0\u00a0\u00a0\u00a0\u00a0\u00a0\u00a0\u00a0\u00a0\u00a0\u00a0\u00a0\u00a0\u00a0\u00a0\u00a0\u00a0\u00a0\u00a0\u00a0\u00a0\u00a0\u00a0\u00a0\u00a0\u00a0\u00a0\u00a0\u00a0\u00a0\u00a0\u00a0\u00a0\u00a0\u00a0\u00a0\u00a0\u00a0\u00a0\u00a0\u00a0\u00a0\u00a0\u00a0\u00a0\u00a0\u00a0\u00a0\u00a0\u00a0\u00a0\u00a0\u00a0\u00a0\u00a0 <\/strong><\/p>\n<p><strong>EL \u00daLTIMO SUE\u00d1O (MR 7380)<br \/>\nLADO 1<\/strong><br \/>\n1. EL SILENCIO DE LOS CISNES<br \/>\n<strong>LADO 2<\/strong><br \/>\n1. LOS MUEBLES EST\u00c1N VOLANDO<strong>\u00a0\u00a0\u00a0\u00a0\u00a0\u00a0\u00a0\u00a0\u00a0\u00a0\u00a0\u00a0\u00a0\u00a0\u00a0\u00a0\u00a0\u00a0\u00a0\u00a0\u00a0\u00a0\u00a0\u00a0\u00a0\u00a0\u00a0\u00a0\u00a0\u00a0\u00a0\u00a0\u00a0\u00a0\u00a0\u00a0\u00a0\u00a0\u00a0\u00a0\u00a0\u00a0\u00a0\u00a0\u00a0\u00a0\u00a0\u00a0\u00a0\u00a0\u00a0\u00a0\u00a0\u00a0\u00a0 <\/strong><\/p>\n<p><strong>LOS SERES VAC\u00cdOS (MR 7381)<br \/>\nLADO 1<\/strong><br \/>\n1. LUNA NUEVA<br \/>\n<strong>LADO 2<\/strong><br \/>\n1. MAS\u00a0\u00a0\u00a0\u00a0\u00a0\u00a0 <strong>\u00a0\u00a0\u00a0\u00a0\u00a0\u00a0\u00a0\u00a0\u00a0\u00a0\u00a0\u00a0\u00a0\u00a0\u00a0\u00a0\u00a0\u00a0\u00a0\u00a0\u00a0\u00a0\u00a0\u00a0\u00a0\u00a0\u00a0\u00a0\u00a0\u00a0\u00a0\u00a0\u00a0\u00a0\u00a0\u00a0\u00a0\u00a0\u00a0\u00a0\u00a0\u00a0\u00a0\u00a0\u00a0\u00a0\u00a0\u00a0\u00a0\u00a0\u00a0\u00a0\u00a0\u00a0\u00a0\u00a0\u00a0\u00a0 <\/strong><\/p>\n<p><strong>\u00a0<\/strong><\/p>\n<p><strong>AGRIMENSOR K (MR 7382)<br \/>\nLADO 1<br \/>\n<\/strong>1. PRINCIPIO Y FIN<strong><br \/>\nLADO 2<br \/>\n<\/strong>1. EL CASTILLO<\/p>\n<p><strong>PAR\u00c1LISIS PERMANENTE\/GABINETE CALIGARI (MR 7383)<br \/>\n<\/strong><strong>LADO 1<br \/>\n<\/strong>1. AUTOSUFICIENCIA<br \/>\n2. TENGO UN PASAJERO<strong><br \/>\nLADO 2<br \/>\n<\/strong>1. GOLPES<br \/>\n2. SOMBRAS NEGRAS<\/p>\n<p><strong>GABINETE CALIGARI (MR 7384)<br \/>\nLADO 1<br \/>\n<\/strong>1. OBEDIENCIA Y NADA M\u00c1S<strong><br \/>\nLADO 2<br \/>\n<\/strong>1. LA VIDA ES CRUEL<br \/>\n2. GOLGOTA<\/p>\n<p><strong>GABINETE CALIGARI (MR 7385)<br \/>\nLADO 1<br \/>\n<\/strong>1. OLOR A CARNE QUEMADA<strong><br \/>\nLADO 2<br \/>\n<\/strong>1. COMO PERDIMOS BERL\u00cdN<\/p>\n<p><strong>DESECHABLES (MR 7386)<br \/>\nLADO 1<br \/>\n<\/strong>1. LA ORACI\u00d3N<strong><br \/>\nLADO 2<br \/>\n<\/strong>1. DESTRUYE Y MATA<br \/>\n2. EL PEOR DIOS<strong>\u00a0\u00a0\u00a0\u00a0\u00a0\u00a0\u00a0\u00a0\u00a0 <\/strong><\/p>\n","protected":false},"featured_media":116322,"template":"","meta":{"_acf_changed":false},"product_brand":[],"product_cat":[300,66,233,222],"product_tag":[],"class_list":{"0":"post-116321","1":"product","2":"type-product","3":"status-publish","4":"has-post-thumbnail","6":"product_cat-afterpunk","7":"product_cat-spanish","8":"product_cat-post-punk-en","9":"product_cat-gothic","10":"product_shipping_class-box-en","11":"pa_formato-14x7-box-set","13":"first","14":"instock","15":"taxable","16":"shipping-taxable","17":"purchasable","18":"product-type-simple"},"acf":[],"_links":{"self":[{"href":"https:\/\/munster-records.com\/en\/wp-json\/wp\/v2\/product\/116321","targetHints":{"allow":["GET"]}}],"collection":[{"href":"https:\/\/munster-records.com\/en\/wp-json\/wp\/v2\/product"}],"about":[{"href":"https:\/\/munster-records.com\/en\/wp-json\/wp\/v2\/types\/product"}],"wp:featuredmedia":[{"embeddable":true,"href":"https:\/\/munster-records.com\/en\/wp-json\/wp\/v2\/media\/116322"}],"wp:attachment":[{"href":"https:\/\/munster-records.com\/en\/wp-json\/wp\/v2\/media?parent=116321"}],"wp:term":[{"taxonomy":"product_brand","embeddable":true,"href":"https:\/\/munster-records.com\/en\/wp-json\/wp\/v2\/product_brand?post=116321"},{"taxonomy":"product_cat","embeddable":true,"href":"https:\/\/munster-records.com\/en\/wp-json\/wp\/v2\/product_cat?post=116321"},{"taxonomy":"product_tag","embeddable":true,"href":"https:\/\/munster-records.com\/en\/wp-json\/wp\/v2\/product_tag?post=116321"}],"curies":[{"name":"wp","href":"https:\/\/api.w.org\/{rel}","templated":true}]}}