{"id":116334,"date":"2026-01-15T09:32:57","date_gmt":"2026-01-15T09:32:57","guid":{"rendered":"https:\/\/munster-records.com\/?post_type=product&#038;p=116334"},"modified":"2026-01-15T09:48:59","modified_gmt":"2026-01-15T09:48:59","slug":"its-a-sin-to-go-away","status":"publish","type":"product","link":"https:\/\/munster-records.com\/en\/producto\/its-a-sin-to-go-away\/","title":{"rendered":"It&#8217;s A Sin To Go Away"},"content":{"rendered":"","protected":false},"excerpt":{"rendered":"<p>We All Together es uno de los grupos que marcaron una \u00e9poca en la historia del rock peruano.<\/p>\n<p>Sus composiciones originales, todas cantadas en ingl\u00e9s, y las versiones que aparecen en sus discos delatan su pasi\u00f3n por McCartney, llevando el beatlecentrismo a nuevas alturas en Sudam\u00e9rica.<\/p>\n<p>Este EP de 4 pistas incluye algunas de las grabaciones m\u00e1s destacadas de la banda, reunidas por primera vez en esta pieza de colecci\u00f3n.<\/p>\n","protected":false},"featured_media":116335,"template":"","meta":{"_acf_changed":false},"product_brand":[],"product_cat":[203,171,172],"product_tag":[],"class_list":{"0":"post-116334","1":"product","2":"type-product","3":"status-publish","4":"has-post-thumbnail","6":"product_cat-peru-en","7":"product_cat-pop-en","8":"product_cat-psychedelia","9":"product_shipping_class-cd-en","10":"pa_formato-7-en-2","12":"first","13":"instock","14":"taxable","15":"shipping-taxable","16":"purchasable","17":"product-type-simple"},"acf":[],"_links":{"self":[{"href":"https:\/\/munster-records.com\/en\/wp-json\/wp\/v2\/product\/116334","targetHints":{"allow":["GET"]}}],"collection":[{"href":"https:\/\/munster-records.com\/en\/wp-json\/wp\/v2\/product"}],"about":[{"href":"https:\/\/munster-records.com\/en\/wp-json\/wp\/v2\/types\/product"}],"wp:featuredmedia":[{"embeddable":true,"href":"https:\/\/munster-records.com\/en\/wp-json\/wp\/v2\/media\/116335"}],"wp:attachment":[{"href":"https:\/\/munster-records.com\/en\/wp-json\/wp\/v2\/media?parent=116334"}],"wp:term":[{"taxonomy":"product_brand","embeddable":true,"href":"https:\/\/munster-records.com\/en\/wp-json\/wp\/v2\/product_brand?post=116334"},{"taxonomy":"product_cat","embeddable":true,"href":"https:\/\/munster-records.com\/en\/wp-json\/wp\/v2\/product_cat?post=116334"},{"taxonomy":"product_tag","embeddable":true,"href":"https:\/\/munster-records.com\/en\/wp-json\/wp\/v2\/product_tag?post=116334"}],"curies":[{"name":"wp","href":"https:\/\/api.w.org\/{rel}","templated":true}]}}