{"id":116367,"date":"2026-01-19T11:35:50","date_gmt":"2026-01-19T11:35:50","guid":{"rendered":"https:\/\/munster-records.com\/?post_type=product&#038;p=116367"},"modified":"2026-01-19T12:39:17","modified_gmt":"2026-01-19T12:39:17","slug":"que-ardiente","status":"publish","type":"product","link":"https:\/\/munster-records.com\/en\/producto\/que-ardiente\/","title":{"rendered":"\u00a1Qu\u00e9 Ardiente!"},"content":{"rendered":"<p>Iquitos, una de las ciudades m\u00e1s aisladas del Per\u00fa y capital de su regi\u00f3n amaz\u00f3nica, fue el epicentro del movimiento de la cumbia psicod\u00e9lica. Numerosas bandas surgieron de este lugar, con diferente fortuna en sus carreras musicales. Algunas llegaron a convertirse en estrellas internacionales, en abanderadas de la cumbia, mientras que otros artistas no trascender\u00edan m\u00e1s all\u00e1 de su regi\u00f3n de origen en la selva amaz\u00f3nica.<\/p>\n<p>Los Roger\u2019s gozaron de gran \u00e9xito en Iquitos y sirvieron de base e inspiraci\u00f3n a muchos de los grupos de la ciudad que surgir\u00edan a finales de los 60 y principios de los 70. \u201cQu\u00e9 ardiente!\u201d combina lo mejor de la escasa discograf\u00eda de la banda. Las grabaciones proceden de su primer 45 RPM y sus dos mini Long Plays para la disquera FTA, y su \u00fanico y elusivo LP de 1971, grabado para el sello IEMPSA. Su repertorio explora unas sonoridades de influencia cubana en donde la guitarra el\u00e9ctrica rivaliza en protagonismo con las percusiones y, ocasionalmente \u2014como en el caso de \u2018Descarga Roger\u2019s\u2019\u2014, con la voz.<\/p>\n<p>La banda tiene un s\u00fabito final justo un a\u00f1o despu\u00e9s del lanzamiento de su \u00e1lbum, en la c\u00faspide de su carrera, motivado por la desilusi\u00f3n con el negocio de la m\u00fasica.<\/p>\n","protected":false},"excerpt":{"rendered":"<p><strong>\u201cQu\u00e9 ardiente!\u201d combina lo mejor de la escasa discograf\u00eda de la banda de cumbia amaz\u00f3nica Los Roger\u2019s, una de las formaciones m\u00e1s influyentes de la ciudad de Iquitos, en Per\u00fa.<\/strong><\/p>\n<p><strong>Su repertorio explora unas sonoridades de influencia cubana en donde la guitarra el\u00e9ctrica rivaliza en protagonismo con las percusiones y, ocasionalmente \u2014como en el caso de \u2018Descarga Roger\u2019s\u2019\u2014, con la voz.<\/strong><\/p>\n<p><strong>Una completa mirada musical a uno de los grupos fundamentales de la cumbia psicod\u00e9lica peruana.<\/strong><\/p>\n","protected":false},"featured_media":116368,"template":"","meta":{"_acf_changed":false},"product_brand":[],"product_cat":[197,193,203],"product_tag":[],"class_list":{"0":"post-116367","1":"product","2":"type-product","3":"status-publish","4":"has-post-thumbnail","6":"product_cat-cumbia-en","7":"product_cat-latin-en","8":"product_cat-peru-en","9":"product_shipping_class-lp-en-3","10":"pa_formato-lp-en","12":"first","13":"instock","14":"taxable","15":"shipping-taxable","16":"purchasable","17":"product-type-simple"},"acf":[],"_links":{"self":[{"href":"https:\/\/munster-records.com\/en\/wp-json\/wp\/v2\/product\/116367","targetHints":{"allow":["GET"]}}],"collection":[{"href":"https:\/\/munster-records.com\/en\/wp-json\/wp\/v2\/product"}],"about":[{"href":"https:\/\/munster-records.com\/en\/wp-json\/wp\/v2\/types\/product"}],"wp:featuredmedia":[{"embeddable":true,"href":"https:\/\/munster-records.com\/en\/wp-json\/wp\/v2\/media\/116368"}],"wp:attachment":[{"href":"https:\/\/munster-records.com\/en\/wp-json\/wp\/v2\/media?parent=116367"}],"wp:term":[{"taxonomy":"product_brand","embeddable":true,"href":"https:\/\/munster-records.com\/en\/wp-json\/wp\/v2\/product_brand?post=116367"},{"taxonomy":"product_cat","embeddable":true,"href":"https:\/\/munster-records.com\/en\/wp-json\/wp\/v2\/product_cat?post=116367"},{"taxonomy":"product_tag","embeddable":true,"href":"https:\/\/munster-records.com\/en\/wp-json\/wp\/v2\/product_tag?post=116367"}],"curies":[{"name":"wp","href":"https:\/\/api.w.org\/{rel}","templated":true}]}}