{"id":116372,"date":"2026-01-19T12:02:03","date_gmt":"2026-01-19T12:02:03","guid":{"rendered":"https:\/\/munster-records.com\/?post_type=product&#038;p=116372"},"modified":"2026-01-19T12:47:43","modified_gmt":"2026-01-19T12:47:43","slug":"la-gustadera","status":"publish","type":"product","link":"https:\/\/munster-records.com\/en\/producto\/la-gustadera\/","title":{"rendered":"La Gustadera"},"content":{"rendered":"<p>\u00c1ngel V\u00e1squez certific\u00f3 el ejercicio acordeonero de matices antillanas en una latitud geogr\u00e1fica repleta de juglares como es la costa norte colombiana. Construy\u00f3 un cancionero monumental en el que la pachanga, la charanga, el son, la cumbia e incluso el sonido campesino boricua, fueron protagonistas. Sus pocas grabaciones se dotaron de una versatilidad tremenda en t\u00e9rminos estil\u00edsticos, de manera que ser\u00eda dif\u00edcil etiquetarlo en alg\u00fan g\u00e9nero, maniobra que dio origen a una vertiente denominada por \u00e9l mismo como <em>vasques\u00f3n<\/em>.<\/p>\n<p>Iniciando los setenta, lanza a trav\u00e9s de Discos Fuentes un sencillo que se convertir\u00eda en uno de los himnos del carnaval de Barranquilla, se trataba de \u2018Pica pica en carnaval\u2019, maravilla espasm\u00f3dica tropical con un flow guarachero indescriptible que ha venido sonando en verbenas, bailes populares y fiestas picoteras hasta el d\u00eda de hoy.<\/p>\n<p>\u201cLa gustadera\u201d contiene una musculosa batalla de ritmos que va desde la pachanga hasta el paseaito, pasando por charanga, porro, son y, por supuesto, <em>vasques\u00f3n<\/em>, en donde el baile prima a trav\u00e9s del acorde\u00f3n. Aqu\u00ed se trazan l\u00edneas directas que conectan el folclor coste\u00f1o colombiano con la sonoridad afroantillana. \u2018Sabalo caliente\u2019, \u2018Marucha\u2019, \u2018La gustadera\u2019, \u2018Fiestas cordobesas\u2019, \u2018Los Sampayos\u2019, \u2018Chicha sabrosa\u2019, \u2018Chambac\u00fa\u2019, \u2018Pantal\u00f3n caliente\u2019, \u2018El mosquito\u2019, \u2018El d\u00eda que te vi\u2019, \u2018Recuerdo al viento\u2019, \u2018Se atropella el castellano\u2019, puro j\u00fabilo en el que predominan los paisajes de una cotidianidad costumbrista.<\/p>\n<p>Primera reedici\u00f3n de este rar\u00edsimo disco de \u00c1ngel V\u00e1squez.<\/p>\n","protected":false},"excerpt":{"rendered":"<p><strong>Primera reedici\u00f3n de este rar\u00edsimo disco de \u00c1ngel V\u00e1squez, acordeonista colombiano vers\u00e1til de matices antillanas, que contiene una musculosa batalla de ritmos que va desde la pachanga hasta el paseaito, pasando por charanga, porro, son y cumbia.<\/strong><\/p>\n<p><strong>Aqu\u00ed<\/strong> <strong>el baile prima a trav\u00e9s del acorde\u00f3n y se trazan l\u00edneas directas que conectan el folclor coste\u00f1o colombiano con la sonoridad afroantillana. Imprescindible.<\/strong><\/p>\n","protected":false},"featured_media":116373,"template":"","meta":{"_acf_changed":false},"product_brand":[],"product_cat":[195,197,193],"product_tag":[],"class_list":{"0":"post-116372","1":"product","2":"type-product","3":"status-publish","4":"has-post-thumbnail","6":"product_cat-colombia-en","7":"product_cat-cumbia-en","8":"product_cat-latin-en","9":"product_shipping_class-lp-en-3","10":"pa_formato-lp-en","12":"first","13":"instock","14":"taxable","15":"shipping-taxable","16":"purchasable","17":"product-type-simple"},"acf":[],"_links":{"self":[{"href":"https:\/\/munster-records.com\/en\/wp-json\/wp\/v2\/product\/116372","targetHints":{"allow":["GET"]}}],"collection":[{"href":"https:\/\/munster-records.com\/en\/wp-json\/wp\/v2\/product"}],"about":[{"href":"https:\/\/munster-records.com\/en\/wp-json\/wp\/v2\/types\/product"}],"wp:featuredmedia":[{"embeddable":true,"href":"https:\/\/munster-records.com\/en\/wp-json\/wp\/v2\/media\/116373"}],"wp:attachment":[{"href":"https:\/\/munster-records.com\/en\/wp-json\/wp\/v2\/media?parent=116372"}],"wp:term":[{"taxonomy":"product_brand","embeddable":true,"href":"https:\/\/munster-records.com\/en\/wp-json\/wp\/v2\/product_brand?post=116372"},{"taxonomy":"product_cat","embeddable":true,"href":"https:\/\/munster-records.com\/en\/wp-json\/wp\/v2\/product_cat?post=116372"},{"taxonomy":"product_tag","embeddable":true,"href":"https:\/\/munster-records.com\/en\/wp-json\/wp\/v2\/product_tag?post=116372"}],"curies":[{"name":"wp","href":"https:\/\/api.w.org\/{rel}","templated":true}]}}