{"id":116673,"date":"2026-01-20T09:56:43","date_gmt":"2026-01-20T09:56:43","guid":{"rendered":"https:\/\/munster-records.com\/?post_type=product&#038;p=116673"},"modified":"2026-01-20T10:02:18","modified_gmt":"2026-01-20T10:02:18","slug":"maldito-pais-2","status":"publish","type":"product","link":"https:\/\/munster-records.com\/en\/producto\/maldito-pais-2\/","title":{"rendered":"Maldito Pa\u00eds"},"content":{"rendered":"<p>Recopilatorio de las grabaciones de esta legendaria banda punk anteriores a sus LPs: las sesiones de su primer single \u2018Mucha Polic\u00eda\u2019, rescatadas de las bobinas originales por primera vez en 27 a\u00f1os, lo cual ha revelado dos grabaciones de estudio in\u00e9ditas hasta ahora; adem\u00e1s incluye ensayos, maquetas y grabaciones en directo.Totalmente remasterizado. Era un tiempo en el que las paredes bull\u00edan con proclamas pol\u00edtico-sociales, donde la hoz y el martillo y la A may\u00fascula rodeada de un c\u00edrculo eran \u2013 junto a la ilegal Ikurri\u00f1a \u2013 los s\u00edmbolos m\u00e1s repetidos. Un tiempo de huelgas generales y jornadas de lucha en las que la sangre llegaba a menudo al r\u00edo.Tiempo tambi\u00e9n de garitos humeantes, con bafles gigantescos donde sonaba rock a todo trapo y se so\u00f1aba con campos de fresas. En Santurtzi, en plena margen izquierda de la r\u00eda del Nervi\u00f3n, surg\u00eda una banda \u00fanica: ESKORBUTO. Iosu Exp\u00f3sito y Jualma Suarez viv\u00edan en sendos barrios obreros de r\u00e1pida construcci\u00f3n.Tanto Kabiezes como Mamariga eran, en los a\u00f1os cincuenta, barrios pr\u00e1cticamente rurales de la localidad. En los sesenta, la industrializaci\u00f3n y el desarrollismo ciego los convirti\u00f3 en urbanos sin que apenas se invirtiera un duro en urbanismo. Algunos elementos para la alquimia dieron origen a la explosi\u00f3n: unos j\u00f3venes inteligentes por naturaleza pero incapaces de digerir la disciplina escolar, un pa\u00eds en plena eclosi\u00f3n hacia la libertad despu\u00e9s de 40 a\u00f1os de dictadura. En un contexto tampoco ajeno a las marejadas del \u00abconflicto vasco\u00bb, con vecinos seducidos por la \u00ablucha armada\u00bb y \u00abla liberaci\u00f3n de Euskal Herria\u00bb, con la cuesti\u00f3n de la \u00abidentidad\u00bb constantemente apelada y episodios traum\u00e1ticos de asesinatos, torturas y encarcelamientos\u2026 A finales de los setenta decidieron formar una banda. La primera etapa de la vida de Eskorbuto, antes de que los estragos de la aguja empezaran a notarse, fue incre\u00edblemente fruct\u00edfera. Pronto se hicieron con un local, gracias a su primer bater\u00eda (\u00abGu\u00bb), y all\u00ed fueron naciendo las primeras canciones: \u2018Enterrado vivo\u2019, \u2018Busco en la basura\u2019, \u2018\u00c9ste es el porvenir\u2019, \u00abMucha polic\u00eda, poca diversi\u00f3n\u00bb\u2026 Tuvieron como bajista a I\u00f1aki Laiseka y tambi\u00e9n pasaron por ah\u00ed \u00abSeni\u00bb y \u00abGarlopa\u00bb, dos precursores del punk \u00abmargenizqui\u00e9rdico\u00bb con quienes tambi\u00e9n hicieron alg\u00fan directo. M\u00e1s tarde dar\u00edan con Paco Gal\u00e1n. Paco fue siempre el motor necesario, la pieza sobre la que pivotaban las dem\u00e1s, la que garantizaba la continuidad. Sus bater\u00edas aportaron tambi\u00e9n un aire aparentemente ca\u00f3tico a las ya de por s\u00ed desbocadas melod\u00edas de guitarra y a unos textos visionarios, a medio camino entre el realismo sucio y las pesadillas de Alan Poe. Estas grabaciones parten de aquellos primeros tiempos de ilusi\u00f3n y v\u00e9rtigo, de viajes a Madrid bajo el asiento de un tren y recorridos kilom\u00e9tricos por toda la margen izquierda en busca de \u00abuno que me han dicho que vende un ampli\u00bb. Ahora el Reina Sofia expone su \u00abImpuesto Revolucionario\u00bb y no hay pa\u00eds de habla hispana que no cuente con legiones de fans. Roberto Moso<\/p>\n<div class=\"wpb_raw_code wpb_content_element wpb_raw_html vc_custom_1644250380575\">\n<div class=\"wpb_wrapper\">Eskorbuto, una de las bandas de punk m\u00e1s influyentes en la escena espa\u00f1ola y latinoamericana. Las se\u00f1as de identidad del grupo: actitud radical, un estilo \u00fanico aprendido por su cuenta y letras crudas y directas.<\/div>\n<\/div>\n","protected":false},"excerpt":{"rendered":"<p><strong>Recopilatorio de las grabaciones de esta legendaria banda punk anteriores a sus LPs: las sesiones de su primer single \u2018Mucha Polic\u00eda\u2019, rescatadas de las bobinas originales por primera vez en 27 a\u00f1os, lo cual ha revelado dos grabaciones de estudio in\u00e9ditas hasta ahora; adem\u00e1s incluye ensayos, maquetas y grabaciones en directo. Totalmente remasterizado<\/strong><\/p>\n<p>AUDIO: https:\/\/munsterrecords.bandcamp.com\/album\/maldito-pa-s-primera-poca-1982-84<\/p>\n","protected":false},"featured_media":116675,"template":"","meta":{"_acf_changed":false},"product_brand":[],"product_cat":[65],"product_tag":[],"class_list":{"0":"post-116673","1":"product","2":"type-product","3":"status-publish","4":"has-post-thumbnail","6":"product_cat-punk-en","7":"product_shipping_class-cd-en","8":"pa_formato-2cd-en-2","10":"first","11":"instock","12":"taxable","13":"shipping-taxable","14":"purchasable","15":"product-type-simple"},"acf":[],"_links":{"self":[{"href":"https:\/\/munster-records.com\/en\/wp-json\/wp\/v2\/product\/116673","targetHints":{"allow":["GET"]}}],"collection":[{"href":"https:\/\/munster-records.com\/en\/wp-json\/wp\/v2\/product"}],"about":[{"href":"https:\/\/munster-records.com\/en\/wp-json\/wp\/v2\/types\/product"}],"wp:featuredmedia":[{"embeddable":true,"href":"https:\/\/munster-records.com\/en\/wp-json\/wp\/v2\/media\/116675"}],"wp:attachment":[{"href":"https:\/\/munster-records.com\/en\/wp-json\/wp\/v2\/media?parent=116673"}],"wp:term":[{"taxonomy":"product_brand","embeddable":true,"href":"https:\/\/munster-records.com\/en\/wp-json\/wp\/v2\/product_brand?post=116673"},{"taxonomy":"product_cat","embeddable":true,"href":"https:\/\/munster-records.com\/en\/wp-json\/wp\/v2\/product_cat?post=116673"},{"taxonomy":"product_tag","embeddable":true,"href":"https:\/\/munster-records.com\/en\/wp-json\/wp\/v2\/product_tag?post=116673"}],"curies":[{"name":"wp","href":"https:\/\/api.w.org\/{rel}","templated":true}]}}