{"id":116695,"date":"2026-01-28T13:36:45","date_gmt":"2026-01-28T13:36:45","guid":{"rendered":"https:\/\/munster-records.com\/?post_type=product&#038;p=116695"},"modified":"2026-01-28T13:50:26","modified_gmt":"2026-01-28T13:50:26","slug":"trauer","status":"publish","type":"product","link":"https:\/\/munster-records.com\/en\/producto\/trauer\/","title":{"rendered":"TRAUER"},"content":{"rendered":"<p>Juegos Nocturnos es el nuevo proyecto de dos m\u00fasicos fundamentales de la escena espa\u00f1ola de los 80 procedentes de bandas tan imprescindibles como D\u00e9cima V\u00edctima y P.V.P.<\/p>\n<p>Jes\u00fas Amodia (guitarra, voces, programaciones y teclados) fue miembro fundador del grupo de punk rock P.V.P., un grupo que fue a menudo comparado con The Clash y otras bandas brit\u00e1nicas de la \u00e9poca, al incorporar a sus canciones punk influencias de sonidos jamaicanos. El proyecto tambi\u00e9n cuenta con Per Mertanen (bajo), miembro de la banda de culto D\u00e9cima V\u00edctima, que desarroll\u00f3 un sonido muy personal con reminiscencias a Joy Division, The Cure y otros grupos brit\u00e1nicos de post-punk.<\/p>\n<p>Unidos en esta nueva aventura musical llamada Juegos Nocturnos, nos presentan 9 canciones de pop rock guitarrero y sofisticado en donde reflejan sus influencias, evolucionadas a lo largo de m\u00e1s de 4 d\u00e9cadas de carrera musical, grabadas entre 2020 y 2022.<\/p>\n","protected":false},"excerpt":{"rendered":"<p><strong>Juegos Nocturnos es el nuevo proyecto de dos m\u00fasicos fundamentales de la escena espa\u00f1ola de los 80 procedentes de bandas tan imprescindibles como D\u00e9cima V\u00edctima y P.V.P.<\/strong><\/p>\n<p><strong>Unidos en esta nueva aventura musical, nos presentan 9 canciones de pop rock guitarrero y sofisticado en donde reflejan sus influencias, evolucionadas a lo largo de m\u00e1s de 4 d\u00e9cadas de carrera musical, grabadas entre 2020 y 2022.<\/strong><\/p>\n<p>************LP Firmado por Jes\u00fas Amodia (P.V.P.) y Per Mertanen (D\u00e9cima V\u00edctima)*************<\/p>\n","protected":false},"featured_media":116696,"template":"","meta":{"_acf_changed":false},"product_brand":[],"product_cat":[66,217,221],"product_tag":[],"class_list":{"0":"post-116695","1":"product","2":"type-product","3":"status-publish","4":"has-post-thumbnail","6":"product_cat-spanish","7":"product_cat-pop-en-3","8":"product_cat-rock-en-2","9":"product_shipping_class-lp-en-3","10":"pa_formato-lp-en","12":"first","13":"instock","14":"taxable","15":"shipping-taxable","16":"purchasable","17":"product-type-simple"},"acf":[],"_links":{"self":[{"href":"https:\/\/munster-records.com\/en\/wp-json\/wp\/v2\/product\/116695","targetHints":{"allow":["GET"]}}],"collection":[{"href":"https:\/\/munster-records.com\/en\/wp-json\/wp\/v2\/product"}],"about":[{"href":"https:\/\/munster-records.com\/en\/wp-json\/wp\/v2\/types\/product"}],"wp:featuredmedia":[{"embeddable":true,"href":"https:\/\/munster-records.com\/en\/wp-json\/wp\/v2\/media\/116696"}],"wp:attachment":[{"href":"https:\/\/munster-records.com\/en\/wp-json\/wp\/v2\/media?parent=116695"}],"wp:term":[{"taxonomy":"product_brand","embeddable":true,"href":"https:\/\/munster-records.com\/en\/wp-json\/wp\/v2\/product_brand?post=116695"},{"taxonomy":"product_cat","embeddable":true,"href":"https:\/\/munster-records.com\/en\/wp-json\/wp\/v2\/product_cat?post=116695"},{"taxonomy":"product_tag","embeddable":true,"href":"https:\/\/munster-records.com\/en\/wp-json\/wp\/v2\/product_tag?post=116695"}],"curies":[{"name":"wp","href":"https:\/\/api.w.org\/{rel}","templated":true}]}}