{"id":116730,"date":"2026-01-28T13:56:14","date_gmt":"2026-01-28T13:56:14","guid":{"rendered":"https:\/\/munster-records.com\/?post_type=product&#038;p=116730"},"modified":"2026-01-28T14:03:35","modified_gmt":"2026-01-28T14:03:35","slug":"los-indios","status":"publish","type":"product","link":"https:\/\/munster-records.com\/en\/producto\/los-indios\/","title":{"rendered":"LOS INDIOS"},"content":{"rendered":"<p>El nacimiento de Los Indios se enmarca en un momento clave para la m\u00fasica boliviana, en mayo de 1968, durante el &#8220;Festival de la Canci\u00f3n&#8221; que se llev\u00f3 a cabo en el estadio F\u00e9lix Capriles. Este evento fue un hito para la <em>nueva ola<\/em> boliviana, donde se presentaron diversas agrupaciones de todo el pa\u00eds. Un mes m\u00e1s tarde Jorge Filipo Dalence, en asociaci\u00f3n con Freddy Valdivieso, decide lanzar su propio conjunto, Los Indios, listos para dejar huella en el \u00e1mbito musical.<\/p>\n<p>Su discograf\u00eda comprende un LP y un pu\u00f1ado de EPs para los sellos Caracol e Imperio. Su \u00e1lbum no solo muestra su talento musical, sino que tambi\u00e9n representa un momento importante en la evoluci\u00f3n del rock en Bolivia. La combinaci\u00f3n de su estilo \u00fanico ayud\u00f3 a abrir nuevas puertas para otros artistas en la escena musical del pa\u00eds. Para el a\u00f1o 1969 el grupo gozaba de un \u00e9xito arrollador, disfrutando de una gran popularidad.<\/p>\n<p>Aqu\u00ed se re\u00fanen algunas de sus mejores grabaciones, realizadas a lo largo de su corta vida como banda, combinando los sonidos del beat con la crudeza del garage a trav\u00e9s de un repertorio repleto de versiones de artistas como Deep Purple, Wilson Pickett, Eduardo Araujo (v\u00eda Los Iracundos)\u2026<\/p>\n<p>Este es un lanzamiento conjunto con el sello peruano Rey Record y cuenta con un encarte con notas sobre la historia de la banda.<\/p>\n","protected":false},"excerpt":{"rendered":"<p><strong>Este recopilatorio re\u00fane algunas de las mejores grabaciones de Los Indios de Bolivia, realizadas a lo largo de su corta vida como banda, pioneros en combinar los sonidos del beat con la crudeza del garage a trav\u00e9s de un repertorio repleto de versiones de artistas como Deep Purple, Wilson Pickett, Eduardo Araujo (v\u00eda Los Iracundos)\u2026<\/strong><\/p>\n<p><strong>Es un lanzamiento conjunto con el sello peruano Rey Record y cuenta con un encarte con notas sobre la historia de la banda.<\/strong><\/p>\n","protected":false},"featured_media":116731,"template":"","meta":{"_acf_changed":false},"product_brand":[],"product_cat":[62,164,167,193],"product_tag":[],"class_list":{"0":"post-116730","1":"product","2":"type-product","3":"status-publish","4":"has-post-thumbnail","6":"product_cat-60s-en","7":"product_cat-beat-en","8":"product_cat-garage-en","9":"product_cat-latin-en","10":"product_shipping_class-lp-en-3","11":"pa_formato-lp-en","13":"first","14":"instock","15":"taxable","16":"shipping-taxable","17":"purchasable","18":"product-type-simple"},"acf":[],"_links":{"self":[{"href":"https:\/\/munster-records.com\/en\/wp-json\/wp\/v2\/product\/116730","targetHints":{"allow":["GET"]}}],"collection":[{"href":"https:\/\/munster-records.com\/en\/wp-json\/wp\/v2\/product"}],"about":[{"href":"https:\/\/munster-records.com\/en\/wp-json\/wp\/v2\/types\/product"}],"wp:featuredmedia":[{"embeddable":true,"href":"https:\/\/munster-records.com\/en\/wp-json\/wp\/v2\/media\/116731"}],"wp:attachment":[{"href":"https:\/\/munster-records.com\/en\/wp-json\/wp\/v2\/media?parent=116730"}],"wp:term":[{"taxonomy":"product_brand","embeddable":true,"href":"https:\/\/munster-records.com\/en\/wp-json\/wp\/v2\/product_brand?post=116730"},{"taxonomy":"product_cat","embeddable":true,"href":"https:\/\/munster-records.com\/en\/wp-json\/wp\/v2\/product_cat?post=116730"},{"taxonomy":"product_tag","embeddable":true,"href":"https:\/\/munster-records.com\/en\/wp-json\/wp\/v2\/product_tag?post=116730"}],"curies":[{"name":"wp","href":"https:\/\/api.w.org\/{rel}","templated":true}]}}