{"id":117073,"date":"2026-03-12T11:05:33","date_gmt":"2026-03-12T11:05:33","guid":{"rendered":"https:\/\/munster-records.com\/producto\/emorio\/"},"modified":"2026-03-12T11:12:24","modified_gmt":"2026-03-12T11:12:24","slug":"emorio","status":"publish","type":"product","link":"https:\/\/munster-records.com\/en\/producto\/emorio\/","title":{"rendered":"\u00caMORI\u00d4"},"content":{"rendered":"<p>Singer and actress Faf\u00e1 de Bel\u00e9m is one of Brazil\u2019s most beloved and popular artists. This vinyl single from 1975 marked the very beginning of her long and successful career in Brazilian popular music and, over the years, has become a highly sought-after collector\u2019s item among DJs worldwide. <\/p>\n<p>The record features two tracks, \u2018\u00camori\u00f4\u2019 and \u2018Naturalmente\u2019, written by Jo\u00e3o Donato alongside Gilberto Gil and Caetano Veloso, originally released on his album \u201cLugar Comum\u201d that same year. Faf\u00e1 de Bel\u00e9m\u2019s versions, however, strip away the originals\u2019 sophisticated arrangements in favor of a more driving groove and a raw, funky edge that makes them absolute dancefloor weapons. <\/p>\n<p>After decades of eluding most collectors at a reasonable price we&#8217;re excited to make this incredible single available once again. First time 7\u201d reissue, cut at 45 RPM.<\/p>\n","protected":false},"excerpt":{"rendered":"<p>Faf\u00e1 de Belem\u2019s take on Joao Donato\u00b4s \u2018\u00camori\u00f4\u2019 and \u2018Naturalmente\u2019 strip away the originals\u2019 sophisticated arrangements in favor of a more driving groove and a raw, funky edge that makes them absolute dancefloor weapons.<\/p>\n<p>We&#8217;re excited to make this incredible single from 1975 available once again. First time 7\u201d reissue, cut at 45 RPM. <\/p>\n<p>AUDIO: <a href=\"https:\/\/www.youtube.com\/watch?v=70_-KRGQdCc\" rel=\"nofollow ugc\">www.youtube.com\/watch?v=70_-KRGQdCc<\/a><\/p>\n","protected":false},"featured_media":117070,"template":"","meta":{"_acf_changed":false},"product_brand":[],"product_cat":[63],"product_tag":[],"class_list":{"0":"post-117073","1":"product","2":"type-product","3":"status-publish","4":"has-post-thumbnail","6":"product_cat-brazil-en","7":"product_shipping_class-cd-en","8":"pa_formato-7-en-2","10":"first","11":"instock","12":"taxable","13":"shipping-taxable","14":"purchasable","15":"product-type-simple"},"acf":[],"_links":{"self":[{"href":"https:\/\/munster-records.com\/en\/wp-json\/wp\/v2\/product\/117073","targetHints":{"allow":["GET"]}}],"collection":[{"href":"https:\/\/munster-records.com\/en\/wp-json\/wp\/v2\/product"}],"about":[{"href":"https:\/\/munster-records.com\/en\/wp-json\/wp\/v2\/types\/product"}],"wp:featuredmedia":[{"embeddable":true,"href":"https:\/\/munster-records.com\/en\/wp-json\/wp\/v2\/media\/117070"}],"wp:attachment":[{"href":"https:\/\/munster-records.com\/en\/wp-json\/wp\/v2\/media?parent=117073"}],"wp:term":[{"taxonomy":"product_brand","embeddable":true,"href":"https:\/\/munster-records.com\/en\/wp-json\/wp\/v2\/product_brand?post=117073"},{"taxonomy":"product_cat","embeddable":true,"href":"https:\/\/munster-records.com\/en\/wp-json\/wp\/v2\/product_cat?post=117073"},{"taxonomy":"product_tag","embeddable":true,"href":"https:\/\/munster-records.com\/en\/wp-json\/wp\/v2\/product_tag?post=117073"}],"curies":[{"name":"wp","href":"https:\/\/api.w.org\/{rel}","templated":true}]}}