{"id":117552,"date":"2026-04-22T09:46:02","date_gmt":"2026-04-22T09:46:02","guid":{"rendered":"https:\/\/munster-records.com\/producto\/nacido-para-ser-salvaje\/"},"modified":"2026-04-22T09:52:52","modified_gmt":"2026-04-22T09:52:52","slug":"nacido-para-ser-salvaje","status":"publish","type":"product","link":"https:\/\/munster-records.com\/en\/producto\/nacido-para-ser-salvaje\/","title":{"rendered":"Nacido para ser salvaje"},"content":{"rendered":"<p>On October 7, 1974, the now-historic \u201cGusano mec\u00e1nico\u201d was released \u2014 the only full-length album by the legendary Bolivian rock band Climax. Founded in 1968 from the remnants of the disbanded Los Black Byrds and the unrealized project The Turtles, Climax was formed by guitarist Jos\u00e9 \u201cPepe\u201d Eguino and bassist Javier Sald\u00edas, who developed a strong bond with drummer \u00c1lvaro C\u00f3rdova, cemented by their shared passion for rock. Together, they embarked on a journey of self-discovery, spending several months in the United States during a crucial period straddling the end of the Summer of Love and the lead-up to Woodstock.  <\/p>\n<p>This period, perhaps the most significant of the 1960s Bolivian countercultural movement, saw an explosion of artistic expression driven by dissatisfaction with the society that the youth had inherited from their parents. Within this context, the influence of iconic bands such as The Jimi Hendrix Experience, Cream, Blue Cheer, and Emerson, Lake &amp; Palmer played a pivotal role in their decision to return to Bolivia and form the country&#8217;s first \u2018power trio\u2019. <\/p>\n<p>Their early EPs paid tribute to their musical heroes. The first of these is titled \u201cBorn to Be Wild\u201d (1969), including versions of \u2018Born to Be Wild\u2019 by Steppenwolf, \u2018Fire\u2019 by The Jimi Hendrix Experience, and \u2018Sunshine of Your Love\u2019 and \u2018Tales of Brave Ulysses\u2019 by Cream. <\/p>\n<p>Grabar <em>covers<\/em> era de lo m\u00e1s normal en aquella \u00e9poca y tambi\u00e9n era su forma de aprender el lenguaje musical. Cabe destacar que el t\u00e9rmino <em>cover<\/em> carec\u00eda del significado que tiene hoy; en ese entonces, el objetivo principal era difundir la m\u00fasica y hacerla llegar a m\u00e1s oyentes. <\/p>\n<p>First time vinyl reissue.<\/p>\n","protected":false},"excerpt":{"rendered":"<p><strong>Debut EP (1969) by the legendary Bolivian band Climax, recorded during their garage-beat period, before evolving their sound toward progressive rock a few years later with the release of their well-known album \u201cGusano mec\u00e1nico\u201d.<\/strong><\/p>\n<p><strong>Includes versions of \u2018Born to Be Wild\u2019 by Steppenwolf, \u2018Fire\u2019 by The Jimi Hendrix Experience, and \u2018Sunshine of Your Love\u2019 and \u2018Tales of Brave Ulysses\u2019 by Cream.<\/strong> <strong>First-ever vinyl reissue.<\/strong><\/p>\n","protected":false},"featured_media":117549,"template":"","meta":{"_acf_changed":false},"product_brand":[],"product_cat":[62,164,167],"product_tag":[],"class_list":{"0":"post-117552","1":"product","2":"type-product","3":"status-publish","4":"has-post-thumbnail","6":"product_cat-60s-en","7":"product_cat-beat-en","8":"product_cat-garage-en","9":"product_shipping_class-cd-en","10":"pa_formato-7-en-2","12":"first","13":"instock","14":"taxable","15":"shipping-taxable","16":"purchasable","17":"product-type-simple"},"acf":[],"_links":{"self":[{"href":"https:\/\/munster-records.com\/en\/wp-json\/wp\/v2\/product\/117552","targetHints":{"allow":["GET"]}}],"collection":[{"href":"https:\/\/munster-records.com\/en\/wp-json\/wp\/v2\/product"}],"about":[{"href":"https:\/\/munster-records.com\/en\/wp-json\/wp\/v2\/types\/product"}],"wp:featuredmedia":[{"embeddable":true,"href":"https:\/\/munster-records.com\/en\/wp-json\/wp\/v2\/media\/117549"}],"wp:attachment":[{"href":"https:\/\/munster-records.com\/en\/wp-json\/wp\/v2\/media?parent=117552"}],"wp:term":[{"taxonomy":"product_brand","embeddable":true,"href":"https:\/\/munster-records.com\/en\/wp-json\/wp\/v2\/product_brand?post=117552"},{"taxonomy":"product_cat","embeddable":true,"href":"https:\/\/munster-records.com\/en\/wp-json\/wp\/v2\/product_cat?post=117552"},{"taxonomy":"product_tag","embeddable":true,"href":"https:\/\/munster-records.com\/en\/wp-json\/wp\/v2\/product_tag?post=117552"}],"curies":[{"name":"wp","href":"https:\/\/api.w.org\/{rel}","templated":true}]}}