{"id":117585,"date":"2026-04-22T14:22:14","date_gmt":"2026-04-22T14:22:14","guid":{"rendered":"https:\/\/munster-records.com\/producto\/from-ear-to-ear\/"},"modified":"2026-04-22T14:27:51","modified_gmt":"2026-04-22T14:27:51","slug":"from-ear-to-ear","status":"publish","type":"product","link":"https:\/\/munster-records.com\/en\/producto\/from-ear-to-ear\/","title":{"rendered":"From Ear To Ear"},"content":{"rendered":"<p>Ghetto Records was Joe Bataan\u2019s way to get over on The Man and out of the \u2019hood, a bold move by an artist looking for independence and creative control in an industry that had exploited his talents and treated him like chattel. Hatched from desperation yet full of hope Ghetto Records came crashing down shortly after its inception. The seven albums in the Ghetto discography languished out of print. \u201cFrom Ear to Ear\u201d (1971) by La Fant\u00e1stica was one of them.   <\/p>\n<p>Orquesta La Fant\u00e1stica was led by tenor saxophonist, vocalist, and composer Samuel &#8220;Sammy&#8221; Le\u00f3n, who hailed from Brooklyn. His 11-piece orchestra of local musicians featured a rather unique sound, which combined piano and vibraphone with a brass section of two tenor saxophones and a pair of trumpets. They were signed to Ghetto Records by Bataan\u2019s business partner George Febo after being blown away by both the band and the overwhelming reaction of the crowd at the Village Gate.  <\/p>\n<p>La Fant\u00e1stica had all original tunes, with modern arrangements and a t\u00edpico feel. Most importantly, they were fortunate to have vocalist Rafael &#8220;Ralphy&#8221; De Jes\u00fas, aka Chuleta and \u201cFrom Ear To Ear\u201d greatly benefited from his contributions. <\/p>\n<p>\u201cFrom Ear To Ear\u201d is composed exclusively of heavy-hitters, including the beguiling English-language psychedelic soul slow-burner \u2018Latin Blues.\u2019 \u2018Con Qui\u00e9n Andas,\u2019 a hot salsa banger beloved by DJs and collectors alike, features killer saxophone and trumpet riffs with an interplay worthy of Puente or Machito. <\/p>\n<p>Though \u2018Ya No Te Quiero\u2019 and \u2018Telegrama\u2019 are breakup songs, they function as swinging dance floor ass-shakers with heavy percussion breaks and crazy horn riffs. The band&#8217;s origins as an instrumental outfit are further displayed by a couple of vocal-free workouts that close out the album: \u2018M&amp;M,\u2019 a guaguanc\u00f3 rumba jam session dedicated to the band&#8217;s discoverer, Maisonave, and \u2018Sassie,\u2019 a Latin jazz suite that flies through a number of captivating sections with different rhythms, tempos, and arrangements. <\/p>\n<p>One aspect of the release that has inspired discussion and conjecture is its psychedelic album art. It was designed by an employee at Sanabria&#8217;s design studio, Charlie Rosario. They wanted something more colorful and hip that would grab the public&#8217;s attention. Rosario\u2019s surrealistic illustration, with its disembodied ears, rainbows and multi-colored female head floating amongst the clouds, was perfect!   <\/p>\n<p>We are now reissuing \u201cFrom Ear to Ear\u201d once again thanks to our collaboration with Now-Again Records. Our release includes an insert with liner notes.<\/p>\n","protected":false},"excerpt":{"rendered":"<p><strong>Joe Bataan\u2019s Ghetto Records released La Fant\u00e1stica\u2019s \u201cFrom Ear To Ear\u201d LP in 1971. This sought-after album is composed exclusively of heavy-hitters, including the beguiling English-language psychedelic soul slow-burner \u2018Latin Blues.\u2019 <\/strong><\/p>\n<p><strong> <\/strong><strong>Reissued once again thanks to our collaboration with Now-Again Records. Our release includes an insert with liner notes. <\/strong><strong>.<\/strong><\/p>\n<p>AUDIO: <a href=\"https:\/\/youtu.be\/K65Qoa2Hl7c?si=Ctq5GdzYVWC96tkF\" rel=\"nofollow ugc\">youtu.be\/K65Qoa2Hl7c?si=Ctq5GdzYVWC96tkF<\/a><\/p>\n<p>&nbsp;<\/p>\n","protected":false},"featured_media":117582,"template":"","meta":{"_acf_changed":false},"product_brand":[],"product_cat":[193,206],"product_tag":[],"class_list":{"0":"post-117585","1":"product","2":"type-product","3":"status-publish","4":"has-post-thumbnail","6":"product_cat-latin-en","7":"product_cat-salsa-en","8":"product_shipping_class-lp-en-3","9":"pa_formato-lp-en","11":"first","12":"instock","13":"taxable","14":"shipping-taxable","15":"purchasable","16":"product-type-simple"},"acf":[],"_links":{"self":[{"href":"https:\/\/munster-records.com\/en\/wp-json\/wp\/v2\/product\/117585","targetHints":{"allow":["GET"]}}],"collection":[{"href":"https:\/\/munster-records.com\/en\/wp-json\/wp\/v2\/product"}],"about":[{"href":"https:\/\/munster-records.com\/en\/wp-json\/wp\/v2\/types\/product"}],"wp:featuredmedia":[{"embeddable":true,"href":"https:\/\/munster-records.com\/en\/wp-json\/wp\/v2\/media\/117582"}],"wp:attachment":[{"href":"https:\/\/munster-records.com\/en\/wp-json\/wp\/v2\/media?parent=117585"}],"wp:term":[{"taxonomy":"product_brand","embeddable":true,"href":"https:\/\/munster-records.com\/en\/wp-json\/wp\/v2\/product_brand?post=117585"},{"taxonomy":"product_cat","embeddable":true,"href":"https:\/\/munster-records.com\/en\/wp-json\/wp\/v2\/product_cat?post=117585"},{"taxonomy":"product_tag","embeddable":true,"href":"https:\/\/munster-records.com\/en\/wp-json\/wp\/v2\/product_tag?post=117585"}],"curies":[{"name":"wp","href":"https:\/\/api.w.org\/{rel}","templated":true}]}}