{"id":42857,"date":"2018-11-03T09:16:05","date_gmt":"2020-11-03T10:38:23","guid":{"rendered":"https:\/\/munster.creando.net\/producto\/mambo-mangue\/"},"modified":"2021-02-23T12:37:30","modified_gmt":"2021-02-23T12:37:30","slug":"mambo-mangue","status":"publish","type":"product","link":"https:\/\/munster-records.com\/en\/producto\/mambo-mangue\/","title":{"rendered":"Mango Mang\u00fc\u00e9"},"content":{"rendered":"<p>Compilation of the late 50s and early 60s recordings by this unique singer and showman from Cuba, a contemporary of P\u00e9rez Prado, Cachao and Mongo Santamar\u00eda. Includes his famous ska\/mambo crossover hit &#8216;El jamaiquino&#8217;. Francisco Fellove Vald\u00e9s was born on October 7, 1923 in the Barrio Col\u00f3n, Havana. When Fellove was a kid, he would walk through the streets of downtown Havana with a drum and scat. He met Chano Pozo and the young singer Armando Borcela &#8220;Guapacha&#8221; in his neighbourhood. &#8220;Also,&#8221; Fellove remembers, &#8220;I played the guitar and sang with the Ni\u00f1o Rivera.&#8221; That&#8217;s how he composed &#8216;Mango mangu?\u00e9&#8217; when he was 16, in Ni\u00f1o Rivera&#8217;s house. The first musician to record the song was the singer Miguelito Vald\u00e9s. Celia Cruz, Tito Puente, the flautist Johnny Pacheco and Aldemaro Romero also recorded it. &#8220;Then came &#8216;El jamaiquino&#8217;, another song I made with El Ni\u00f1o.&#8221; These two historic songs are included in this collection &#8211; recorded by Fellove himself in Mexico City. He was invited to many radio and TV programs like Show de Mediod\u00eda on CMQ with the Conjunto Casino, which featured Patato Vald\u00e9s and Roberto Faz. He also sang on radio station Mil Diez and with the orchestra of the pianist Julio Guti\u00e9rrez on Channel 4 and on Cadena Azul. It&#8217;s probably less well known that Fellove was involved in the first weekend gatherings of singers and composers at Angelito Diaz&#8217;s house in the Callej\u00f3n de Hamel and also at Celia Cruz&#8217;s house in the Buena Vista neighbourhood during the week. This is the beginning of a movement that would be known as Feeling, with Ni\u00f1o Rivera, C\u00e9sar Portillo de la Luz, Olga Guillot, Omara Portuondo, Elena Burke, Aida Diestro, Jos\u00e9 Antonio M\u00e9ndez\u2026 In 1952, Fellove participated in the first great jam session recorded in Havana for the Panart label: &#8220;Cuban Jam Sessions&#8221;. On December 1955, Fellove travelled to Mexico City. He made his debut at Roberto Morales&#8217;s Bar Latino with Jos\u00e9 Antonio M\u00e9ndez before going to the El Burro club with the Orquesta Am\u00e9rica. He recorded a few 45s and six LPs for RCA Victor. The artistic director of RCA was the pianist and songwriter Mario Ruiz Armengol, who did a few arrangements for Fellove and lent him his orchestra for the recording sessions. So, beginning with his Havana scat, in which he expressed Cuba&#8217;s musical soul, the chua-chua was born in Mexico City. Along with Hector Batamba he organized a sextet with Lalo Montaner on the flute, Ra\u00fal Cerda on the piano, Hector Leal on the gu?iro, &#8220;El Lobo&#8221; on the drums and &#8220;El Rat\u00f3n&#8221; on bass. After recording for RCA Victor (from September 1956 to September 1957) the group broke up when Batamba went to Europe. Fellove formed a new band: &#8220;I had invented the chua-chua, a kind of scat. In my group, Lobo and Mel\u00f3n did the choruses.&#8221; In this compilation we discover Fellove&#8217;s guarachera facet along with the best examples of his career in chuachua, but also some very original versions of the classics of Mexican music (&#8216;Te quiero coraz\u00f3n&#8217;, &#8216;Baile el minuet&#8217;) and of Puerto Rican music (&#8216;Cortaron a Elena&#8217;). Even more surprising is his interpretation of a R\u00edo de la Plata classic, &#8216;Los ejes de mi carreta&#8217;.<\/p>\n","protected":false},"excerpt":{"rendered":"<p>A key and original figure in Cuban music. Creator of his own style of scat, known as chua-chua. Liner notes with career overview by expert Luc Delannoy. 21 tracks that will have you shaking and grooving in a dancing frenzy.<\/p>\n","protected":false},"featured_media":22153,"template":"","meta":{"_acf_changed":false},"product_brand":[],"product_cat":[196,193,202,204],"product_tag":[],"class_list":{"0":"post-42857","1":"product","2":"type-product","3":"status-publish","4":"has-post-thumbnail","6":"product_cat-cuba-en","7":"product_cat-latin-en","8":"product_cat-mexico-en","9":"product_cat-pop-en-2","10":"product_shipping_class-default","11":"pa_formato-2lp-en","12":"pa_formato-cd-en","14":"first","15":"instock","16":"sale","17":"purchasable","18":"product-type-variable","19":"has-default-attributes"},"acf":[],"_links":{"self":[{"href":"https:\/\/munster-records.com\/en\/wp-json\/wp\/v2\/product\/42857","targetHints":{"allow":["GET"]}}],"collection":[{"href":"https:\/\/munster-records.com\/en\/wp-json\/wp\/v2\/product"}],"about":[{"href":"https:\/\/munster-records.com\/en\/wp-json\/wp\/v2\/types\/product"}],"wp:featuredmedia":[{"embeddable":true,"href":"https:\/\/munster-records.com\/en\/wp-json\/wp\/v2\/media\/22153"}],"wp:attachment":[{"href":"https:\/\/munster-records.com\/en\/wp-json\/wp\/v2\/media?parent=42857"}],"wp:term":[{"taxonomy":"product_brand","embeddable":true,"href":"https:\/\/munster-records.com\/en\/wp-json\/wp\/v2\/product_brand?post=42857"},{"taxonomy":"product_cat","embeddable":true,"href":"https:\/\/munster-records.com\/en\/wp-json\/wp\/v2\/product_cat?post=42857"},{"taxonomy":"product_tag","embeddable":true,"href":"https:\/\/munster-records.com\/en\/wp-json\/wp\/v2\/product_tag?post=42857"}],"curies":[{"name":"wp","href":"https:\/\/api.w.org\/{rel}","templated":true}]}}