{"id":42985,"date":"2018-11-03T09:16:45","date_gmt":"2020-11-03T10:39:35","guid":{"rendered":"https:\/\/munster.creando.net\/producto\/the-funky-way-of-emil-viklicky\/"},"modified":"2021-02-23T12:26:20","modified_gmt":"2021-02-23T12:26:20","slug":"the-funky-way-of-emil-viklicky","status":"publish","type":"product","link":"https:\/\/munster-records.com\/en\/producto\/the-funky-way-of-emil-viklicky\/","title":{"rendered":"The Funky Way Of Emil Viklicky"},"content":{"rendered":"<p>Emil Viklicky is one of the most renowned Czech jazz musicians and composers.This focused-on-funk selection was recorded between 1975 and 1987 in Czechoslovak studios. Be it with the legendary SHQ or with Energit, accompanying Eva Svobodov\u00e1, conducting a tight studio big band or collaborating with fellow Berklee College students Frisell\/Driscoll\/Johnson, Emil knows how to funk up his keys all the way through.Remastered from the Supraphon archives. Extensive notes covering Emil Viklicky&#8217;s career by compiler Luk\u00e1s Machata1. Trochu Funky (The Funky Way)2. T_den (Week)3. Jeste Jednou Slunce (Once Again Sun)4. Kveten (Maytime)5. Kam S T\u00edm Blues (Chega De Saudade)6. 70. V_chodn\u00ed (East 70th Street)7. Boston8. Zelen_ Sat\u00e9n (Green Satin)9. Hromovka (Thunderhouse)10. Zeme Pln\u00e1 L\u00e1sky (A Land Full Of Love)11. Zase Zapomneli Zavr\u00edt Okno(They&#8217;ve Left The Window Open Again)12. Siesta13. Jumbo Jet14. R\u00e1no (Part 1, Kash Edit) (Morning)<\/p>\n","protected":false},"excerpt":{"rendered":"<p>Emil Viklicky is one of the most renowned Czech jazz musicians and composers. 2LP (700 copies limited edition). Illustrated with original sleeves. Extensive notes covering Emil Viklick\u00fd&#8217;s career by compiler Luk\u00e1\u0161 Machata. All tracks reissued on vinyl for the first time. Three tracks reissued on CD for the first time (2, 5, 10). Four tracks previously unreleased (3, 6, 9, 12).<\/p>\n","protected":false},"featured_media":22716,"template":"","meta":{"_acf_changed":false},"product_brand":[],"product_cat":[254,15],"product_tag":[],"class_list":{"0":"post-42985","1":"product","2":"type-product","3":"status-publish","4":"has-post-thumbnail","6":"product_cat-funk-en","7":"product_cat-jazz","8":"product_shipping_class-cd-en","9":"pa_formato-cd-en","11":"first","12":"outofstock","13":"sale","14":"purchasable","15":"product-type-variable","16":"has-default-attributes"},"acf":[],"_links":{"self":[{"href":"https:\/\/munster-records.com\/en\/wp-json\/wp\/v2\/product\/42985","targetHints":{"allow":["GET"]}}],"collection":[{"href":"https:\/\/munster-records.com\/en\/wp-json\/wp\/v2\/product"}],"about":[{"href":"https:\/\/munster-records.com\/en\/wp-json\/wp\/v2\/types\/product"}],"wp:featuredmedia":[{"embeddable":true,"href":"https:\/\/munster-records.com\/en\/wp-json\/wp\/v2\/media\/22716"}],"wp:attachment":[{"href":"https:\/\/munster-records.com\/en\/wp-json\/wp\/v2\/media?parent=42985"}],"wp:term":[{"taxonomy":"product_brand","embeddable":true,"href":"https:\/\/munster-records.com\/en\/wp-json\/wp\/v2\/product_brand?post=42985"},{"taxonomy":"product_cat","embeddable":true,"href":"https:\/\/munster-records.com\/en\/wp-json\/wp\/v2\/product_cat?post=42985"},{"taxonomy":"product_tag","embeddable":true,"href":"https:\/\/munster-records.com\/en\/wp-json\/wp\/v2\/product_tag?post=42985"}],"curies":[{"name":"wp","href":"https:\/\/api.w.org\/{rel}","templated":true}]}}