{"id":43161,"date":"2016-11-03T09:18:02","date_gmt":"2020-11-03T10:41:04","guid":{"rendered":"https:\/\/munster.creando.net\/producto\/backbone-ritmo\/"},"modified":"2021-02-23T15:14:42","modified_gmt":"2021-02-23T15:14:42","slug":"backbone-ritmo","status":"publish","type":"product","link":"https:\/\/munster-records.com\/en\/producto\/backbone-ritmo\/","title":{"rendered":"Backbone Ritmo"},"content":{"rendered":"<p>&#8220;Backbone Ritmo&#8221; llev\u00f3 a Atom Rhumba a la cima de su carrera y tambi\u00e9n les llev\u00f3 bien lejos, desde una extensa gira por cada pueblo de la pen\u00ednsula ib\u00e9rica hasta Francia y Jap\u00f3n, donde cr\u00edtica y p\u00fablico reaccionaron con entusiasmo.<\/p>\n","protected":false},"excerpt":{"rendered":"<p>&#8220;Backbone Ritmo&#8221; llev\u00f3 a Atom Rhumba a la cima de su carrera y tambi\u00e9n les llev\u00f3 bien lejos, desde una extensa gira por cada pueblo de la pen\u00ednsula ib\u00e9rica hasta Francia y Jap\u00f3n, donde cr\u00edtica y p\u00fablico reaccionaron con entusiasmo.<\/p>\n","protected":false},"featured_media":23160,"template":"","meta":{"_acf_changed":false},"product_brand":[],"product_cat":[241,245,250,64,251],"product_tag":[],"class_list":{"0":"post-43161","1":"product","2":"type-product","3":"status-publish","4":"has-post-thumbnail","6":"product_cat-garage-en-3","7":"product_cat-no-wave-en-2","8":"product_cat-punk-rock-en-2","9":"product_cat-rock-en","10":"product_cat-rockn-rool-en","11":"product_shipping_class-default","12":"pa_formato-apple-music-en","13":"pa_formato-cd-en","15":"first","16":"outofstock","17":"sale","18":"purchasable","19":"product-type-variable","20":"has-default-attributes"},"acf":[],"_links":{"self":[{"href":"https:\/\/munster-records.com\/en\/wp-json\/wp\/v2\/product\/43161","targetHints":{"allow":["GET"]}}],"collection":[{"href":"https:\/\/munster-records.com\/en\/wp-json\/wp\/v2\/product"}],"about":[{"href":"https:\/\/munster-records.com\/en\/wp-json\/wp\/v2\/types\/product"}],"wp:featuredmedia":[{"embeddable":true,"href":"https:\/\/munster-records.com\/en\/wp-json\/wp\/v2\/media\/23160"}],"wp:attachment":[{"href":"https:\/\/munster-records.com\/en\/wp-json\/wp\/v2\/media?parent=43161"}],"wp:term":[{"taxonomy":"product_brand","embeddable":true,"href":"https:\/\/munster-records.com\/en\/wp-json\/wp\/v2\/product_brand?post=43161"},{"taxonomy":"product_cat","embeddable":true,"href":"https:\/\/munster-records.com\/en\/wp-json\/wp\/v2\/product_cat?post=43161"},{"taxonomy":"product_tag","embeddable":true,"href":"https:\/\/munster-records.com\/en\/wp-json\/wp\/v2\/product_tag?post=43161"}],"curies":[{"name":"wp","href":"https:\/\/api.w.org\/{rel}","templated":true}]}}