{"id":43169,"date":"2016-11-03T09:18:10","date_gmt":"2020-11-03T10:41:08","guid":{"rendered":"https:\/\/munster.creando.net\/producto\/su-traje-senor\/"},"modified":"2021-02-23T19:18:45","modified_gmt":"2021-02-23T19:18:45","slug":"su-traje-senor","status":"publish","type":"product","link":"https:\/\/munster-records.com\/en\/producto\/su-traje-senor\/","title":{"rendered":"Su traje se\u00f1or"},"content":{"rendered":"<p>Su traje se\u00f1or (1996) is the only album by this band from C\u00f3rdoba led by Ben Thirkettle. 12 tracks with elegant and pleasant nods to Bowie, T Rex, Nick Cave or Serge Gainsbourg. A record waiting to be rediscovered.<\/p>\n","protected":false},"excerpt":{"rendered":"<p>Su traje se\u00f1or (1996) is the only album by this band from C\u00f3rdoba led by Ben Thirkettle. 12 tracks with elegant and pleasant nods to Bowie, T Rex, Nick Cave or Serge Gainsbourg. A record waiting to be rediscovered.<\/p>\n","protected":false},"featured_media":23176,"template":"","meta":{"_acf_changed":false},"product_brand":[],"product_cat":[223],"product_tag":[],"class_list":{"0":"post-43169","1":"product","2":"type-product","3":"status-publish","4":"has-post-thumbnail","6":"product_cat-pop-en-4","7":"product_shipping_class-default","8":"pa_formato-cd-en","10":"first","11":"instock","12":"purchasable","13":"product-type-simple"},"acf":[],"_links":{"self":[{"href":"https:\/\/munster-records.com\/en\/wp-json\/wp\/v2\/product\/43169","targetHints":{"allow":["GET"]}}],"collection":[{"href":"https:\/\/munster-records.com\/en\/wp-json\/wp\/v2\/product"}],"about":[{"href":"https:\/\/munster-records.com\/en\/wp-json\/wp\/v2\/types\/product"}],"wp:featuredmedia":[{"embeddable":true,"href":"https:\/\/munster-records.com\/en\/wp-json\/wp\/v2\/media\/23176"}],"wp:attachment":[{"href":"https:\/\/munster-records.com\/en\/wp-json\/wp\/v2\/media?parent=43169"}],"wp:term":[{"taxonomy":"product_brand","embeddable":true,"href":"https:\/\/munster-records.com\/en\/wp-json\/wp\/v2\/product_brand?post=43169"},{"taxonomy":"product_cat","embeddable":true,"href":"https:\/\/munster-records.com\/en\/wp-json\/wp\/v2\/product_cat?post=43169"},{"taxonomy":"product_tag","embeddable":true,"href":"https:\/\/munster-records.com\/en\/wp-json\/wp\/v2\/product_tag?post=43169"}],"curies":[{"name":"wp","href":"https:\/\/api.w.org\/{rel}","templated":true}]}}