{"id":43416,"date":"2017-11-03T09:19:44","date_gmt":"2020-11-03T10:43:31","guid":{"rendered":"https:\/\/munster.creando.net\/producto\/la-sala-del-silencio\/"},"modified":"2021-02-23T19:08:14","modified_gmt":"2021-02-23T19:08:14","slug":"la-sala-del-silencio","status":"publish","type":"product","link":"https:\/\/munster-records.com\/en\/producto\/la-sala-del-silencio\/","title":{"rendered":"La Sala del Silencio"},"content":{"rendered":"<p>After the break-up of D\u00e9cima V\u00edctima, one of the leading Spanish post-punk bands, brothers Lars and Per Mertanen formed La Sala del Silencio with \u00c1urea Cun\u00ed in Barcelona. This rehearsal recorded on cassette in 1984 follows a similar path to D\u00e9cima V\u00edctima and is the only material left behind by this short-lived band, never heard until now.<\/p>\n","protected":false},"excerpt":{"rendered":"<p>This rehearsal recorded on cassette in 1984 follows a similar path to D\u00e9cima V\u00edctima and is the only material left behind by this short-lived band.<\/p>\n","protected":false},"featured_media":24093,"template":"","meta":{"_acf_changed":false},"product_brand":[],"product_cat":[300],"product_tag":[],"class_list":{"0":"post-43416","1":"product","2":"type-product","3":"status-publish","4":"has-post-thumbnail","6":"product_cat-afterpunk","7":"product_shipping_class-default","8":"pa_formato-7-en-2","9":"pa_formato-apple-music-en","11":"first","12":"outofstock","13":"sale","14":"purchasable","15":"product-type-variable","16":"has-default-attributes"},"acf":[],"_links":{"self":[{"href":"https:\/\/munster-records.com\/en\/wp-json\/wp\/v2\/product\/43416","targetHints":{"allow":["GET"]}}],"collection":[{"href":"https:\/\/munster-records.com\/en\/wp-json\/wp\/v2\/product"}],"about":[{"href":"https:\/\/munster-records.com\/en\/wp-json\/wp\/v2\/types\/product"}],"wp:featuredmedia":[{"embeddable":true,"href":"https:\/\/munster-records.com\/en\/wp-json\/wp\/v2\/media\/24093"}],"wp:attachment":[{"href":"https:\/\/munster-records.com\/en\/wp-json\/wp\/v2\/media?parent=43416"}],"wp:term":[{"taxonomy":"product_brand","embeddable":true,"href":"https:\/\/munster-records.com\/en\/wp-json\/wp\/v2\/product_brand?post=43416"},{"taxonomy":"product_cat","embeddable":true,"href":"https:\/\/munster-records.com\/en\/wp-json\/wp\/v2\/product_cat?post=43416"},{"taxonomy":"product_tag","embeddable":true,"href":"https:\/\/munster-records.com\/en\/wp-json\/wp\/v2\/product_tag?post=43416"}],"curies":[{"name":"wp","href":"https:\/\/api.w.org\/{rel}","templated":true}]}}