{"id":43465,"date":"2018-11-03T09:20:01","date_gmt":"2018-11-03T09:20:01","guid":{"rendered":"https:\/\/munster.creando.net\/producto\/breve-encuentro\/"},"modified":"2021-02-23T19:05:34","modified_gmt":"2021-02-23T19:05:34","slug":"breve-encuentro","status":"publish","type":"product","link":"https:\/\/munster-records.com\/en\/producto\/breve-encuentro\/","title":{"rendered":"Breve encuentro"},"content":{"rendered":"<p>Breve encuentro is the new Kik\u00ed d&#8217;Ak\u00ed album, ten years after No mires atr\u00e1s. This awaited comeback developed over several parties and tribute shows in the last few years where Mar\u00eda Jos\u00e9 (Jose) Serrano and Sergio L\u00f3pez de Haro were invited to take part. The songs included here belong to different periods and authors, but they are all akin to Jose and Sergio&#8217;s spirit. They see themselves reflected in them and have tried to give something back in this encounter. Almost unintentionally, these songs asked to take shape together. In order to achieve it, Jose and Sergio chose a succinct format of just vocal and guitar, plus the occasional contribution of a few friends on vocals. For the production and mastering they enrolled Ram\u00f3n Leal, who captured the intimate and straightforward sound they were after. The result is eleven close and captivating performances of titles from the repertoire of Vainica Doble, Bernardo Bonezzi, F\u00f3rmula V, Carlos Berlanga, Fran\u00e7oise Hardy, France Gall and Charlie Mysterio. They form the return of one of the most personal voices of Spanish pop music, absent for too long.<\/p>\n","protected":false},"excerpt":{"rendered":"<p>The new Kik\u00ed d&#8217;Ak\u00ed album, first in ten years, is a brief, intimate and intense encounter with the repertoire of Vainica Doble, Bernardo Bonezzi, F\u00f3rmula V, Carlos Berlanga, Fran\u00e7oise Hardy, France Gall and Charlie Mysterio. Fleeting songs and characters, like glances on a train platform, which arrived to stay. These eleven close and captivating performances form the return of one of the most personal voices of Spanish pop music, absent for too long. Includes CD.<\/p>\n","protected":false},"featured_media":24267,"template":"","meta":{"_acf_changed":false},"product_brand":[],"product_cat":[223],"product_tag":[],"class_list":{"0":"post-43465","1":"product","2":"type-product","3":"status-publish","4":"has-post-thumbnail","6":"product_cat-pop-en-4","7":"product_shipping_class-default","8":"pa_formato-apple-music-en","9":"pa_formato-lp-cd-en","11":"first","12":"outofstock","13":"sale","14":"purchasable","15":"product-type-variable","16":"has-default-attributes"},"acf":[],"_links":{"self":[{"href":"https:\/\/munster-records.com\/en\/wp-json\/wp\/v2\/product\/43465","targetHints":{"allow":["GET"]}}],"collection":[{"href":"https:\/\/munster-records.com\/en\/wp-json\/wp\/v2\/product"}],"about":[{"href":"https:\/\/munster-records.com\/en\/wp-json\/wp\/v2\/types\/product"}],"wp:featuredmedia":[{"embeddable":true,"href":"https:\/\/munster-records.com\/en\/wp-json\/wp\/v2\/media\/24267"}],"wp:attachment":[{"href":"https:\/\/munster-records.com\/en\/wp-json\/wp\/v2\/media?parent=43465"}],"wp:term":[{"taxonomy":"product_brand","embeddable":true,"href":"https:\/\/munster-records.com\/en\/wp-json\/wp\/v2\/product_brand?post=43465"},{"taxonomy":"product_cat","embeddable":true,"href":"https:\/\/munster-records.com\/en\/wp-json\/wp\/v2\/product_cat?post=43465"},{"taxonomy":"product_tag","embeddable":true,"href":"https:\/\/munster-records.com\/en\/wp-json\/wp\/v2\/product_tag?post=43465"}],"curies":[{"name":"wp","href":"https:\/\/api.w.org\/{rel}","templated":true}]}}