{"id":43509,"date":"2019-08-03T09:20:33","date_gmt":"2020-11-03T10:45:12","guid":{"rendered":"https:\/\/munster.creando.net\/producto\/cumbias-con-el-miramar\/"},"modified":"2021-02-23T19:04:00","modified_gmt":"2021-02-23T19:04:00","slug":"cumbias-con-el-miramar","status":"publish","type":"product","link":"https:\/\/munster-records.com\/en\/producto\/cumbias-con-el-miramar\/","title":{"rendered":"Cumbias con El Miramar"},"content":{"rendered":"<p>Cumbias con el Miramar is a very hard-to-find, sought-after album released by Discos Fuentes in 1965. Full of excellent cumbias and gaitas for dancing, the record actually is a lot more diverse than the title leads one to believe, as there are lots of other hot rhythms and arrangements on it, taken from Cuban genres like guajira, guaracha, guaguanc\u00f3, charanga and son montuno. All but one of its compositions come from the conjunto&#8217;s own musicians, with the bulk being written by Hern\u00e1n Builes and H\u00e9ctor Quintero. Throughout the album the very simple, spare elemental sound is consistent. The band members at this time included Dar\u00edo Restrepo (aka Guayabita) on piano, Rub\u00e9n Dar\u00edo Restrepo (El Mago) on guitar, H\u00e9ctor Quintero on saxophone, clarinet, flute, xylophone and vocals, Hugo Gil (Chamizo) behind the drum set as well as on tumbadora (conga) and vocals, with Hern\u00e1n Builes being the band&#8217;s director and bassist (and occasional accordionist). Dar\u00edo Restrepo has said that the xylophone used on this record was a small children&#8217;s model that the band purchased in Medell\u00edn, and there is an engagingly youthful exuberance, brevity and playful simplicity on this album that belies the band members&#8217; obvious maturity and the prodigious talent displayed therein. The childlike aspect to the band is indeed appropriate because Conjunto Miramar was formed by a group of very young music enthusiasts (some under the age of 10!) in 1957 in Manizales (although some sources say Medell\u00edn). The Miramar boys were all childhood friends that wanted to play music together during the holidays, led by Medell\u00edn native Jairo Grisales (accordion) and bassist Hern\u00e1n Builes. They were joined by an ever-changing line-up that included siblings Jairo Dar\u00edo Gil aka Dargil and Hugo Gil, as well as Hern\u00e1n Pab\u00f3n, Augusto Zapata, Roberto de la Barrera and H\u00e9ctor Quintero. Conjunto Miramar recorded their first singles for the Medell\u00edn-based Discos Ondina label in 1961. These Ondina 45 singles were later collected on an album titled Carruseles (Sonico\/INS, 1977); however, their first proper long play recording was for the Zeida label (probably recorded in 1962\/63) but by then Grisales had left the group and Hern\u00e1n Builes took over, signing with Discos Fuentes in 1965. Soon after Cumbias con el Miramar was released, Builes reformatted the line-up and instrumentation, updating the sound to reflect recent developments in Caracas, San Juan and New York, adding vibraphone in the fashion of The Joe Cuba Sextet (as well as hiring vocalists Humberto Huango Muriel, Rodolfo Aicardi and Johnny Mor\u00e9), renaming the group Sexteto Mirarmar and debuting the groundbreaking album \u00a1Salsa! Mi Hermana (the band left Fuentes in 1969 after four more successful records). Interestingly, Cumbias con el Miramar contains superior versions of &#8216;Cumbia del sol&#8217; \u2013 arguably one of the band&#8217;s most famous and internationally influential songs \u2013 and &#8216;Lelogua&#8217;, both of which had also been recorded earlier for their Zeida LP. In addition, several other tunes from the record \u2013 &#8216;Cumbia loca&#8217;, &#8216;Cumbia de estrellas&#8217; and &#8216;Noche y cumbia&#8217; \u2013 have been popular among DJs, sonideros and dancers for 50 years. But while these cumbias form the backbone of the album and situate it firmly in the folklore of the band&#8217;s native Colombia, the LP&#8217;s Cuban-styled songs like &#8216;Mensaje guajiro&#8217; and &#8216;Lelogua&#8217; point to the other obsession of Colombian audiences, namely that of Afro-Antillean music (that would be marketed as salsa in the following decade). The album offers us a fascinating snapshot of a pivotal period in Colombian music when outside influences (such as salsa from New York) and the wildly popular phenomenon of so-called raspa or chucu-chucu cumbia groups from the interior (described as paisa, i.e. not from the Afro-Colombian coastal regions where cumbia began) were initiating a transition from the old sound (and generation) to the new. Conjunto Miramar certainly influenced and inspired the rise of the youthful teenager raspa groups like Los Teenagers, Hispanos, Bobby Soxers, Graduados, Black Stars, \u00c9xitos and Falcons, but at the same time, as the newly christened Sexteto Miramar, they helped inspire Discos Fuentes to usher in the new decade of the 1970s with the modern salsa dura of Fruko y Sus Tesos, as Fruko himself has admitted. Pablo Iglesias aka DJ Bongohead<\/p>\n","protected":false},"excerpt":{"rendered":"<p>First ever reissue of Cumbias con el Miramar, a very hard-to-find album released by Discos Fuentes in 1965. Full of excellent cumbias and gaitas for dancing, the record actually is a lot more diverse than the title leads one to believe, as there are lots of other hot rhythms and arrangements on it, taken from Cuban genres like guajira, guaracha, guaguanc\u00f3, charanga and son montuno. Presented in facsimile artwork and pressed on 180g vinyl. Part of Vampisoul&#8217;s reissue series of classic Fuentes LPs.<\/p>\n","protected":false},"featured_media":24387,"template":"","meta":{"_acf_changed":false},"product_brand":[],"product_cat":[195,197,193],"product_tag":[],"class_list":{"0":"post-43509","1":"product","2":"type-product","3":"status-publish","4":"has-post-thumbnail","6":"product_cat-colombia-en","7":"product_cat-cumbia-en","8":"product_cat-latin-en","9":"product_shipping_class-default","10":"pa_formato-apple-music-en","11":"pa_formato-lp-en","13":"first","14":"outofstock","15":"product-type-variable","16":"has-default-attributes"},"acf":[],"_links":{"self":[{"href":"https:\/\/munster-records.com\/en\/wp-json\/wp\/v2\/product\/43509","targetHints":{"allow":["GET"]}}],"collection":[{"href":"https:\/\/munster-records.com\/en\/wp-json\/wp\/v2\/product"}],"about":[{"href":"https:\/\/munster-records.com\/en\/wp-json\/wp\/v2\/types\/product"}],"wp:featuredmedia":[{"embeddable":true,"href":"https:\/\/munster-records.com\/en\/wp-json\/wp\/v2\/media\/24387"}],"wp:attachment":[{"href":"https:\/\/munster-records.com\/en\/wp-json\/wp\/v2\/media?parent=43509"}],"wp:term":[{"taxonomy":"product_brand","embeddable":true,"href":"https:\/\/munster-records.com\/en\/wp-json\/wp\/v2\/product_brand?post=43509"},{"taxonomy":"product_cat","embeddable":true,"href":"https:\/\/munster-records.com\/en\/wp-json\/wp\/v2\/product_cat?post=43509"},{"taxonomy":"product_tag","embeddable":true,"href":"https:\/\/munster-records.com\/en\/wp-json\/wp\/v2\/product_tag?post=43509"}],"curies":[{"name":"wp","href":"https:\/\/api.w.org\/{rel}","templated":true}]}}