{"id":44329,"date":"2016-11-05T08:05:24","date_gmt":"2020-11-05T09:16:34","guid":{"rendered":"https:\/\/munster.creando.net\/producto\/guitarras-callejeras\/"},"modified":"2021-02-23T18:56:51","modified_gmt":"2021-02-23T18:56:51","slug":"guitarras-callejeras","status":"publish","type":"product","link":"https:\/\/munster-records.com\/en\/producto\/guitarras-callejeras\/","title":{"rendered":"Guitarras callejeras"},"content":{"rendered":"<p>Raimundo and Rafael Amador are the Pata Negra (an expression meaning top class) of a great family of gipsy flamenco guitarists. Their father, Luis, and uncles Diego and Ram\u00f3n accompanied several generations of artists of the highest category: Antonio Mairena, Fernanda de Utrera, Farruco, Matilde Coral, La Paquera, Chocolate\u2026 They all stayed within orthodoxy and their reference point was the essential flamenco styles: seguriya, sole\u00e1, canti\u00f1as, buler\u00edas and tangos. Raimundo and Rafael learned that culture since they were children, at home. Nobody could suspect what they would learn in the streets of 1960s Seville, full of hippies, rockers and an acid explosion that came from the military bases of Rota and Mor\u00f3n. When they were not even teenagers, Raimundo and Rafael would sing and play in the city centre bars. They were accompanied by their cousins and other friends from their Tres Mil Viviendas (3000 Dwellings) neighbourhood. After each performance Raimundo was responsible for passing a dish around to collect donations. That&#8217;s how he obtained the title of Little Dish Sergeant. In the streets they got to know other kinds of music: blues, rock, swing and even the jazz manouche of their uncle Django Reinhart. They were like an insatiable sponge that would absorb, suddenly, records by Jimmy Hendrix, Janis Joplin, Rolling Stones, Pink Floyd and the vital Californian revolution that entered Spain via the south of the south: Seville and Cadiz. They were the first to introduce the plectrum technique to flamenco guitar, the first ones to stretch the strings in order to obtain quarter and octave tones. The first gipsy rockers. The first bluesmen of the Tres Mil Viviendas, of Seville, of Spain. That&#8217;s why Guitarras callejeras, recorded in 1979, has the value of a foundation stone, the invention of a musical language unknown until then. It continued the legacy of essential records such as Smash by Smash and was the necessary precursor of La leyenda del tiempo, in which Raimundo and Camar\u00f3n shared chords, stews cooked by Juan El Camas, grape juice from Umbrete, joints and laughs. This record came out a long time after the recordings (by then Pata Negra had already released Los managers and Rock gitano on Universal), the reason simply being that we never thought that those sessions in my little studio in Umbrete would ever reach your hands. In those unforgettable days of wine and roses we only cared about celebrating life. Nobody talked about records, songwriters, royalties, money. It was a never-ending party attended by Lole, Manuel, Camar\u00f3n, Morente, Tomatito, remedios Amaya, La Susi, Paco de Luc\u00eda, Dieguito del Gastor, Triana, Alameda\u2026 Luckily there was a Nagra Stero recorder around and the will to register those magical moments. I can&#8217;t help remembering with emotion my friend Mario Pacheco, who encouraged me to edit the recording sessions and select the tracks. Let these words be a tribute to the most lucid producer of the last half century of Spanish music. Ricardo Pach\u00f3n<\/p>\n","protected":false},"excerpt":{"rendered":"<p>Reissue of Guitarras callejeras, the first recordings by Pata Negra and their official third record. This edition includes the original mini-LP and another two tracks from the same 1979 sessions, only available on CD until now. Brothers Rafael and Raimundo Amador, the musicians behind Pata Negra, have taken part in fundamental episodes in the history of Spanish music such as the band Veneno and the album La leyenda del tiempo by Camar\u00f3n. With Pata Negra they created a new genre described by themselves as bluesler\u00eda, from the words blues and buler\u00eda, a flamenco style, and developed a way of understanding fusion music in Spain. This record shows their most intimate and acoustic side. Liner notes by Ricardo Pach\u00f3n, responsible for the recordings and key producer of the genre.<\/p>\n","protected":false},"featured_media":45178,"template":"","meta":{"_acf_changed":false},"product_brand":[],"product_cat":[238,213],"product_tag":[],"class_list":{"0":"post-44329","1":"product","2":"type-product","3":"status-publish","4":"has-post-thumbnail","6":"product_cat-blues-rock-en","7":"product_cat-flamenco-en","8":"product_shipping_class-default","9":"pa_formato-lp-en","11":"first","12":"outofstock","13":"sold-individually","14":"purchasable","15":"product-type-variable","16":"has-default-attributes"},"acf":[],"_links":{"self":[{"href":"https:\/\/munster-records.com\/en\/wp-json\/wp\/v2\/product\/44329","targetHints":{"allow":["GET"]}}],"collection":[{"href":"https:\/\/munster-records.com\/en\/wp-json\/wp\/v2\/product"}],"about":[{"href":"https:\/\/munster-records.com\/en\/wp-json\/wp\/v2\/types\/product"}],"wp:featuredmedia":[{"embeddable":true,"href":"https:\/\/munster-records.com\/en\/wp-json\/wp\/v2\/media\/45178"}],"wp:attachment":[{"href":"https:\/\/munster-records.com\/en\/wp-json\/wp\/v2\/media?parent=44329"}],"wp:term":[{"taxonomy":"product_brand","embeddable":true,"href":"https:\/\/munster-records.com\/en\/wp-json\/wp\/v2\/product_brand?post=44329"},{"taxonomy":"product_cat","embeddable":true,"href":"https:\/\/munster-records.com\/en\/wp-json\/wp\/v2\/product_cat?post=44329"},{"taxonomy":"product_tag","embeddable":true,"href":"https:\/\/munster-records.com\/en\/wp-json\/wp\/v2\/product_tag?post=44329"}],"curies":[{"name":"wp","href":"https:\/\/api.w.org\/{rel}","templated":true}]}}