{"id":44460,"date":"2018-11-05T08:06:06","date_gmt":"2020-11-05T09:20:27","guid":{"rendered":"https:\/\/munster.creando.net\/producto\/fire-of-love\/"},"modified":"2020-12-12T07:57:31","modified_gmt":"2020-12-12T07:57:31","slug":"fire-of-love","status":"publish","type":"product","link":"https:\/\/munster-records.com\/en\/producto\/fire-of-love\/","title":{"rendered":"Fire Of Love"},"content":{"rendered":"<p>Reedici\u00f3n de el legendario primer \u00e1lbum de Gun Club, publicado originalmente a 1981 por Ruby Records, subsidiaria de Slash. Fire Of Love es un homenaje a los riffs, historias y acitud de maestros del blues como Blind Willie Johnson, Blind Lemon Jefferson o Roberth Johnson, pero inyect\u00e1ndolo todo de electricidad, velocidad y energ\u00eda punk. Las labores de Pat Burnette contribuyen a crear ese nuevo sonido. En su estudio, Quad-Teck, se registraron cl\u00e1sicos del punk de Los Angeles como el GI de los Germs. El resultado es un aut\u00e9ntico cl\u00e1sico que se ha convertido en uno de los discos m\u00e1s influyentes de los a\u00f1os ochenta. El inicio de una leyenda.<\/p>\n","protected":false},"excerpt":{"rendered":"<p>Fire Of Love ha sido durante muchos a\u00f1os una pieza de coleccionismo dif\u00edcil de encontrar. Reproducci\u00f3n del arte original con bolsa interior con extensas notas a cargo de Lindsay Hutton (Next Big Thing Magazine).<\/p>\n","protected":false},"featured_media":22400,"template":"","meta":{"_acf_changed":false},"product_brand":[],"product_cat":[65],"product_tag":[],"class_list":{"0":"post-44460","1":"product","2":"type-product","3":"status-publish","4":"has-post-thumbnail","6":"product_cat-punk-en","7":"product_shipping_class-default","8":"pa_formato-lp-en","10":"first","11":"outofstock","12":"purchasable","13":"product-type-simple"},"acf":[],"_links":{"self":[{"href":"https:\/\/munster-records.com\/en\/wp-json\/wp\/v2\/product\/44460","targetHints":{"allow":["GET"]}}],"collection":[{"href":"https:\/\/munster-records.com\/en\/wp-json\/wp\/v2\/product"}],"about":[{"href":"https:\/\/munster-records.com\/en\/wp-json\/wp\/v2\/types\/product"}],"wp:featuredmedia":[{"embeddable":true,"href":"https:\/\/munster-records.com\/en\/wp-json\/wp\/v2\/media\/22400"}],"wp:attachment":[{"href":"https:\/\/munster-records.com\/en\/wp-json\/wp\/v2\/media?parent=44460"}],"wp:term":[{"taxonomy":"product_brand","embeddable":true,"href":"https:\/\/munster-records.com\/en\/wp-json\/wp\/v2\/product_brand?post=44460"},{"taxonomy":"product_cat","embeddable":true,"href":"https:\/\/munster-records.com\/en\/wp-json\/wp\/v2\/product_cat?post=44460"},{"taxonomy":"product_tag","embeddable":true,"href":"https:\/\/munster-records.com\/en\/wp-json\/wp\/v2\/product_tag?post=44460"}],"curies":[{"name":"wp","href":"https:\/\/api.w.org\/{rel}","templated":true}]}}