{"id":44528,"date":"2016-11-05T08:06:36","date_gmt":"2020-11-05T09:20:58","guid":{"rendered":"https:\/\/munster.creando.net\/producto\/ilustrisimos\/"},"modified":"2021-02-23T11:51:58","modified_gmt":"2021-02-23T11:51:58","slug":"ilustrisimos","status":"publish","type":"product","link":"https:\/\/munster-records.com\/en\/producto\/ilustrisimos\/","title":{"rendered":"Ilustr\u00edsimos"},"content":{"rendered":"<p>Reissue of the fourth album by Los Bravos, the most international Spanish band from the 60s, known all over the world for their smash hit &#8216;Black Is Black&#8217;. Recorded in London in 1968 with arrangements by Jean Bouchety, it contains songs by Vanda-Young, Augusto Alguer\u00f3, Reed-Mason and Manolo D\u00edaz. The cover picture was taken by renowned photographer Alberto Schommer. In 1969, when &#8220;Ilustr\u00edsimos Bravos&#8221; is released, Spain&#8217;s most international band has just split. It&#8217;s a complex story, told in detail by Germ\u00e1n Alonso Moreno in his essential &#8220;Los Bravos: recuerdos de una leyenda&#8221; (AHE, 2004). Let&#8217;s recap: at the end of 1968, producer Alain Milhaud, responsible for Los Bravos&#8217; success, announces at the Caf\u00e9 Gij\u00f3n in Madrid that singer Mike Kennedy is leaving the band to work as a solo artist. At the same public event, a lawyer turns up to declare that the group also wants to part ways with Milhaud. It was a dramatic move that ended up in negotiations so that Los Bravos could keep the rights to the band&#8217;s name and continue with another vocalist: Englishman Anthony Anderson, brother of Jon Anderson, by then frontman of Yes. The reason for this conflict is the fear of a Mike-less Bravos to be ignored by Barclay-Espa\u00f1a, Alain Milhaud&#8217;s production company. It&#8217;s well known that the band members hardly participate in the recording sessions that take place in London, which are ruled by Milhaud&#8217;s efficiency ideal, which involves using studio musicians instead. Thus, at the start of Autumn 1968, when &#8220;Ilustr\u00edsimos Bravos&#8221; is recorded in London&#8217;s Lansdowne Studios, only Mike Kennedy, guitarist Tony Mart\u00ednez and (according to some magazines) organ player Jes\u00fas Gluck are present. The musical director is a friend of Milhaud&#8217;s, the great Jean Bouchety, responsible for many French pop tubes (hits) and a recording artist under his own name. Bouchety even recorded an orchestral version of &#8216;Great Is Our Love&#8217;, the song by Augusto Alguer\u00f3 included here. &#8220;Ilustr\u00edsimos Bravos&#8221; follows the pattern of the band&#8217;s records for the international market. It gathers pieces by the singer-songwriter Manolo D\u00edaz translated into English (except &#8216;Como Superman&#8217;, an outtake from the previous LP) with songs by established composers: Les Reed and Barry Manson have written hits for Tom Jones; Harry Vanda and George Young, from the Australian Easybeats, have penned the glorious &#8216;Bring A Little Lovin&#8221;; Kenny Young and Scott English are New York songwriters with a brilliant career\u2026 &#8216;Save Me, Save Me&#8217; is the single released in Europe, while &#8216;Dirty Street&#8217; is chosen for the United States. However, the songs from &#8220;Ilustr\u00edsimos Bravos&#8221; only have some commercial success in Spain: their sound has probably gone out of fashion by 1969. The dream of keeping the worldwide impact of &#8216;Black Is Black&#8217; vanishes. It will be more than six years before Mike Kennedy returns to front Los Bravos, and it won&#8217;t be a triumphant comeback. Diego A Manrique<\/p>\n","protected":false},"excerpt":{"rendered":"<p>1969 original artwork. Limited edition of 1000 copies. 180 g. vinyl.<\/p>\n","protected":false},"featured_media":22622,"template":"","meta":{"_acf_changed":false},"product_brand":[],"product_cat":[62,164,174],"product_tag":[],"class_list":{"0":"post-44528","1":"product","2":"type-product","3":"status-publish","4":"has-post-thumbnail","6":"product_cat-60s-en","7":"product_cat-beat-en","8":"product_cat-soul-en-2","9":"product_shipping_class-default","10":"pa_formato-lp-en","12":"first","13":"outofstock","14":"purchasable","15":"product-type-variable","16":"has-default-attributes"},"acf":[],"_links":{"self":[{"href":"https:\/\/munster-records.com\/en\/wp-json\/wp\/v2\/product\/44528","targetHints":{"allow":["GET"]}}],"collection":[{"href":"https:\/\/munster-records.com\/en\/wp-json\/wp\/v2\/product"}],"about":[{"href":"https:\/\/munster-records.com\/en\/wp-json\/wp\/v2\/types\/product"}],"wp:featuredmedia":[{"embeddable":true,"href":"https:\/\/munster-records.com\/en\/wp-json\/wp\/v2\/media\/22622"}],"wp:attachment":[{"href":"https:\/\/munster-records.com\/en\/wp-json\/wp\/v2\/media?parent=44528"}],"wp:term":[{"taxonomy":"product_brand","embeddable":true,"href":"https:\/\/munster-records.com\/en\/wp-json\/wp\/v2\/product_brand?post=44528"},{"taxonomy":"product_cat","embeddable":true,"href":"https:\/\/munster-records.com\/en\/wp-json\/wp\/v2\/product_cat?post=44528"},{"taxonomy":"product_tag","embeddable":true,"href":"https:\/\/munster-records.com\/en\/wp-json\/wp\/v2\/product_tag?post=44528"}],"curies":[{"name":"wp","href":"https:\/\/api.w.org\/{rel}","templated":true}]}}