{"id":44541,"date":"2018-01-05T08:06:36","date_gmt":"2018-01-05T08:06:36","guid":{"rendered":"https:\/\/munster.creando.net\/producto\/celofunk\/"},"modified":"2021-02-23T15:01:17","modified_gmt":"2021-02-23T15:01:17","slug":"celofunk","status":"publish","type":"product","link":"https:\/\/munster-records.com\/en\/producto\/celofunk\/","title":{"rendered":"Celofunk"},"content":{"rendered":"<p>\u00a1Funk en tu cara! Rotundos y grit\u00e1ndolo alto y claro desde el comienzo. Celofunk est\u00e1 compuesto por las hermanas Ruiz, Susana y Alicia en las voces, Jos\u00e9 A. Herranz (guitarra), Daniel Txarras (hammond y pianos), Santiago Sweetfingers Mart\u00edn (bajo), Javier G\u00f3mez (bater\u00eda), David Carrasco (saxos) y Santiago Ca\u00f1ada (tromb\u00f3n). Primero en el circuito de peque\u00f1os locales, donde realizaban versiones, y despu\u00e9s empezando a tomar forma, e incorporando repertorio propio, que poco a poco ha ido desbancando al material ajeno, para dar paso a sus propias composiciones, que tienen un pie puesto en los cl\u00e1sicos como base para desarrollar formas propias. &#8216;Celofunk&#8217; (el disco), es un acierto tanto a nivel compositivo como de producci\u00f3n. Sonando actual no renuncian a admitir referencias como Betty Davis, Lyn Collins, Bill Withers, Meters, Stevie Wonder o James Brown. Las voces de sus dos cantantes es otro de los factores diferenciadores, una caracter\u00edstica no muy habitual en grupos de Funk, y que multiplica la onda expansiva del grupo. Contagioso como un virus que te infecta y te eleva del suelo. Tus sentidos lo sentir\u00e1n y tu cuerpo lo gozar\u00e1. Celofunk tienen las ideas claras y no necesitan que nadie les gu\u00ede por el camino del Funk. Alguien dijo que la revoluci\u00f3n no ser\u00e1 televisada, con Celofunk la revoluci\u00f3n parte del coraz\u00f3n, y es radiada para todas las mentes y cuerpos que crean en la salvaci\u00f3n del Groove. Han llegado para redimirnos del aburrimiento y la monoton\u00eda. Estamos salvados!!!<\/p>\n<p>Miguel A. Sutil<br \/>\nEnlace Funk<\/p>\n","protected":false},"excerpt":{"rendered":"<p>\u00a1Funk en tu cara! Estos predicadores del Funk vienen dispuestos a chapar la boca de aquellos que dec\u00edan que no se pueden hacer sonidos groovies en Espa\u00f1a.<\/p>\n","protected":false},"featured_media":22653,"template":"","meta":{"_acf_changed":false},"product_brand":[],"product_cat":[216,253,254,67],"product_tag":[],"class_list":{"0":"post-44541","1":"product","2":"type-product","3":"status-publish","4":"has-post-thumbnail","6":"product_cat-90s-en","7":"product_cat-disco-boogie-en","8":"product_cat-funk-en","9":"product_cat-soul-en","10":"product_shipping_class-default","11":"pa_formato-cd-en","13":"first","14":"outofstock","15":"sale","16":"purchasable","17":"product-type-variable","18":"has-default-attributes"},"acf":[],"_links":{"self":[{"href":"https:\/\/munster-records.com\/en\/wp-json\/wp\/v2\/product\/44541","targetHints":{"allow":["GET"]}}],"collection":[{"href":"https:\/\/munster-records.com\/en\/wp-json\/wp\/v2\/product"}],"about":[{"href":"https:\/\/munster-records.com\/en\/wp-json\/wp\/v2\/types\/product"}],"wp:featuredmedia":[{"embeddable":true,"href":"https:\/\/munster-records.com\/en\/wp-json\/wp\/v2\/media\/22653"}],"wp:attachment":[{"href":"https:\/\/munster-records.com\/en\/wp-json\/wp\/v2\/media?parent=44541"}],"wp:term":[{"taxonomy":"product_brand","embeddable":true,"href":"https:\/\/munster-records.com\/en\/wp-json\/wp\/v2\/product_brand?post=44541"},{"taxonomy":"product_cat","embeddable":true,"href":"https:\/\/munster-records.com\/en\/wp-json\/wp\/v2\/product_cat?post=44541"},{"taxonomy":"product_tag","embeddable":true,"href":"https:\/\/munster-records.com\/en\/wp-json\/wp\/v2\/product_tag?post=44541"}],"curies":[{"name":"wp","href":"https:\/\/api.w.org\/{rel}","templated":true}]}}